{"id":975,"date":"2022-01-12T16:43:52","date_gmt":"2022-01-12T19:43:52","guid":{"rendered":"http:\/\/naddeos.com\/?post_type=product&#038;p=975"},"modified":"2024-10-31T15:46:58","modified_gmt":"2024-10-31T18:46:58","slug":"cono-liso","status":"publish","type":"product","link":"https:\/\/naddeos.com\/en\/producto\/cono-liso\/","title":{"rendered":"Cone Smooth"},"content":{"rendered":"<div><strong>Medidas disponibles<\/strong><br data-mce-fragment=\"1\" \/>55 cm Alto x 38 cm Di\u00e1metro<\/div>\n<div>78 cm Alto x 43 cm Di\u00e1metro<\/div>\n<div><span data-mce-fragment=\"1\">100 cm Alto x 50 cm Di\u00e1metro<\/span><span data-mce-fragment=\"1\"><\/p>\n<p><\/span><\/div>\n<p><br data-mce-fragment=\"1\" \/><strong data-mce-fragment=\"1\">Polietileno Rotomoldeado<\/strong><br data-mce-fragment=\"1\" \/><span data-mce-fragment=\"1\">El material con el cual trabajamos permite que las macetas puedan estar expuestas al calor del sol o la lluvia, al contar con protecci\u00f3n UV, no se decoloran, ni resecan. Al mismo tiempo, este material es muy ligero, una maceta pesa entre 0,5kg y 1,5kg depende el tama\u00f1o, permitiendo trasladarlas f\u00e1cilmente.<\/span><br data-mce-fragment=\"1\" \/><br data-mce-fragment=\"1\" \/><span data-mce-fragment=\"1\">Nuestra propuesta en macetas de Polietileno Rotomoldeado posee una gran variedad de colores disponibles y tienen terminaciones s\u00faper est\u00e9ticas, lo que hace que se luzcan en el interior y exterior de una casa, departamento u oficina.<\/span><\/p>","protected":false},"excerpt":{"rendered":"<p>Medidas disponibles55 cm Alto x 38 cm Di\u00e1metro 78 cm Alto x 43 cm Di\u00e1metro 100 cm Alto x 50 cm Di\u00e1metro Polietileno RotomoldeadoEl material con el cual trabajamos permite que las macetas puedan estar expuestas al calor del sol o la lluvia, al contar con protecci\u00f3n UV, no se decoloran, ni resecan. Al mismo &hellip;<\/p>\n<p class=\"read-more\"> <a class=\"\" href=\"https:\/\/naddeos.com\/en\/producto\/cono-liso\/\"> <span class=\"screen-reader-text\">Cone Smooth<\/span> Read More &raquo;<\/a><\/p>","protected":false},"featured_media":1242,"template":"","meta":{"site-sidebar-layout":"default","site-content-layout":"default","ast-main-header-display":"","ast-hfb-above-header-display":"","ast-hfb-below-header-display":"","ast-hfb-mobile-header-display":"","site-post-title":"","ast-breadcrumbs-content":"","ast-featured-img":"","footer-sml-layout":"","theme-transparent-header-meta":"default","adv-header-id-meta":"","stick-header-meta":"","header-above-stick-meta":"","header-main-stick-meta":"","header-below-stick-meta":""},"product_cat":[52,18],"product_tag":[],"class_list":["post-975","product","type-product","status-publish","has-post-thumbnail","hentry","product_cat-rotomoldeo","product_cat-macetas","product_shipping_class-logistica-naddeos"],"_links":{"self":[{"href":"https:\/\/naddeos.com\/en\/wp-json\/wp\/v2\/product\/975","targetHints":{"allow":["GET"]}}],"collection":[{"href":"https:\/\/naddeos.com\/en\/wp-json\/wp\/v2\/product"}],"about":[{"href":"https:\/\/naddeos.com\/en\/wp-json\/wp\/v2\/types\/product"}],"wp:featuredmedia":[{"embeddable":true,"href":"https:\/\/naddeos.com\/en\/wp-json\/wp\/v2\/media\/1242"}],"wp:attachment":[{"href":"https:\/\/naddeos.com\/en\/wp-json\/wp\/v2\/media?parent=975"}],"wp:term":[{"taxonomy":"product_cat","embeddable":true,"href":"https:\/\/naddeos.com\/en\/wp-json\/wp\/v2\/product_cat?post=975"},{"taxonomy":"product_tag","embeddable":true,"href":"https:\/\/naddeos.com\/en\/wp-json\/wp\/v2\/product_tag?post=975"}],"curies":[{"name":"wp","href":"https:\/\/api.w.org\/{rel}","templated":true}]}}