{"id":865,"date":"2022-01-12T13:17:27","date_gmt":"2022-01-12T16:17:27","guid":{"rendered":"http:\/\/naddeos.com\/?post_type=product&#038;p=865"},"modified":"2024-09-27T10:59:50","modified_gmt":"2024-09-27T13:59:50","slug":"cactus-espiralado-m","status":"publish","type":"product","link":"https:\/\/naddeos.com\/en\/producto\/cactus-espiralado-m\/","title":{"rendered":"Cactus Espiralado"},"content":{"rendered":"<p data-mce-fragment=\"1\"><strong data-mce-fragment=\"1\">Plant height<\/strong><br data-mce-fragment=\"1\" \/>M: 25\/35 cm<\/p>\n<p data-mce-fragment=\"1\">Exterior \/ Interior<br data-mce-fragment=\"1\" \/><br data-mce-fragment=\"1\" \/><br data-mce-fragment=\"1\" \/><strong data-mce-fragment=\"1\">Care and specifications:<\/strong><br data-mce-fragment=\"1\" \/>Cantidad de agua: Baja <br data-mce-fragment=\"1\" \/>Amount of sun: Medium \/ High<br data-mce-fragment=\"1\" \/>Altura estimada de crecimiento: 80 cm<br data-mce-fragment=\"1\" \/>Tierra: Sustrato Para Suculentas y Cactus<br data-mce-fragment=\"1\" \/>Add the preferred Fertilizer for Foliage<br data-mce-fragment=\"1\" \/><br data-mce-fragment=\"1\" \/><br data-mce-fragment=\"1\" \/><strong data-mce-fragment=\"1\">Maceta de Pl\u00e1stico Soplado<\/strong><\/p>\n<p data-mce-fragment=\"1\">Maceta de cultivo fabricada en pl\u00e1stico soplado, ideal para trasplantar a la nueva maceta o directo al jard\u00edn.<\/p>","protected":false},"excerpt":{"rendered":"<p>Altura de la planta:M: 25\/35 cm Exterior \/ InteriorCuidados y especificaciones:Cantidad de agua: Baja Cantidad de sol: Medio \/ AltoAltura estimada de crecimiento: 80 cmTierra: Sustrato Para Suculentas y CactusComplemento recomendado: Fertilizante de FollajeMaceta de Pl\u00e1stico Soplado Maceta de cultivo fabricada en pl\u00e1stico soplado, ideal para trasplantar a la nueva maceta o directo al jard\u00edn.<\/p>","protected":false},"featured_media":567,"template":"","meta":{"site-sidebar-layout":"default","site-content-layout":"default","ast-main-header-display":"","ast-hfb-above-header-display":"","ast-hfb-below-header-display":"","ast-hfb-mobile-header-display":"","site-post-title":"","ast-breadcrumbs-content":"","ast-featured-img":"","footer-sml-layout":"","theme-transparent-header-meta":"default","adv-header-id-meta":"","stick-header-meta":"","header-above-stick-meta":"","header-main-stick-meta":"","header-below-stick-meta":""},"product_cat":[38,48,47],"product_tag":[],"class_list":["post-865","product","type-product","status-publish","has-post-thumbnail","hentry","product_cat-solo-plantas","product_cat-plantas-de-exterior","product_cat-plantas-de-interior","product_shipping_class-logistica-naddeos"],"_links":{"self":[{"href":"https:\/\/naddeos.com\/en\/wp-json\/wp\/v2\/product\/865","targetHints":{"allow":["GET"]}}],"collection":[{"href":"https:\/\/naddeos.com\/en\/wp-json\/wp\/v2\/product"}],"about":[{"href":"https:\/\/naddeos.com\/en\/wp-json\/wp\/v2\/types\/product"}],"wp:featuredmedia":[{"embeddable":true,"href":"https:\/\/naddeos.com\/en\/wp-json\/wp\/v2\/media\/567"}],"wp:attachment":[{"href":"https:\/\/naddeos.com\/en\/wp-json\/wp\/v2\/media?parent=865"}],"wp:term":[{"taxonomy":"product_cat","embeddable":true,"href":"https:\/\/naddeos.com\/en\/wp-json\/wp\/v2\/product_cat?post=865"},{"taxonomy":"product_tag","embeddable":true,"href":"https:\/\/naddeos.com\/en\/wp-json\/wp\/v2\/product_tag?post=865"}],"curies":[{"name":"wp","href":"https:\/\/api.w.org\/{rel}","templated":true}]}}