{"id":781,"date":"2022-01-11T22:14:12","date_gmt":"2022-01-12T01:14:12","guid":{"rendered":"http:\/\/naddeos.com\/?post_type=product&#038;p=781"},"modified":"2024-10-03T14:44:31","modified_gmt":"2024-10-03T17:44:31","slug":"piedra-pometina-5-25-50-dm3","status":"publish","type":"product","link":"https:\/\/naddeos.com\/en\/producto\/piedra-pometina-5-25-50-dm3\/","title":{"rendered":"Piedra Pometina"},"content":{"rendered":"<p><b>Presentaci\u00f3n<\/b><br data-mce-fragment=\"1\" \/>5 &#8211; 10 &#8211; 25 dm3<br data-mce-fragment=\"1\" \/><br data-mce-fragment=\"1\" \/><br data-mce-fragment=\"1\" \/><b>La importancia del drenaje<\/b><br data-mce-fragment=\"1\" \/>A veces, al regar una planta, el agua puede quedar encharcada, en la superficie o en el fondo de la maceta. Esto es algo que suele ocurrir porque el sustrato no puede evacuar el agua sobrante. En estos casos, las ra\u00edces se asfixian en el agua estancada, por lo que pueden pudrirse. Para que esto no ocurra es importante facilitar el drenaje de la maceta colocando en el fondo una capa de piedra Pometina. La Pometina es una roca natural de origen volc\u00e1nico ultra liviana, es la roca natural m\u00e1s liviana que existe ! Colocando una capa de piedras Pometina en el fondo de tus macetas, adem\u00e1s de lograr que pesen menos al momento de trasladarlas, vas a poder asegurarle a tus plantas que est\u00e9n siempre frescas y sin exceso de agua.<br data-mce-fragment=\"1\" \/><br data-mce-fragment=\"1\" \/><br data-mce-fragment=\"1\" \/><b>Tus plantas drenan bien? <\/b><br data-mce-fragment=\"1\" \/>Asegurate que tus plantas siempre drenen bien, revisando si tienen drenaje en el fondo y si tienen el agujerito de la maceta correctamente realizado, ya que a veces los fabricantes no lo realizan bien!<\/p>","protected":false},"excerpt":{"rendered":"<p>Presentaci\u00f3n5 &#8211; 10 &#8211; 25 dm3La importancia del drenajeA veces, al regar una planta, el agua puede quedar encharcada, en la superficie o en el fondo de la maceta. Esto es algo que suele ocurrir porque el sustrato no puede evacuar el agua sobrante. En estos casos, las ra\u00edces se asfixian en el agua estancada, &hellip;<\/p>\n<p class=\"read-more\"> <a class=\"\" href=\"https:\/\/naddeos.com\/en\/producto\/piedra-pometina-5-25-50-dm3\/\"> <span class=\"screen-reader-text\">Piedra Pometina<\/span> Read More &raquo;<\/a><\/p>","protected":false},"featured_media":788,"template":"","meta":{"site-sidebar-layout":"default","site-content-layout":"default","ast-main-header-display":"","ast-hfb-above-header-display":"","ast-hfb-below-header-display":"","ast-hfb-mobile-header-display":"","site-post-title":"","ast-breadcrumbs-content":"","ast-featured-img":"","footer-sml-layout":"","theme-transparent-header-meta":"default","adv-header-id-meta":"","stick-header-meta":"","header-above-stick-meta":"","header-main-stick-meta":"","header-below-stick-meta":""},"product_cat":[21],"product_tag":[],"class_list":["post-781","product","type-product","status-publish","has-post-thumbnail","hentry","product_cat-sustratos","product_shipping_class-logistica-naddeos"],"_links":{"self":[{"href":"https:\/\/naddeos.com\/en\/wp-json\/wp\/v2\/product\/781","targetHints":{"allow":["GET"]}}],"collection":[{"href":"https:\/\/naddeos.com\/en\/wp-json\/wp\/v2\/product"}],"about":[{"href":"https:\/\/naddeos.com\/en\/wp-json\/wp\/v2\/types\/product"}],"wp:featuredmedia":[{"embeddable":true,"href":"https:\/\/naddeos.com\/en\/wp-json\/wp\/v2\/media\/788"}],"wp:attachment":[{"href":"https:\/\/naddeos.com\/en\/wp-json\/wp\/v2\/media?parent=781"}],"wp:term":[{"taxonomy":"product_cat","embeddable":true,"href":"https:\/\/naddeos.com\/en\/wp-json\/wp\/v2\/product_cat?post=781"},{"taxonomy":"product_tag","embeddable":true,"href":"https:\/\/naddeos.com\/en\/wp-json\/wp\/v2\/product_tag?post=781"}],"curies":[{"name":"wp","href":"https:\/\/api.w.org\/{rel}","templated":true}]}}