{"id":772,"date":"2022-01-11T22:14:11","date_gmt":"2022-01-12T01:14:11","guid":{"rendered":"http:\/\/naddeos.com\/?post_type=product&#038;p=772"},"modified":"2024-10-03T14:47:00","modified_gmt":"2024-10-03T17:47:00","slug":"sustrato-turba-3-5-10-25-dm3","status":"publish","type":"product","link":"https:\/\/naddeos.com\/en\/producto\/sustrato-turba-3-5-10-25-dm3\/","title":{"rendered":"Substrate Peat 3 5 10 25 dm3"},"content":{"rendered":"<p><strong>Presentaci\u00f3n:<\/strong><br data-mce-fragment=\"1\" \/>3 &#8211; 5 &#8211; 10 &#8211; 25 dm3<br data-mce-fragment=\"1\" \/><br data-mce-fragment=\"1\" \/><br data-mce-fragment=\"1\" \/><b>Org\u00e1nico<\/b><br data-mce-fragment=\"1\" \/>La turba es uno de los materiales m\u00e1s usados como sustrato tanto en jardiner\u00eda como en agricultura,<span data-mce-fragment=\"1\"> es un material org\u00e1nico constituido por elementos procedentes de la descomposici\u00f3n de vegetales, lo que hace que sea s\u00faper liviano y retenga bien la humedad. Es de pH alto, entre 7,5 y 8, lo que hace que a pesar de que no tiene casi ning\u00fan nutriente, si se complementa con otro abono c\u00f3mo por ejemplo Humus de Lombris, sea id\u00f3nea para cultivar pr\u00e1cticamente todo tipo de plantas: hort\u00edcolas, flores, \u00e1rboles, etc<\/span><br data-mce-fragment=\"1\" \/><br data-mce-fragment=\"1\" \/><br data-mce-fragment=\"1\" \/><b>La mezcla ideal<\/b><br data-mce-fragment=\"1\" \/>Sab\u00edas que cada planta precisa un suelo con caracter\u00edsticas distintas? Combina la Turba con otros distintos sustratos para conseguir el ambiente perfecto para tus plantas.<\/p>","protected":false},"excerpt":{"rendered":"<p>Presentaci\u00f3n:3 &#8211; 5 &#8211; 10 &#8211; 25 dm3Org\u00e1nicoLa turba es uno de los materiales m\u00e1s usados como sustrato tanto en jardiner\u00eda como en agricultura, es un material org\u00e1nico constituido por elementos procedentes de la descomposici\u00f3n de vegetales, lo que hace que sea s\u00faper liviano y retenga bien la humedad. Es de pH alto, entre 7,5 &hellip;<\/p>\n<p class=\"read-more\"> <a class=\"\" href=\"https:\/\/naddeos.com\/en\/producto\/sustrato-turba-3-5-10-25-dm3\/\"> <span class=\"screen-reader-text\">Substrate Peat 3 5 10 25 dm3<\/span> Read More &raquo;<\/a><\/p>","protected":false},"featured_media":792,"template":"","meta":{"site-sidebar-layout":"default","site-content-layout":"default","ast-main-header-display":"","ast-hfb-above-header-display":"","ast-hfb-below-header-display":"","ast-hfb-mobile-header-display":"","site-post-title":"","ast-breadcrumbs-content":"","ast-featured-img":"","footer-sml-layout":"","theme-transparent-header-meta":"default","adv-header-id-meta":"","stick-header-meta":"","header-above-stick-meta":"","header-main-stick-meta":"","header-below-stick-meta":""},"product_cat":[21],"product_tag":[],"class_list":["post-772","product","type-product","status-publish","has-post-thumbnail","hentry","product_cat-sustratos","product_shipping_class-logistica-naddeos"],"_links":{"self":[{"href":"https:\/\/naddeos.com\/en\/wp-json\/wp\/v2\/product\/772","targetHints":{"allow":["GET"]}}],"collection":[{"href":"https:\/\/naddeos.com\/en\/wp-json\/wp\/v2\/product"}],"about":[{"href":"https:\/\/naddeos.com\/en\/wp-json\/wp\/v2\/types\/product"}],"wp:featuredmedia":[{"embeddable":true,"href":"https:\/\/naddeos.com\/en\/wp-json\/wp\/v2\/media\/792"}],"wp:attachment":[{"href":"https:\/\/naddeos.com\/en\/wp-json\/wp\/v2\/media?parent=772"}],"wp:term":[{"taxonomy":"product_cat","embeddable":true,"href":"https:\/\/naddeos.com\/en\/wp-json\/wp\/v2\/product_cat?post=772"},{"taxonomy":"product_tag","embeddable":true,"href":"https:\/\/naddeos.com\/en\/wp-json\/wp\/v2\/product_tag?post=772"}],"curies":[{"name":"wp","href":"https:\/\/api.w.org\/{rel}","templated":true}]}}