{"id":768,"date":"2022-01-11T22:14:10","date_gmt":"2022-01-12T01:14:10","guid":{"rendered":"http:\/\/naddeos.com\/?post_type=product&#038;p=768"},"modified":"2024-10-03T14:48:26","modified_gmt":"2024-10-03T17:48:26","slug":"perlita-expandida-3-25-125-dm3","status":"publish","type":"product","link":"https:\/\/naddeos.com\/en\/producto\/perlita-expandida-3-25-125-dm3\/","title":{"rendered":"Perlite Expanded 3 25 125 dm3"},"content":{"rendered":"<p><strong>Presentaci\u00f3n:<\/strong><\/p>\n<p>2 &#8211; 5dm3<br data-mce-fragment=\"1\" \/><br data-mce-fragment=\"1\" \/><b>Qu\u00e9 t\u00fa sustrato sea m\u00e1s liviano<\/b><\/p>\n<p>La perlita <span data-mce-fragment=\"1\">facilita el drenaje y mantiene las plantas frescas en \u00e9pocas de calor, al ser<\/span> un material, ligero, hace que el sustrato sea menos denso y las ra\u00edces de tus plantas se expandan con mayor facilidad. Adem\u00e1s, tiene un pH neutro e inerte, por lo que no reacciona con ning\u00fan elemento del suelo ni altera su equilibrio. La perlita no transporta plagas ni enfermedades de ning\u00fan tipo, por lo que es un elemento de f\u00e1cil acceso y grandes ventajas en su uso.<\/p>\n<p><br data-mce-fragment=\"1\" \/><b>Vas a trasplantar?<\/b><\/p>\n<p>Sab\u00edas que el momento del trasplante es cuando m\u00e1s sufre la planta? Si ya tenes una planta que creci\u00f3 mucho y la vas a mudar maceta, considerar sumar al sustrato Perlita Expandida es muy aconsejable para ayudar al nuevo proceso de enraizamiento dentro del nuevo suelo!<\/p>","protected":false},"excerpt":{"rendered":"<p>Presentaci\u00f3n: 2 &#8211; 5dm3Qu\u00e9 t\u00fa sustrato sea m\u00e1s liviano La perlita facilita el drenaje y mantiene las plantas frescas en \u00e9pocas de calor, al ser un material, ligero, hace que el sustrato sea menos denso y las ra\u00edces de tus plantas se expandan con mayor facilidad. Adem\u00e1s, tiene un pH neutro e inerte, por lo &hellip;<\/p>\n<p class=\"read-more\"> <a class=\"\" href=\"https:\/\/naddeos.com\/en\/producto\/perlita-expandida-3-25-125-dm3\/\"> <span class=\"screen-reader-text\">Perlite Expanded 3 25 125 dm3<\/span> Read More &raquo;<\/a><\/p>","protected":false},"featured_media":790,"template":"","meta":{"site-sidebar-layout":"default","site-content-layout":"default","ast-main-header-display":"","ast-hfb-above-header-display":"","ast-hfb-below-header-display":"","ast-hfb-mobile-header-display":"","site-post-title":"","ast-breadcrumbs-content":"","ast-featured-img":"","footer-sml-layout":"","theme-transparent-header-meta":"default","adv-header-id-meta":"","stick-header-meta":"","header-above-stick-meta":"","header-main-stick-meta":"","header-below-stick-meta":""},"product_cat":[21],"product_tag":[],"class_list":["post-768","product","type-product","status-publish","has-post-thumbnail","hentry","product_cat-sustratos","product_shipping_class-logistica-naddeos"],"_links":{"self":[{"href":"https:\/\/naddeos.com\/en\/wp-json\/wp\/v2\/product\/768","targetHints":{"allow":["GET"]}}],"collection":[{"href":"https:\/\/naddeos.com\/en\/wp-json\/wp\/v2\/product"}],"about":[{"href":"https:\/\/naddeos.com\/en\/wp-json\/wp\/v2\/types\/product"}],"wp:featuredmedia":[{"embeddable":true,"href":"https:\/\/naddeos.com\/en\/wp-json\/wp\/v2\/media\/790"}],"wp:attachment":[{"href":"https:\/\/naddeos.com\/en\/wp-json\/wp\/v2\/media?parent=768"}],"wp:term":[{"taxonomy":"product_cat","embeddable":true,"href":"https:\/\/naddeos.com\/en\/wp-json\/wp\/v2\/product_cat?post=768"},{"taxonomy":"product_tag","embeddable":true,"href":"https:\/\/naddeos.com\/en\/wp-json\/wp\/v2\/product_tag?post=768"}],"curies":[{"name":"wp","href":"https:\/\/api.w.org\/{rel}","templated":true}]}}