{"id":765,"date":"2022-01-11T22:14:10","date_gmt":"2022-01-12T01:14:10","guid":{"rendered":"http:\/\/naddeos.com\/?post_type=product&#038;p=765"},"modified":"2024-10-03T14:47:56","modified_gmt":"2024-10-03T17:47:56","slug":"humus-de-lombriz-5-25-dm3","status":"publish","type":"product","link":"https:\/\/naddeos.com\/en\/producto\/humus-de-lombriz-5-25-dm3\/","title":{"rendered":"Worm castings 5 \u2013 25 dm3"},"content":{"rendered":"<p><strong>Presentaci\u00f3n:<\/strong><\/p>\n<p>5 &#8211; 25 dm3<br data-mce-fragment=\"1\" \/><br data-mce-fragment=\"1\" \/><strong>Abono Org\u00e1nico<\/strong><\/p>\n<p><span data-mce-fragment=\"1\">El humus de lombriz es un producto natural, utilizado como abono org\u00e1nico para todo tipo de cultivos, tanto en intensivo como extensivo, se utiliza como sustrato y fertilizante en jardines y huertos urbano. Es rico en flora microbiana, contiene nitr\u00f3geno, f\u00f3sforo y potasio. <\/span><span data-mce-fragment=\"1\">El <\/span><b data-mce-fragment=\"1\">humus de lombriz<\/b><span data-mce-fragment=\"1\"> es de f\u00e1cil asimilaci\u00f3n para las <\/span><b data-mce-fragment=\"1\">plantas<\/b><span data-mce-fragment=\"1\">, y tiene \u00e1cidos h\u00famicos f\u00falvicos, que estimulan el enraizamiento de un modo 100% ecol\u00f3gico de cualquier tipo de <\/span><b data-mce-fragment=\"1\">plant<\/b><span data-mce-fragment=\"1\">.<\/span><\/p>\n<p><br data-mce-fragment=\"1\" \/><b>Vas a trasplantar?<\/b><\/p>\n<p>Sab\u00edas que el momento del trasplante es cuando m\u00e1s sufre la planta? Si ya tenes una planta que creci\u00f3 mucho y la vas a mudar maceta, considerar sumar al sustrato Humus de Lombriz es una idea genial, no s\u00f3lo va a ayudar a largo plazo al crecimiento de la planta, sino que va a hacer que sufra menos el proceso del trasplante. Hace la prueba y contanos c\u00f3mo te fue!<\/p>","protected":false},"excerpt":{"rendered":"<p>Presentaci\u00f3n: 5 &#8211; 25 dm3Abono Org\u00e1nico El humus de lombriz es un producto natural, utilizado como abono org\u00e1nico para todo tipo de cultivos, tanto en intensivo como extensivo, se utiliza como sustrato y fertilizante en jardines y huertos urbano. Es rico en flora microbiana, contiene nitr\u00f3geno, f\u00f3sforo y potasio. El humus de lombriz es de &hellip;<\/p>\n<p class=\"read-more\"> <a class=\"\" href=\"https:\/\/naddeos.com\/en\/producto\/humus-de-lombriz-5-25-dm3\/\"> <span class=\"screen-reader-text\">Worm castings 5 \u2013 25 dm3<\/span> Read More &raquo;<\/a><\/p>","protected":false},"featured_media":789,"template":"","meta":{"site-sidebar-layout":"default","site-content-layout":"default","ast-main-header-display":"","ast-hfb-above-header-display":"","ast-hfb-below-header-display":"","ast-hfb-mobile-header-display":"","site-post-title":"","ast-breadcrumbs-content":"","ast-featured-img":"","footer-sml-layout":"","theme-transparent-header-meta":"default","adv-header-id-meta":"","stick-header-meta":"","header-above-stick-meta":"","header-main-stick-meta":"","header-below-stick-meta":""},"product_cat":[21],"product_tag":[],"class_list":["post-765","product","type-product","status-publish","has-post-thumbnail","hentry","product_cat-sustratos","product_shipping_class-logistica-naddeos"],"_links":{"self":[{"href":"https:\/\/naddeos.com\/en\/wp-json\/wp\/v2\/product\/765","targetHints":{"allow":["GET"]}}],"collection":[{"href":"https:\/\/naddeos.com\/en\/wp-json\/wp\/v2\/product"}],"about":[{"href":"https:\/\/naddeos.com\/en\/wp-json\/wp\/v2\/types\/product"}],"wp:featuredmedia":[{"embeddable":true,"href":"https:\/\/naddeos.com\/en\/wp-json\/wp\/v2\/media\/789"}],"wp:attachment":[{"href":"https:\/\/naddeos.com\/en\/wp-json\/wp\/v2\/media?parent=765"}],"wp:term":[{"taxonomy":"product_cat","embeddable":true,"href":"https:\/\/naddeos.com\/en\/wp-json\/wp\/v2\/product_cat?post=765"},{"taxonomy":"product_tag","embeddable":true,"href":"https:\/\/naddeos.com\/en\/wp-json\/wp\/v2\/product_tag?post=765"}],"curies":[{"name":"wp","href":"https:\/\/api.w.org\/{rel}","templated":true}]}}