{"id":761,"date":"2022-01-11T22:14:09","date_gmt":"2022-01-12T01:14:09","guid":{"rendered":"http:\/\/naddeos.com\/?post_type=product&#038;p=761"},"modified":"2024-10-03T14:49:36","modified_gmt":"2024-10-03T17:49:36","slug":"chips-corteza-de-pino-5-25-60-dm3","status":"publish","type":"product","link":"https:\/\/naddeos.com\/en\/producto\/chips-corteza-de-pino-5-25-60-dm3\/","title":{"rendered":"Chips, Pine Bark 5 \u2013 25 \u2013 60 dm3"},"content":{"rendered":"<p><b>Presentaci\u00f3n:<\/b><br data-mce-fragment=\"1\" \/>5 &#8211; 25 &#8211; 60 dm3<br data-mce-fragment=\"1\" \/><br data-mce-fragment=\"1\" \/><strong>Cuidando los detalles<\/strong><br data-mce-fragment=\"1\" \/>Si los peque\u00f1os detalles hacen las grandes diferencias, en nuestras plantas de interior no puede faltar una capa de corteza de pino cubriendo el sustrato. Est\u00e9ticamente hablando una planta con el sustrato a la vista cambia totalmente cuando se le coloca corteza de pino, siendo el cambio a\u00fan m\u00e1s notorio en las plantas de follaje alto. Adem\u00e1s, ayuda a mantener la humedad en las \u00e9pocas m\u00e1s calurosas y evita el crecimiento de yuyos o plantas invasivas. <br data-mce-fragment=\"1\" \/><br data-mce-fragment=\"1\" \/><b>Usas corteza de pino en tus macetas? <\/b><br data-mce-fragment=\"1\" \/>Animate a probar y vas a ver el resultado!<\/p>","protected":false},"excerpt":{"rendered":"<p>Presentaci\u00f3n:5 &#8211; 25 &#8211; 60 dm3Cuidando los detallesSi los peque\u00f1os detalles hacen las grandes diferencias, en nuestras plantas de interior no puede faltar una capa de corteza de pino cubriendo el sustrato. Est\u00e9ticamente hablando una planta con el sustrato a la vista cambia totalmente cuando se le coloca corteza de pino, siendo el cambio a\u00fan &hellip;<\/p>\n<p class=\"read-more\"> <a class=\"\" href=\"https:\/\/naddeos.com\/en\/producto\/chips-corteza-de-pino-5-25-60-dm3\/\"> <span class=\"screen-reader-text\">Chips, Pine Bark 5 \u2013 25 \u2013 60 dm3<\/span> Read More &raquo;<\/a><\/p>","protected":false},"featured_media":787,"template":"","meta":{"site-sidebar-layout":"default","site-content-layout":"default","ast-main-header-display":"","ast-hfb-above-header-display":"","ast-hfb-below-header-display":"","ast-hfb-mobile-header-display":"","site-post-title":"","ast-breadcrumbs-content":"","ast-featured-img":"","footer-sml-layout":"","theme-transparent-header-meta":"default","adv-header-id-meta":"","stick-header-meta":"","header-above-stick-meta":"","header-main-stick-meta":"","header-below-stick-meta":""},"product_cat":[21],"product_tag":[],"class_list":["post-761","product","type-product","status-publish","has-post-thumbnail","hentry","product_cat-sustratos","product_shipping_class-logistica-naddeos"],"_links":{"self":[{"href":"https:\/\/naddeos.com\/en\/wp-json\/wp\/v2\/product\/761","targetHints":{"allow":["GET"]}}],"collection":[{"href":"https:\/\/naddeos.com\/en\/wp-json\/wp\/v2\/product"}],"about":[{"href":"https:\/\/naddeos.com\/en\/wp-json\/wp\/v2\/types\/product"}],"wp:featuredmedia":[{"embeddable":true,"href":"https:\/\/naddeos.com\/en\/wp-json\/wp\/v2\/media\/787"}],"wp:attachment":[{"href":"https:\/\/naddeos.com\/en\/wp-json\/wp\/v2\/media?parent=761"}],"wp:term":[{"taxonomy":"product_cat","embeddable":true,"href":"https:\/\/naddeos.com\/en\/wp-json\/wp\/v2\/product_cat?post=761"},{"taxonomy":"product_tag","embeddable":true,"href":"https:\/\/naddeos.com\/en\/wp-json\/wp\/v2\/product_tag?post=761"}],"curies":[{"name":"wp","href":"https:\/\/api.w.org\/{rel}","templated":true}]}}