{"id":6801,"date":"2022-03-04T10:36:00","date_gmt":"2022-03-04T13:36:00","guid":{"rendered":"https:\/\/naddeos.com\/?post_type=product&#038;p=6801"},"modified":"2024-09-27T11:00:19","modified_gmt":"2024-09-27T14:00:19","slug":"hortensia-m","status":"publish","type":"product","link":"https:\/\/naddeos.com\/en\/producto\/hortensia-m\/","title":{"rendered":"Hortensia"},"content":{"rendered":"<p><strong>Care and specifications:<\/strong><\/p>\n<p>Amount of water: Medium<\/p>\n<p>Cantidad de sol: Medio<\/p>\n<p>Altura estimada de crecimiento: 200 cm<\/p>\n<p>Earth: Substrate Professional Naddeos<\/p>\n<p>Complemento recomendado: Fertilizante de Floraci\u00f3n<\/p>\n<p><strong>Maceta de Pl\u00e1stico Soplado<\/strong><\/p>\n<p>Maceta de cultivo fabricada en pl\u00e1stico soplado, ideal para trasplantar a la nueva maceta o directo al jard\u00edn.<\/p>","protected":false},"excerpt":{"rendered":"<p>Cuidados y especificaciones: Cantidad de agua: Media Cantidad de sol: Medio Altura estimada de crecimiento: 200 cm Tierra: Sustrato Profesional Naddeos Complemento recomendado: Fertilizante de Floraci\u00f3n Maceta de Pl\u00e1stico Soplado Maceta de cultivo fabricada en pl\u00e1stico soplado, ideal para trasplantar a la nueva maceta o directo al jard\u00edn.<\/p>","protected":false},"featured_media":605,"template":"","meta":{"site-sidebar-layout":"","site-content-layout":"","ast-main-header-display":"","ast-hfb-above-header-display":"","ast-hfb-below-header-display":"","ast-hfb-mobile-header-display":"","site-post-title":"","ast-breadcrumbs-content":"","ast-featured-img":"","footer-sml-layout":"","theme-transparent-header-meta":"","adv-header-id-meta":"","stick-header-meta":"","header-above-stick-meta":"","header-main-stick-meta":"","header-below-stick-meta":""},"product_cat":[48],"product_tag":[39,40],"class_list":["post-6801","product","type-product","status-publish","has-post-thumbnail","hentry","product_cat-plantas-de-exterior","product_tag-plantas-de-exterior","product_tag-tamano-s","product_shipping_class-logistica-naddeos"],"_links":{"self":[{"href":"https:\/\/naddeos.com\/en\/wp-json\/wp\/v2\/product\/6801","targetHints":{"allow":["GET"]}}],"collection":[{"href":"https:\/\/naddeos.com\/en\/wp-json\/wp\/v2\/product"}],"about":[{"href":"https:\/\/naddeos.com\/en\/wp-json\/wp\/v2\/types\/product"}],"wp:featuredmedia":[{"embeddable":true,"href":"https:\/\/naddeos.com\/en\/wp-json\/wp\/v2\/media\/605"}],"wp:attachment":[{"href":"https:\/\/naddeos.com\/en\/wp-json\/wp\/v2\/media?parent=6801"}],"wp:term":[{"taxonomy":"product_cat","embeddable":true,"href":"https:\/\/naddeos.com\/en\/wp-json\/wp\/v2\/product_cat?post=6801"},{"taxonomy":"product_tag","embeddable":true,"href":"https:\/\/naddeos.com\/en\/wp-json\/wp\/v2\/product_tag?post=6801"}],"curies":[{"name":"wp","href":"https:\/\/api.w.org\/{rel}","templated":true}]}}