{"id":508,"date":"2022-01-08T20:24:26","date_gmt":"2022-01-08T23:24:26","guid":{"rendered":"http:\/\/naddeos.com\/?post_type=product&#038;p=508"},"modified":"2024-09-27T10:59:39","modified_gmt":"2024-09-27T13:59:39","slug":"buxus-bocha","status":"publish","type":"product","link":"https:\/\/naddeos.com\/en\/producto\/buxus-bocha\/","title":{"rendered":"Buxus Ball"},"content":{"rendered":"<p><a href=\"https:\/\/naddeos.com\/en\/?s=zamioculca&amp;post_type=product&amp;dgwt_wcas=1\"><img loading=\"lazy\" decoding=\"async\" class=\"alignnone wp-image-16721 aligncenter\" src=\"https:\/\/naddeos.com\/wp-content\/uploads\/2023\/01\/boton-ver-opciones-con-maceta-4-300x64.png\" alt=\"\" width=\"366\" height=\"78\" srcset=\"https:\/\/naddeos.com\/wp-content\/uploads\/2023\/01\/boton-ver-opciones-con-maceta-4-300x64.png 300w, https:\/\/naddeos.com\/wp-content\/uploads\/2023\/01\/boton-ver-opciones-con-maceta-4-1024x217.png 1024w, https:\/\/naddeos.com\/wp-content\/uploads\/2023\/01\/boton-ver-opciones-con-maceta-4-768x163.png 768w, https:\/\/naddeos.com\/wp-content\/uploads\/2023\/01\/boton-ver-opciones-con-maceta-4-600x127.png 600w, https:\/\/naddeos.com\/wp-content\/uploads\/2023\/01\/boton-ver-opciones-con-maceta-4-64x14.png 64w, https:\/\/naddeos.com\/wp-content\/uploads\/2023\/01\/boton-ver-opciones-con-maceta-4.png 1070w\" sizes=\"auto, (max-width: 366px) 100vw, 366px\" \/><\/a><\/p>\n<p style=\"text-align: center;\"><a href=\"https:\/\/naddeos.com\/wp-content\/uploads\/2023\/01\/Exterior-Facil.png\"><img loading=\"lazy\" decoding=\"async\" class=\"alignnone size-medium wp-image-16983\" src=\"https:\/\/naddeos.com\/wp-content\/uploads\/2023\/01\/Exterior-Facil-300x250.png\" alt=\"\" width=\"300\" height=\"250\" srcset=\"https:\/\/naddeos.com\/wp-content\/uploads\/2023\/01\/Exterior-Facil-300x250.png 300w, https:\/\/naddeos.com\/wp-content\/uploads\/2023\/01\/Exterior-Facil-1024x853.png 1024w, https:\/\/naddeos.com\/wp-content\/uploads\/2023\/01\/Exterior-Facil-768x640.png 768w, https:\/\/naddeos.com\/wp-content\/uploads\/2023\/01\/Exterior-Facil-600x500.png 600w, https:\/\/naddeos.com\/wp-content\/uploads\/2023\/01\/Exterior-Facil-64x53.png 64w, https:\/\/naddeos.com\/wp-content\/uploads\/2023\/01\/Exterior-Facil.png 1080w\" sizes=\"auto, (max-width: 300px) 100vw, 300px\" \/><\/a><\/p>\n<h1 style=\"text-align: center;\">B u x u s b o c h a<\/h1>\n<p style=\"text-align: center;\">Los Buxus son quiz\u00e1s de las plantas m\u00e1s conocidas! Si somos habilidosos con las manos podemos hacer la gran Joven Manos de Tijera y darle formas a estos arbustos de forma muy f\u00e1cil y divertida, se adaptan tanto a sombra c\u00f3mo a pleno sol y son de los m\u00e1s resistentes que hay, necesitan tambi\u00e9n poca agua, aunque si le da sol todo el d\u00eda lo recomendable es mantener la tierra h\u00fameda!<\/p>\n<p style=\"text-align: center;\"><a href=\"https:\/\/naddeos.com\/wp-content\/uploads\/2022\/11\/envio-y-pagos.png\"><img loading=\"lazy\" decoding=\"async\" class=\"wp-image-16595 aligncenter\" src=\"https:\/\/naddeos.com\/wp-content\/uploads\/2022\/11\/envio-y-pagos-300x84.png\" alt=\"\" width=\"393\" height=\"110\" srcset=\"https:\/\/naddeos.com\/wp-content\/uploads\/2022\/11\/envio-y-pagos-300x84.png 300w, https:\/\/naddeos.com\/wp-content\/uploads\/2022\/11\/envio-y-pagos-600x169.png 600w, https:\/\/naddeos.com\/wp-content\/uploads\/2022\/11\/envio-y-pagos-64x18.png 64w, https:\/\/naddeos.com\/wp-content\/uploads\/2022\/11\/envio-y-pagos-1024x288.png 1024w, https:\/\/naddeos.com\/wp-content\/uploads\/2022\/11\/envio-y-pagos-768x216.png 768w, https:\/\/naddeos.com\/wp-content\/uploads\/2022\/11\/envio-y-pagos.png 1068w\" sizes=\"auto, (max-width: 393px) 100vw, 393px\" \/><\/a><\/p>\n<p style=\"text-align: center;\">Seguinos en Instagram para ver todas nuestras novedades!<\/p>\n<p style=\"text-align: center;\"><a href=\"https:\/\/www.instagram.com\/viveronaddeos\/\"><img loading=\"lazy\" decoding=\"async\" class=\"alignnone wp-image-16322\" src=\"https:\/\/naddeos.com\/wp-content\/uploads\/2022\/10\/Instagram_icon-icons.com_66804.png\" alt=\"\" width=\"77\" height=\"77\" srcset=\"https:\/\/naddeos.com\/wp-content\/uploads\/2022\/10\/Instagram_icon-icons.com_66804.png 128w, https:\/\/naddeos.com\/wp-content\/uploads\/2022\/10\/Instagram_icon-icons.com_66804-100x100.png 100w, https:\/\/naddeos.com\/wp-content\/uploads\/2022\/10\/Instagram_icon-icons.com_66804-64x64.png 64w, https:\/\/naddeos.com\/wp-content\/uploads\/2022\/10\/Instagram_icon-icons.com_66804-50x50.png 50w\" sizes=\"auto, (max-width: 77px) 100vw, 77px\" \/><\/a><\/p>\n<p style=\"text-align: center;\">@ViveroNaddeos<\/p>","protected":false},"excerpt":{"rendered":"<p>B u x u s b o c h a Los Buxus son quiz\u00e1s de las plantas m\u00e1s conocidas! Si somos habilidosos con las manos podemos hacer la gran Joven Manos de Tijera y darle formas a estos arbustos de forma muy f\u00e1cil y divertida, se adaptan tanto a sombra c\u00f3mo a pleno sol y &hellip;<\/p>\n<p class=\"read-more\"> <a class=\"\" href=\"https:\/\/naddeos.com\/en\/producto\/buxus-bocha\/\"> <span class=\"screen-reader-text\">Buxus Ball<\/span> Read More &raquo;<\/a><\/p>","protected":false},"featured_media":17033,"template":"","meta":{"om_disable_all_campaigns":false,"site-sidebar-layout":"default","site-content-layout":"default","ast-main-header-display":"","ast-hfb-above-header-display":"","ast-hfb-below-header-display":"","ast-hfb-mobile-header-display":"","site-post-title":"","ast-breadcrumbs-content":"","ast-featured-img":"","footer-sml-layout":"","theme-transparent-header-meta":"default","adv-header-id-meta":"","stick-header-meta":"","header-above-stick-meta":"","header-main-stick-meta":"","header-below-stick-meta":""},"product_cat":[38,48],"product_tag":[39,42,45,43,44],"class_list":["post-508","product","type-product","status-publish","has-post-thumbnail","hentry","product_cat-solo-plantas","product_cat-plantas-de-exterior","product_tag-plantas-de-exterior","product_tag-tamano-l","product_tag-tamano-m","product_tag-tamano-xl","product_tag-tamano-xxl","product_shipping_class-logistica-naddeos"],"yoast_head":"<!-- This site is optimized with the Yoast SEO plugin v19.7.1 - https:\/\/yoast.com\/wordpress\/plugins\/seo\/ -->\n<title>Buxus Bocha - Naddeos<\/title>\n<meta name=\"robots\" content=\"index, follow, max-snippet:-1, max-image-preview:large, max-video-preview:-1\" \/>\n<link rel=\"canonical\" href=\"https:\/\/naddeos.com\/en\/producto\/buxus-bocha\/\" \/>\n<meta property=\"og:locale\" content=\"en_US\" \/>\n<meta property=\"og:type\" content=\"article\" \/>\n<meta property=\"og:title\" content=\"Buxus Bocha - Naddeos\" \/>\n<meta property=\"og:description\" content=\"B u x u s b o c h a Los Buxus son quiz\u00e1s de las plantas m\u00e1s conocidas! Si somos habilidosos con las manos podemos hacer la gran Joven Manos de Tijera y darle formas a estos arbustos de forma muy f\u00e1cil y divertida, se adaptan tanto a sombra c\u00f3mo a pleno sol y &hellip; Buxus Bocha Read More &raquo;\" \/>\n<meta property=\"og:url\" content=\"https:\/\/naddeos.com\/en\/producto\/buxus-bocha\/\" \/>\n<meta property=\"og:site_name\" content=\"Naddeos\" \/>\n<meta property=\"article:publisher\" content=\"https:\/\/www.facebook.com\/naddeos\" \/>\n<meta property=\"article:modified_time\" content=\"2024-09-27T13:59:39+00:00\" \/>\n<meta property=\"og:image\" content=\"https:\/\/naddeos.com\/wp-content\/uploads\/2023\/01\/buxus-bocha-3-819x1024.png\" \/>\n\t<meta property=\"og:image:width\" content=\"819\" \/>\n\t<meta property=\"og:image:height\" content=\"1024\" \/>\n\t<meta property=\"og:image:type\" content=\"image\/png\" \/>\n<meta name=\"twitter:card\" content=\"summary_large_image\" \/>\n<meta name=\"twitter:label1\" content=\"Est. reading time\" \/>\n\t<meta name=\"twitter:data1\" content=\"2 minutes\" \/>\n<script type=\"application\/ld+json\" class=\"yoast-schema-graph\">{\"@context\":\"https:\/\/schema.org\",\"@graph\":[{\"@type\":\"WebPage\",\"@id\":\"https:\/\/naddeos.com\/producto\/buxus-bocha\/\",\"url\":\"https:\/\/naddeos.com\/producto\/buxus-bocha\/\",\"name\":\"Buxus Bocha - Naddeos\",\"isPartOf\":{\"@id\":\"https:\/\/naddeos.com\/#website\"},\"datePublished\":\"2022-01-08T23:24:26+00:00\",\"dateModified\":\"2024-09-27T13:59:39+00:00\",\"breadcrumb\":{\"@id\":\"https:\/\/naddeos.com\/producto\/buxus-bocha\/#breadcrumb\"},\"inLanguage\":\"en-US\",\"potentialAction\":[{\"@type\":\"ReadAction\",\"target\":[\"https:\/\/naddeos.com\/producto\/buxus-bocha\/\"]}]},{\"@type\":\"BreadcrumbList\",\"@id\":\"https:\/\/naddeos.com\/producto\/buxus-bocha\/#breadcrumb\",\"itemListElement\":[{\"@type\":\"ListItem\",\"position\":1,\"name\":\"Portada\",\"item\":\"https:\/\/naddeos.com\/\"},{\"@type\":\"ListItem\",\"position\":2,\"name\":\"Tienda\",\"item\":\"https:\/\/naddeos.com\/tienda\/\"},{\"@type\":\"ListItem\",\"position\":3,\"name\":\"Buxus Bocha\"}]},{\"@type\":\"WebSite\",\"@id\":\"https:\/\/naddeos.com\/#website\",\"url\":\"https:\/\/naddeos.com\/\",\"name\":\"Naddeos\",\"description\":\"Naddeos Vivero Online\",\"publisher\":{\"@id\":\"https:\/\/naddeos.com\/#organization\"},\"potentialAction\":[{\"@type\":\"SearchAction\",\"target\":{\"@type\":\"EntryPoint\",\"urlTemplate\":\"https:\/\/naddeos.com\/?s={search_term_string}\"},\"query-input\":\"required name=search_term_string\"}],\"inLanguage\":\"en-US\"},{\"@type\":\"Organization\",\"@id\":\"https:\/\/naddeos.com\/#organization\",\"name\":\"Vivero Naddeos\",\"url\":\"https:\/\/naddeos.com\/\",\"sameAs\":[\"https:\/\/www.instagram.com\/viveronaddeos\/\",\"https:\/\/www.facebook.com\/naddeos\"],\"logo\":{\"@type\":\"ImageObject\",\"inLanguage\":\"en-US\",\"@id\":\"https:\/\/naddeos.com\/#\/schema\/logo\/image\/\",\"url\":\"https:\/\/naddeos.com\/wp-content\/uploads\/2022\/09\/naddeos-logo-super-small-small.png\",\"contentUrl\":\"https:\/\/naddeos.com\/wp-content\/uploads\/2022\/09\/naddeos-logo-super-small-small.png\",\"width\":139,\"height\":72,\"caption\":\"Vivero Naddeos\"},\"image\":{\"@id\":\"https:\/\/naddeos.com\/#\/schema\/logo\/image\/\"}}]}<\/script>\n<!-- \/ Yoast SEO plugin. -->","yoast_head_json":{"title":"Buxus Bocha - Naddeos","robots":{"index":"index","follow":"follow","max-snippet":"max-snippet:-1","max-image-preview":"max-image-preview:large","max-video-preview":"max-video-preview:-1"},"canonical":"https:\/\/naddeos.com\/en\/producto\/buxus-bocha\/","og_locale":"en_US","og_type":"article","og_title":"Buxus Bocha - Naddeos","og_description":"B u x u s b o c h a Los Buxus son quiz\u00e1s de las plantas m\u00e1s conocidas! Si somos habilidosos con las manos podemos hacer la gran Joven Manos de Tijera y darle formas a estos arbustos de forma muy f\u00e1cil y divertida, se adaptan tanto a sombra c\u00f3mo a pleno sol y &hellip; Buxus Bocha Read More &raquo;","og_url":"https:\/\/naddeos.com\/en\/producto\/buxus-bocha\/","og_site_name":"Naddeos","article_publisher":"https:\/\/www.facebook.com\/naddeos","article_modified_time":"2024-09-27T13:59:39+00:00","og_image":[{"width":819,"height":1024,"url":"https:\/\/naddeos.com\/wp-content\/uploads\/2023\/01\/buxus-bocha-3-819x1024.png","type":"image\/png"}],"twitter_card":"summary_large_image","twitter_misc":{"Est. reading time":"2 minutes"},"schema":{"@context":"https:\/\/schema.org","@graph":[{"@type":"WebPage","@id":"https:\/\/naddeos.com\/producto\/buxus-bocha\/","url":"https:\/\/naddeos.com\/producto\/buxus-bocha\/","name":"Buxus Bocha - Naddeos","isPartOf":{"@id":"https:\/\/naddeos.com\/#website"},"datePublished":"2022-01-08T23:24:26+00:00","dateModified":"2024-09-27T13:59:39+00:00","breadcrumb":{"@id":"https:\/\/naddeos.com\/producto\/buxus-bocha\/#breadcrumb"},"inLanguage":"en-US","potentialAction":[{"@type":"ReadAction","target":["https:\/\/naddeos.com\/producto\/buxus-bocha\/"]}]},{"@type":"BreadcrumbList","@id":"https:\/\/naddeos.com\/producto\/buxus-bocha\/#breadcrumb","itemListElement":[{"@type":"ListItem","position":1,"name":"Portada","item":"https:\/\/naddeos.com\/"},{"@type":"ListItem","position":2,"name":"Tienda","item":"https:\/\/naddeos.com\/tienda\/"},{"@type":"ListItem","position":3,"name":"Buxus Bocha"}]},{"@type":"WebSite","@id":"https:\/\/naddeos.com\/#website","url":"https:\/\/naddeos.com\/","name":"Naddeos","description":"Naddeos Vivero Online","publisher":{"@id":"https:\/\/naddeos.com\/#organization"},"potentialAction":[{"@type":"SearchAction","target":{"@type":"EntryPoint","urlTemplate":"https:\/\/naddeos.com\/?s={search_term_string}"},"query-input":"required name=search_term_string"}],"inLanguage":"en-US"},{"@type":"Organization","@id":"https:\/\/naddeos.com\/#organization","name":"Vivero Naddeos","url":"https:\/\/naddeos.com\/","sameAs":["https:\/\/www.instagram.com\/viveronaddeos\/","https:\/\/www.facebook.com\/naddeos"],"logo":{"@type":"ImageObject","inLanguage":"en-US","@id":"https:\/\/naddeos.com\/#\/schema\/logo\/image\/","url":"https:\/\/naddeos.com\/wp-content\/uploads\/2022\/09\/naddeos-logo-super-small-small.png","contentUrl":"https:\/\/naddeos.com\/wp-content\/uploads\/2022\/09\/naddeos-logo-super-small-small.png","width":139,"height":72,"caption":"Vivero Naddeos"},"image":{"@id":"https:\/\/naddeos.com\/#\/schema\/logo\/image\/"}}]}},"_links":{"self":[{"href":"https:\/\/naddeos.com\/en\/wp-json\/wp\/v2\/product\/508","targetHints":{"allow":["GET"]}}],"collection":[{"href":"https:\/\/naddeos.com\/en\/wp-json\/wp\/v2\/product"}],"about":[{"href":"https:\/\/naddeos.com\/en\/wp-json\/wp\/v2\/types\/product"}],"wp:featuredmedia":[{"embeddable":true,"href":"https:\/\/naddeos.com\/en\/wp-json\/wp\/v2\/media\/17033"}],"wp:attachment":[{"href":"https:\/\/naddeos.com\/en\/wp-json\/wp\/v2\/media?parent=508"}],"wp:term":[{"taxonomy":"product_cat","embeddable":true,"href":"https:\/\/naddeos.com\/en\/wp-json\/wp\/v2\/product_cat?post=508"},{"taxonomy":"product_tag","embeddable":true,"href":"https:\/\/naddeos.com\/en\/wp-json\/wp\/v2\/product_tag?post=508"}],"curies":[{"name":"wp","href":"https:\/\/api.w.org\/{rel}","templated":true}]}}