{"id":463,"date":"2022-01-08T20:24:13","date_gmt":"2022-01-08T23:24:13","guid":{"rendered":"http:\/\/naddeos.com\/?post_type=product&#038;p=463"},"modified":"2024-09-27T10:59:32","modified_gmt":"2024-09-27T13:59:32","slug":"limonero-4-estaciones-l","status":"publish","type":"product","link":"https:\/\/naddeos.com\/en\/producto\/limonero-4-estaciones-l\/","title":{"rendered":"Limonero 4 Estaciones"},"content":{"rendered":"<p><strong>Care and specifications:<\/strong><\/p>\n<p>Cantidad de agua: Media \/ Alta<\/p>\n<p>Amount of sun: Medium \/ High<\/p>\n<p>Altura estimada de crecimiento: 500 cm<\/p>\n<p>Earth: Substrate Professional Naddeos<\/p>\n<p>Complemento recomendado: Fertilizante Triple 15<\/p>\n<p><strong>Maceta de Pl\u00e1stico Soplado<\/strong><\/p>\n<p>Maceta de cultivo fabricada en pl\u00e1stico soplado, ideal para trasplantar a la nueva maceta o directo al jard\u00edn.<\/p>","protected":false},"excerpt":{"rendered":"<p>Cuidados y especificaciones: Cantidad de agua: Media \/ Alta Cantidad de sol: Medio \/ Alto Altura estimada de crecimiento: 500 cm Tierra: Sustrato Profesional Naddeos Complemento recomendado: Fertilizante Triple 15 Maceta de Pl\u00e1stico Soplado Maceta de cultivo fabricada en pl\u00e1stico soplado, ideal para trasplantar a la nueva maceta o directo al jard\u00edn.<\/p>","protected":false},"featured_media":709,"template":"","meta":{"site-sidebar-layout":"default","site-content-layout":"default","ast-main-header-display":"","ast-hfb-above-header-display":"","ast-hfb-below-header-display":"","ast-hfb-mobile-header-display":"","site-post-title":"","ast-breadcrumbs-content":"","ast-featured-img":"","footer-sml-layout":"","theme-transparent-header-meta":"default","adv-header-id-meta":"","stick-header-meta":"","header-above-stick-meta":"","header-main-stick-meta":"","header-below-stick-meta":""},"product_cat":[48],"product_tag":[39,42],"class_list":["post-463","product","type-product","status-publish","has-post-thumbnail","hentry","product_cat-plantas-de-exterior","product_tag-plantas-de-exterior","product_tag-tamano-l","product_shipping_class-logistica-naddeos"],"_links":{"self":[{"href":"https:\/\/naddeos.com\/en\/wp-json\/wp\/v2\/product\/463","targetHints":{"allow":["GET"]}}],"collection":[{"href":"https:\/\/naddeos.com\/en\/wp-json\/wp\/v2\/product"}],"about":[{"href":"https:\/\/naddeos.com\/en\/wp-json\/wp\/v2\/types\/product"}],"wp:featuredmedia":[{"embeddable":true,"href":"https:\/\/naddeos.com\/en\/wp-json\/wp\/v2\/media\/709"}],"wp:attachment":[{"href":"https:\/\/naddeos.com\/en\/wp-json\/wp\/v2\/media?parent=463"}],"wp:term":[{"taxonomy":"product_cat","embeddable":true,"href":"https:\/\/naddeos.com\/en\/wp-json\/wp\/v2\/product_cat?post=463"},{"taxonomy":"product_tag","embeddable":true,"href":"https:\/\/naddeos.com\/en\/wp-json\/wp\/v2\/product_tag?post=463"}],"curies":[{"name":"wp","href":"https:\/\/api.w.org\/{rel}","templated":true}]}}