{"id":421,"date":"2022-01-08T20:24:00","date_gmt":"2022-01-08T23:24:00","guid":{"rendered":"http:\/\/naddeos.com\/?post_type=product&#038;p=421"},"modified":"2024-09-27T10:59:23","modified_gmt":"2024-09-27T13:59:23","slug":"spathiphyllum-s-m-l","status":"publish","type":"product","link":"https:\/\/naddeos.com\/en\/producto\/spathiphyllum-s-m-l\/","title":{"rendered":"Spathiphyllum"},"content":{"rendered":"<p><strong>Care and specifications:<\/strong><\/p>\n<p>Cantidad de agua: Baja<\/p>\n<p>Cantidad de sol: Bajo<\/p>\n<p>Height estimated growth: 150 cm<\/p>\n<p>Earth: Substrate Professional Naddeos<\/p>\n<p>Add the preferred Fertilizer for Foliage<\/p>\n<p><strong>Maceta de Pl\u00e1stico Soplado<\/strong><\/p>\n<p>Maceta de cultivo fabricada en pl\u00e1stico soplado, ideal para trasplantar a la nueva maceta o directo al jard\u00edn.<\/p>","protected":false},"excerpt":{"rendered":"<p>Cuidados y especificaciones: Cantidad de agua: Baja Cantidad de sol: Bajo Altura estimada de crecimiento: 150 cm Tierra: Sustrato Profesional Naddeos Complemento recomendado: Fertilizante de Follaje Maceta de Pl\u00e1stico Soplado Maceta de cultivo fabricada en pl\u00e1stico soplado, ideal para trasplantar a la nueva maceta o directo al jard\u00edn.<\/p>","protected":false},"featured_media":660,"template":"","meta":{"site-sidebar-layout":"default","site-content-layout":"default","ast-main-header-display":"","ast-hfb-above-header-display":"","ast-hfb-below-header-display":"","ast-hfb-mobile-header-display":"","site-post-title":"","ast-breadcrumbs-content":"","ast-featured-img":"","footer-sml-layout":"","theme-transparent-header-meta":"default","adv-header-id-meta":"","stick-header-meta":"","header-above-stick-meta":"","header-main-stick-meta":"","header-below-stick-meta":""},"product_cat":[47],"product_tag":[41,42,45,40],"class_list":["post-421","product","type-product","status-publish","has-post-thumbnail","hentry","product_cat-plantas-de-interior","product_tag-plantas-de-interior","product_tag-tamano-l","product_tag-tamano-m","product_tag-tamano-s","product_shipping_class-logistica-naddeos"],"_links":{"self":[{"href":"https:\/\/naddeos.com\/en\/wp-json\/wp\/v2\/product\/421","targetHints":{"allow":["GET"]}}],"collection":[{"href":"https:\/\/naddeos.com\/en\/wp-json\/wp\/v2\/product"}],"about":[{"href":"https:\/\/naddeos.com\/en\/wp-json\/wp\/v2\/types\/product"}],"wp:featuredmedia":[{"embeddable":true,"href":"https:\/\/naddeos.com\/en\/wp-json\/wp\/v2\/media\/660"}],"wp:attachment":[{"href":"https:\/\/naddeos.com\/en\/wp-json\/wp\/v2\/media?parent=421"}],"wp:term":[{"taxonomy":"product_cat","embeddable":true,"href":"https:\/\/naddeos.com\/en\/wp-json\/wp\/v2\/product_cat?post=421"},{"taxonomy":"product_tag","embeddable":true,"href":"https:\/\/naddeos.com\/en\/wp-json\/wp\/v2\/product_tag?post=421"}],"curies":[{"name":"wp","href":"https:\/\/api.w.org\/{rel}","templated":true}]}}