{"id":402,"date":"2022-01-08T20:23:51","date_gmt":"2022-01-08T23:23:51","guid":{"rendered":"http:\/\/naddeos.com\/?post_type=product&#038;p=402"},"modified":"2024-09-27T10:59:15","modified_gmt":"2024-09-27T13:59:15","slug":"begonia-de-la-paz-s","status":"publish","type":"product","link":"https:\/\/naddeos.com\/en\/producto\/begonia-de-la-paz-s\/","title":{"rendered":"Begonia De La Paz"},"content":{"rendered":"<p><strong>Care and specifications:<\/strong><\/p>\n<p>Cantidad de agua: Baja \/ Media<\/p>\n<p>Cantidad de sol: Medio<\/p>\n<p>Altura estimada de crecimiento: 100 cm<\/p>\n<p>Earth: Substrate Professional Naddeos<\/p>\n<p>Complemento recomendado: Fertilizante de Floraci\u00f3n<\/p>\n<p><strong>Maceta de Pl\u00e1stico Soplado<\/strong><\/p>\n<p>Maceta de cultivo fabricada en pl\u00e1stico soplado, ideal para trasplantar a la nueva maceta o directo al jard\u00edn.<\/p>","protected":false},"excerpt":{"rendered":"<p>Cuidados y especificaciones: Cantidad de agua: Baja \/ Media Cantidad de sol: Medio Altura estimada de crecimiento: 100 cm Tierra: Sustrato Profesional Naddeos Complemento recomendado: Fertilizante de Floraci\u00f3n Maceta de Pl\u00e1stico Soplado Maceta de cultivo fabricada en pl\u00e1stico soplado, ideal para trasplantar a la nueva maceta o directo al jard\u00edn.<\/p>","protected":false},"featured_media":16897,"template":"","meta":{"site-sidebar-layout":"default","site-content-layout":"default","ast-main-header-display":"","ast-hfb-above-header-display":"","ast-hfb-below-header-display":"","ast-hfb-mobile-header-display":"","site-post-title":"","ast-breadcrumbs-content":"","ast-featured-img":"","footer-sml-layout":"","theme-transparent-header-meta":"default","adv-header-id-meta":"","stick-header-meta":"","header-above-stick-meta":"","header-main-stick-meta":"","header-below-stick-meta":""},"product_cat":[47],"product_tag":[41,40],"class_list":["post-402","product","type-product","status-publish","has-post-thumbnail","hentry","product_cat-plantas-de-interior","product_tag-plantas-de-interior","product_tag-tamano-s","product_shipping_class-logistica-naddeos"],"_links":{"self":[{"href":"https:\/\/naddeos.com\/en\/wp-json\/wp\/v2\/product\/402","targetHints":{"allow":["GET"]}}],"collection":[{"href":"https:\/\/naddeos.com\/en\/wp-json\/wp\/v2\/product"}],"about":[{"href":"https:\/\/naddeos.com\/en\/wp-json\/wp\/v2\/types\/product"}],"wp:featuredmedia":[{"embeddable":true,"href":"https:\/\/naddeos.com\/en\/wp-json\/wp\/v2\/media\/16897"}],"wp:attachment":[{"href":"https:\/\/naddeos.com\/en\/wp-json\/wp\/v2\/media?parent=402"}],"wp:term":[{"taxonomy":"product_cat","embeddable":true,"href":"https:\/\/naddeos.com\/en\/wp-json\/wp\/v2\/product_cat?post=402"},{"taxonomy":"product_tag","embeddable":true,"href":"https:\/\/naddeos.com\/en\/wp-json\/wp\/v2\/product_tag?post=402"}],"curies":[{"name":"wp","href":"https:\/\/api.w.org\/{rel}","templated":true}]}}