{"id":383,"date":"2022-01-08T20:23:41","date_gmt":"2022-01-08T23:23:41","guid":{"rendered":"http:\/\/naddeos.com\/?post_type=product&#038;p=383"},"modified":"2024-09-27T10:59:15","modified_gmt":"2024-09-27T13:59:15","slug":"ficus-gomero-cabernet","status":"publish","type":"product","link":"https:\/\/naddeos.com\/en\/producto\/ficus-gomero-cabernet\/","title":{"rendered":"Ficus And Tomato Cabernet"},"content":{"rendered":"<p><a href=\"https:\/\/naddeos.com\/en\/?s=euphorbia&amp;post_type=product&amp;dgwt_wcas=1\"><img loading=\"lazy\" decoding=\"async\" class=\"alignnone wp-image-16721 aligncenter\" src=\"https:\/\/naddeos.com\/wp-content\/uploads\/2023\/01\/boton-ver-opciones-con-maceta-4-300x64.png\" alt=\"\" width=\"366\" height=\"78\" srcset=\"https:\/\/naddeos.com\/wp-content\/uploads\/2023\/01\/boton-ver-opciones-con-maceta-4-300x64.png 300w, https:\/\/naddeos.com\/wp-content\/uploads\/2023\/01\/boton-ver-opciones-con-maceta-4-1024x217.png 1024w, https:\/\/naddeos.com\/wp-content\/uploads\/2023\/01\/boton-ver-opciones-con-maceta-4-768x163.png 768w, https:\/\/naddeos.com\/wp-content\/uploads\/2023\/01\/boton-ver-opciones-con-maceta-4-600x127.png 600w, https:\/\/naddeos.com\/wp-content\/uploads\/2023\/01\/boton-ver-opciones-con-maceta-4-64x14.png 64w, https:\/\/naddeos.com\/wp-content\/uploads\/2023\/01\/boton-ver-opciones-con-maceta-4.png 1070w\" sizes=\"auto, (max-width: 366px) 100vw, 366px\" \/><\/a><\/p>\n<p style=\"text-align: center;\"><a href=\"https:\/\/naddeos.com\/wp-content\/uploads\/2022\/11\/interior-Facil.png\"><img loading=\"lazy\" decoding=\"async\" class=\"alignnone size-medium wp-image-16656\" src=\"https:\/\/naddeos.com\/wp-content\/uploads\/2022\/11\/interior-Facil-300x250.png\" alt=\"interior Facil\" width=\"300\" height=\"250\" srcset=\"https:\/\/naddeos.com\/wp-content\/uploads\/2022\/11\/interior-Facil-300x250.png 300w, https:\/\/naddeos.com\/wp-content\/uploads\/2022\/11\/interior-Facil-1024x853.png 1024w, https:\/\/naddeos.com\/wp-content\/uploads\/2022\/11\/interior-Facil-768x640.png 768w, https:\/\/naddeos.com\/wp-content\/uploads\/2022\/11\/interior-Facil-600x500.png 600w, https:\/\/naddeos.com\/wp-content\/uploads\/2022\/11\/interior-Facil-64x53.png 64w, https:\/\/naddeos.com\/wp-content\/uploads\/2022\/11\/interior-Facil.png 1080w\" sizes=\"auto, (max-width: 300px) 100vw, 300px\" \/><\/a><\/p>\n<h1 style=\"text-align: center;\">F i c u s G o m e r o C a b e r n e t<\/h1>\n<p style=\"text-align: center;\">El Gomero es de los arbolitos de interior\/exterior m\u00e1s lindos que hay \u2665 son s\u00faper resistentes y se bancan sol pleno o pueden estar en plena sombra en ambientes luminosos, si acompa\u00f1amos de un buen riego, abunandante en verano, vamos a tener un arbolito creciendo en casa sin parar! Lo \u00fanico que hay que tener en cuenta para esta amiguita, es que expande mucha ra\u00edz, por lo que necesita una buena maceta para poder desarrollarse bien y sanamente<\/p>\n<p style=\"text-align: center;\"><a href=\"https:\/\/naddeos.com\/wp-content\/uploads\/2022\/11\/envio-y-pagos.png\"><img loading=\"lazy\" decoding=\"async\" class=\"wp-image-16595 aligncenter\" src=\"https:\/\/naddeos.com\/wp-content\/uploads\/2022\/11\/envio-y-pagos-300x84.png\" alt=\"\" width=\"393\" height=\"110\" srcset=\"https:\/\/naddeos.com\/wp-content\/uploads\/2022\/11\/envio-y-pagos-300x84.png 300w, https:\/\/naddeos.com\/wp-content\/uploads\/2022\/11\/envio-y-pagos-600x169.png 600w, https:\/\/naddeos.com\/wp-content\/uploads\/2022\/11\/envio-y-pagos-64x18.png 64w, https:\/\/naddeos.com\/wp-content\/uploads\/2022\/11\/envio-y-pagos-1024x288.png 1024w, https:\/\/naddeos.com\/wp-content\/uploads\/2022\/11\/envio-y-pagos-768x216.png 768w, https:\/\/naddeos.com\/wp-content\/uploads\/2022\/11\/envio-y-pagos.png 1068w\" sizes=\"auto, (max-width: 393px) 100vw, 393px\" \/><\/a><\/p>\n<p style=\"text-align: center;\">Seguinos en Instagram para ver todas nuestras novedades!<\/p>\n<p style=\"text-align: center;\"><a href=\"https:\/\/www.instagram.com\/viveronaddeos\/\"><img loading=\"lazy\" decoding=\"async\" class=\"alignnone wp-image-16322\" src=\"https:\/\/naddeos.com\/wp-content\/uploads\/2022\/10\/Instagram_icon-icons.com_66804.png\" alt=\"\" width=\"77\" height=\"77\" srcset=\"https:\/\/naddeos.com\/wp-content\/uploads\/2022\/10\/Instagram_icon-icons.com_66804.png 128w, https:\/\/naddeos.com\/wp-content\/uploads\/2022\/10\/Instagram_icon-icons.com_66804-100x100.png 100w, https:\/\/naddeos.com\/wp-content\/uploads\/2022\/10\/Instagram_icon-icons.com_66804-64x64.png 64w, https:\/\/naddeos.com\/wp-content\/uploads\/2022\/10\/Instagram_icon-icons.com_66804-50x50.png 50w\" sizes=\"auto, (max-width: 77px) 100vw, 77px\" \/><\/a><\/p>\n<p style=\"text-align: center;\">@ViveroNaddeos<\/p>","protected":false},"excerpt":{"rendered":"<p>F i c u s G o m e r o C a b e r n e t El Gomero es de los arbolitos de interior\/exterior m\u00e1s lindos que hay \u2665 son s\u00faper resistentes y se bancan sol pleno o pueden estar en plena sombra en ambientes luminosos, si acompa\u00f1amos de un buen riego, &hellip;<\/p>\n<p class=\"read-more\"> <a class=\"\" href=\"https:\/\/naddeos.com\/en\/producto\/ficus-gomero-cabernet\/\"> <span class=\"screen-reader-text\">Ficus And Tomato Cabernet<\/span> Read More &raquo;<\/a><\/p>","protected":false},"featured_media":17077,"template":"","meta":{"site-sidebar-layout":"default","site-content-layout":"default","ast-main-header-display":"","ast-hfb-above-header-display":"","ast-hfb-below-header-display":"","ast-hfb-mobile-header-display":"","site-post-title":"","ast-breadcrumbs-content":"","ast-featured-img":"","footer-sml-layout":"","theme-transparent-header-meta":"default","adv-header-id-meta":"","stick-header-meta":"","header-above-stick-meta":"","header-main-stick-meta":"","header-below-stick-meta":""},"product_cat":[38,48,47],"product_tag":[39,41,45],"class_list":["post-383","product","type-product","status-publish","has-post-thumbnail","hentry","product_cat-solo-plantas","product_cat-plantas-de-exterior","product_cat-plantas-de-interior","product_tag-plantas-de-exterior","product_tag-plantas-de-interior","product_tag-tamano-m","product_shipping_class-logistica-naddeos"],"_links":{"self":[{"href":"https:\/\/naddeos.com\/en\/wp-json\/wp\/v2\/product\/383","targetHints":{"allow":["GET"]}}],"collection":[{"href":"https:\/\/naddeos.com\/en\/wp-json\/wp\/v2\/product"}],"about":[{"href":"https:\/\/naddeos.com\/en\/wp-json\/wp\/v2\/types\/product"}],"wp:featuredmedia":[{"embeddable":true,"href":"https:\/\/naddeos.com\/en\/wp-json\/wp\/v2\/media\/17077"}],"wp:attachment":[{"href":"https:\/\/naddeos.com\/en\/wp-json\/wp\/v2\/media?parent=383"}],"wp:term":[{"taxonomy":"product_cat","embeddable":true,"href":"https:\/\/naddeos.com\/en\/wp-json\/wp\/v2\/product_cat?post=383"},{"taxonomy":"product_tag","embeddable":true,"href":"https:\/\/naddeos.com\/en\/wp-json\/wp\/v2\/product_tag?post=383"}],"curies":[{"name":"wp","href":"https:\/\/api.w.org\/{rel}","templated":true}]}}