{"id":19191,"date":"2024-09-20T14:39:25","date_gmt":"2024-09-20T17:39:25","guid":{"rendered":"https:\/\/naddeos.com\/?post_type=product&#038;p=19191"},"modified":"2024-09-20T14:50:30","modified_gmt":"2024-09-20T17:50:30","slug":"combo-strelitzia-reginae-120cm","status":"publish","type":"product","link":"https:\/\/naddeos.com\/en\/producto\/combo-strelitzia-reginae-120cm\/","title":{"rendered":"Combo Strelitzia Reginae 170cm"},"content":{"rendered":"<p><a href=\"https:\/\/naddeos.com\/wp-content\/uploads\/2024\/09\/envio-y-pagos-ARTIFICIALES.png\"><img loading=\"lazy\" decoding=\"async\" class=\"wp-image-19109 aligncenter\" src=\"https:\/\/naddeos.com\/wp-content\/uploads\/2024\/09\/envio-y-pagos-ARTIFICIALES-300x101.png\" alt=\"\" width=\"434\" height=\"146\" srcset=\"https:\/\/naddeos.com\/wp-content\/uploads\/2024\/09\/envio-y-pagos-ARTIFICIALES-300x101.png 300w, https:\/\/naddeos.com\/wp-content\/uploads\/2024\/09\/envio-y-pagos-ARTIFICIALES-1024x346.png 1024w, https:\/\/naddeos.com\/wp-content\/uploads\/2024\/09\/envio-y-pagos-ARTIFICIALES-768x260.png 768w, https:\/\/naddeos.com\/wp-content\/uploads\/2024\/09\/envio-y-pagos-ARTIFICIALES-18x6.png 18w, https:\/\/naddeos.com\/wp-content\/uploads\/2024\/09\/envio-y-pagos-ARTIFICIALES-600x203.png 600w, https:\/\/naddeos.com\/wp-content\/uploads\/2024\/09\/envio-y-pagos-ARTIFICIALES-64x22.png 64w, https:\/\/naddeos.com\/wp-content\/uploads\/2024\/09\/envio-y-pagos-ARTIFICIALES.png 1056w\" sizes=\"auto, (max-width: 434px) 100vw, 434px\" \/><\/a><\/p>\n<p>Altura Total 170cm Ancho 65 cm<\/p>\n<p><strong>Se Entrega Ya Armado!<\/strong><\/p>\n<p>Realismo visual, aspecto natural.<br \/>\nFiltro UV integrado.<br \/>\nResistente a cualquier tipo de clima y estaci\u00f3n del a\u00f1o.<br \/>\nMateriales eco-friendly, pueden ser recicladas.<br \/>\nSin mantenimiento. F\u00e1cil de limpiar<\/p>\n<p><strong>Macetas Ultralivianas:<\/strong> El material con el cual trabajamos permite que las macetas puedan estar expuestas al calor del sol o la lluvia, al contar con protecci\u00f3n UV, no se decoloran, ni resecan. Al mismo tiempo, este material es muy ligero, una maceta pesa entre 0,5kg y 1,5kg depende el tama\u00f1o, permitiendo trasladarlas f\u00e1cilmente.<\/p>\n<p style=\"text-align: center;\">Seguinos en Instagram para ver todas nuestras novedades!<\/p>\n<p style=\"text-align: center;\"><a href=\"https:\/\/www.instagram.com\/viveronaddeos\/\"><img loading=\"lazy\" decoding=\"async\" class=\"alignnone wp-image-16322\" src=\"https:\/\/naddeos.com\/wp-content\/uploads\/2022\/10\/Instagram_icon-icons.com_66804.png\" alt=\"\" width=\"77\" height=\"77\" srcset=\"https:\/\/naddeos.com\/wp-content\/uploads\/2022\/10\/Instagram_icon-icons.com_66804.png 128w, https:\/\/naddeos.com\/wp-content\/uploads\/2022\/10\/Instagram_icon-icons.com_66804-100x100.png 100w, https:\/\/naddeos.com\/wp-content\/uploads\/2022\/10\/Instagram_icon-icons.com_66804-64x64.png 64w, https:\/\/naddeos.com\/wp-content\/uploads\/2022\/10\/Instagram_icon-icons.com_66804-50x50.png 50w\" sizes=\"auto, (max-width: 77px) 100vw, 77px\" \/><\/a><\/p>\n<p style=\"text-align: center;\">@ViveroNaddeos<\/p>","protected":false},"excerpt":{"rendered":"<p>Altura Total 170cm Ancho 65 cm Se Entrega Ya Armado! Realismo visual, aspecto natural. Filtro UV integrado. Resistente a cualquier tipo de clima y estaci\u00f3n del a\u00f1o. Materiales eco-friendly, pueden ser recicladas. Sin mantenimiento. F\u00e1cil de limpiar Macetas Ultralivianas: El material con el cual trabajamos permite que las macetas puedan estar expuestas al calor del &hellip;<\/p>\n<p class=\"read-more\"> <a class=\"\" href=\"https:\/\/naddeos.com\/en\/producto\/combo-strelitzia-reginae-120cm\/\"> <span class=\"screen-reader-text\">Combo Strelitzia Reginae 170cm<\/span> Read More &raquo;<\/a><\/p>","protected":false},"featured_media":19180,"template":"","meta":{"site-sidebar-layout":"default","site-content-layout":"default","ast-main-header-display":"","ast-hfb-above-header-display":"","ast-hfb-below-header-display":"","ast-hfb-mobile-header-display":"","site-post-title":"","ast-breadcrumbs-content":"","ast-featured-img":"","footer-sml-layout":"","theme-transparent-header-meta":"default","adv-header-id-meta":"","stick-header-meta":"","header-above-stick-meta":"","header-main-stick-meta":"","header-below-stick-meta":""},"product_cat":[141,137],"product_tag":[41],"class_list":["post-19191","product","type-product","status-publish","has-post-thumbnail","hentry","product_cat-combos-artificiales","product_cat-artificiales","product_tag-plantas-de-interior","product_shipping_class-logistica-naddeos"],"_links":{"self":[{"href":"https:\/\/naddeos.com\/en\/wp-json\/wp\/v2\/product\/19191","targetHints":{"allow":["GET"]}}],"collection":[{"href":"https:\/\/naddeos.com\/en\/wp-json\/wp\/v2\/product"}],"about":[{"href":"https:\/\/naddeos.com\/en\/wp-json\/wp\/v2\/types\/product"}],"wp:featuredmedia":[{"embeddable":true,"href":"https:\/\/naddeos.com\/en\/wp-json\/wp\/v2\/media\/19180"}],"wp:attachment":[{"href":"https:\/\/naddeos.com\/en\/wp-json\/wp\/v2\/media?parent=19191"}],"wp:term":[{"taxonomy":"product_cat","embeddable":true,"href":"https:\/\/naddeos.com\/en\/wp-json\/wp\/v2\/product_cat?post=19191"},{"taxonomy":"product_tag","embeddable":true,"href":"https:\/\/naddeos.com\/en\/wp-json\/wp\/v2\/product_tag?post=19191"}],"curies":[{"name":"wp","href":"https:\/\/api.w.org\/{rel}","templated":true}]}}