{"id":18987,"date":"2024-09-19T13:25:15","date_gmt":"2024-09-19T16:25:15","guid":{"rendered":"https:\/\/naddeos.com\/?post_type=product&#038;p=18987"},"modified":"2024-09-20T11:56:39","modified_gmt":"2024-09-20T14:56:39","slug":"cesped-sintetico-10mm-m2","status":"publish","type":"product","link":"https:\/\/naddeos.com\/en\/producto\/cesped-sintetico-10mm-m2\/","title":{"rendered":"C\u00e9sped Sint\u00e9tico 10mm \u2013 m2"},"content":{"rendered":"<p><a href=\"https:\/\/naddeos.com\/wp-content\/uploads\/2024\/09\/envio-y-pagos-ARTIFICIALES.png\"><img loading=\"lazy\" decoding=\"async\" class=\"wp-image-19109 aligncenter\" src=\"https:\/\/naddeos.com\/wp-content\/uploads\/2024\/09\/envio-y-pagos-ARTIFICIALES-300x101.png\" alt=\"\" width=\"434\" height=\"146\" srcset=\"https:\/\/naddeos.com\/wp-content\/uploads\/2024\/09\/envio-y-pagos-ARTIFICIALES-300x101.png 300w, https:\/\/naddeos.com\/wp-content\/uploads\/2024\/09\/envio-y-pagos-ARTIFICIALES-1024x346.png 1024w, https:\/\/naddeos.com\/wp-content\/uploads\/2024\/09\/envio-y-pagos-ARTIFICIALES-768x260.png 768w, https:\/\/naddeos.com\/wp-content\/uploads\/2024\/09\/envio-y-pagos-ARTIFICIALES-18x6.png 18w, https:\/\/naddeos.com\/wp-content\/uploads\/2024\/09\/envio-y-pagos-ARTIFICIALES-600x203.png 600w, https:\/\/naddeos.com\/wp-content\/uploads\/2024\/09\/envio-y-pagos-ARTIFICIALES-64x22.png 64w, https:\/\/naddeos.com\/wp-content\/uploads\/2024\/09\/envio-y-pagos-ARTIFICIALES.png 1056w\" sizes=\"auto, (max-width: 434px) 100vw, 434px\" \/><\/a>CESPED SINTETICO 10MM PREMIUM<br \/>\nSOLO APTO INTERIOR<br \/>\nRollo de 2m de ancho y se corta por el largo necesario de acuerdo a las unidades que desee. Ej:<br \/>\n1u. = 2m x 0,50m<br \/>\n5u = 2m x 2,50m<\/p>\n<p>\u2022 Producto Premium<br \/>\n\u2022 Certificado de protecci\u00f3n UV SGS integrado al material.<br \/>\n\u2022 Resistencia al FUEGO: Norma DIN 51960 inflamables de Clase 2<br \/>\n\u2022 Material de Alta Durabilidad: PE, PP Virgenes (No reciclados)<br \/>\n\u2022 Apariencia Natural<br \/>\n\u2022 Excelente Calidad<br \/>\n\u2022 No requiere mantenimiento<br \/>\n\u2022 Resistente al clima<br \/>\n\u2022 Est\u00e1ndar: ISO: 14000, ISO: 9001<br \/>\n\u2022 Con Garant\u00eda<\/p>\n<p>&nbsp;<\/p>\n<p style=\"text-align: center;\">Seguinos en Instagram para ver todas nuestras novedades!<\/p>\n<p style=\"text-align: center;\"><a href=\"https:\/\/www.instagram.com\/viveronaddeos\/\"><img loading=\"lazy\" decoding=\"async\" class=\"alignnone wp-image-16322\" src=\"https:\/\/naddeos.com\/wp-content\/uploads\/2022\/10\/Instagram_icon-icons.com_66804.png\" alt=\"\" width=\"77\" height=\"77\" srcset=\"https:\/\/naddeos.com\/wp-content\/uploads\/2022\/10\/Instagram_icon-icons.com_66804.png 128w, https:\/\/naddeos.com\/wp-content\/uploads\/2022\/10\/Instagram_icon-icons.com_66804-100x100.png 100w, https:\/\/naddeos.com\/wp-content\/uploads\/2022\/10\/Instagram_icon-icons.com_66804-64x64.png 64w, https:\/\/naddeos.com\/wp-content\/uploads\/2022\/10\/Instagram_icon-icons.com_66804-50x50.png 50w\" sizes=\"auto, (max-width: 77px) 100vw, 77px\" \/><\/a><\/p>\n<p style=\"text-align: center;\">@ViveroNaddeos<\/p>","protected":false},"excerpt":{"rendered":"<p>CESPED SINTETICO 10MM PREMIUM SOLO APTO INTERIOR Rollo de 2m de ancho y se corta por el largo necesario de acuerdo a las unidades que desee. Ej: 1u. = 2m x 0,50m 5u = 2m x 2,50m \u2022 Producto Premium \u2022 Certificado de protecci\u00f3n UV SGS integrado al material. \u2022 Resistencia al FUEGO: Norma DIN &hellip;<\/p>\n<p class=\"read-more\"> <a class=\"\" href=\"https:\/\/naddeos.com\/en\/producto\/cesped-sintetico-10mm-m2\/\"> <span class=\"screen-reader-text\">C\u00e9sped Sint\u00e9tico 10mm \u2013 m2<\/span> Read More &raquo;<\/a><\/p>","protected":false},"featured_media":18997,"template":"","meta":{"om_disable_all_campaigns":false,"site-sidebar-layout":"default","site-content-layout":"default","ast-main-header-display":"","ast-hfb-above-header-display":"","ast-hfb-below-header-display":"","ast-hfb-mobile-header-display":"","site-post-title":"","ast-breadcrumbs-content":"","ast-featured-img":"","footer-sml-layout":"","theme-transparent-header-meta":"default","adv-header-id-meta":"","stick-header-meta":"","header-above-stick-meta":"","header-main-stick-meta":"","header-below-stick-meta":""},"product_cat":[140,137],"product_tag":[41],"class_list":["post-18987","product","type-product","status-publish","has-post-thumbnail","hentry","product_cat-cesped-sintetico","product_cat-artificiales","product_tag-plantas-de-interior","product_shipping_class-logistica-naddeos"],"yoast_head":"<!-- This site is optimized with the Yoast SEO plugin v19.7.1 - https:\/\/yoast.com\/wordpress\/plugins\/seo\/ -->\n<title>C\u00e9sped Sint\u00e9tico 10mm \u2013 m2 - Naddeos Online - Env\u00edo Gratis!<\/title>\n<meta name=\"description\" content=\"Encontr\u00e1 la Estrella Federal m\u00e1s linda y recibila en tu domicilio! \ud83c\udf39 20% Off abonando en Efectivo o 6 cuotas sin inter\u00e9s con env\u00edo gratis! \ud83d\ude9b\" \/>\n<meta name=\"robots\" content=\"index, follow, max-snippet:-1, max-image-preview:large, max-video-preview:-1\" \/>\n<link rel=\"canonical\" href=\"https:\/\/naddeos.com\/en\/producto\/cesped-sintetico-10mm-m2\/\" \/>\n<meta property=\"og:locale\" content=\"en_US\" \/>\n<meta property=\"og:type\" content=\"article\" \/>\n<meta property=\"og:title\" content=\"C\u00e9sped Sint\u00e9tico 10mm \u2013 m2 - Naddeos Online - Env\u00edo Gratis!\" \/>\n<meta property=\"og:description\" content=\"Encontr\u00e1 la Estrella Federal m\u00e1s linda y recibila en tu domicilio! \ud83c\udf39 20% Off abonando en Efectivo o 6 cuotas sin inter\u00e9s con env\u00edo gratis! \ud83d\ude9b\" \/>\n<meta property=\"og:url\" content=\"https:\/\/naddeos.com\/en\/producto\/cesped-sintetico-10mm-m2\/\" \/>\n<meta property=\"og:site_name\" content=\"Naddeos\" \/>\n<meta property=\"article:publisher\" content=\"https:\/\/www.facebook.com\/naddeos\" \/>\n<meta property=\"article:modified_time\" content=\"2024-09-20T14:56:39+00:00\" \/>\n<meta property=\"og:image\" content=\"https:\/\/naddeos.com\/wp-content\/uploads\/2024\/09\/Cesped-10mm-1.png\" \/>\n\t<meta property=\"og:image:width\" content=\"1080\" \/>\n\t<meta property=\"og:image:height\" content=\"1350\" \/>\n\t<meta property=\"og:image:type\" content=\"image\/png\" \/>\n<meta name=\"twitter:card\" content=\"summary_large_image\" \/>\n<meta name=\"twitter:label1\" content=\"Est. reading time\" \/>\n\t<meta name=\"twitter:data1\" content=\"2 minutes\" \/>\n<script type=\"application\/ld+json\" class=\"yoast-schema-graph\">{\"@context\":\"https:\/\/schema.org\",\"@graph\":[{\"@type\":\"WebPage\",\"@id\":\"https:\/\/naddeos.com\/producto\/cesped-sintetico-10mm-m2\/\",\"url\":\"https:\/\/naddeos.com\/producto\/cesped-sintetico-10mm-m2\/\",\"name\":\"C\u00e9sped Sint\u00e9tico 10mm \u2013 m2 - Naddeos Online - Env\u00edo Gratis!\",\"isPartOf\":{\"@id\":\"https:\/\/naddeos.com\/#website\"},\"datePublished\":\"2024-09-19T16:25:15+00:00\",\"dateModified\":\"2024-09-20T14:56:39+00:00\",\"description\":\"Encontr\u00e1 la Estrella Federal m\u00e1s linda y recibila en tu domicilio! \ud83c\udf39 20% Off abonando en Efectivo o 6 cuotas sin inter\u00e9s con env\u00edo gratis! \ud83d\ude9b\",\"breadcrumb\":{\"@id\":\"https:\/\/naddeos.com\/producto\/cesped-sintetico-10mm-m2\/#breadcrumb\"},\"inLanguage\":\"en-US\",\"potentialAction\":[{\"@type\":\"ReadAction\",\"target\":[\"https:\/\/naddeos.com\/producto\/cesped-sintetico-10mm-m2\/\"]}]},{\"@type\":\"BreadcrumbList\",\"@id\":\"https:\/\/naddeos.com\/producto\/cesped-sintetico-10mm-m2\/#breadcrumb\",\"itemListElement\":[{\"@type\":\"ListItem\",\"position\":1,\"name\":\"Portada\",\"item\":\"https:\/\/naddeos.com\/\"},{\"@type\":\"ListItem\",\"position\":2,\"name\":\"Tienda\",\"item\":\"https:\/\/naddeos.com\/tienda\/\"},{\"@type\":\"ListItem\",\"position\":3,\"name\":\"C\u00e9sped Sint\u00e9tico 10mm \u2013 m2\"}]},{\"@type\":\"WebSite\",\"@id\":\"https:\/\/naddeos.com\/#website\",\"url\":\"https:\/\/naddeos.com\/\",\"name\":\"Naddeos\",\"description\":\"Naddeos Vivero Online\",\"publisher\":{\"@id\":\"https:\/\/naddeos.com\/#organization\"},\"potentialAction\":[{\"@type\":\"SearchAction\",\"target\":{\"@type\":\"EntryPoint\",\"urlTemplate\":\"https:\/\/naddeos.com\/?s={search_term_string}\"},\"query-input\":\"required name=search_term_string\"}],\"inLanguage\":\"en-US\"},{\"@type\":\"Organization\",\"@id\":\"https:\/\/naddeos.com\/#organization\",\"name\":\"Vivero Naddeos\",\"url\":\"https:\/\/naddeos.com\/\",\"sameAs\":[\"https:\/\/www.instagram.com\/viveronaddeos\/\",\"https:\/\/www.facebook.com\/naddeos\"],\"logo\":{\"@type\":\"ImageObject\",\"inLanguage\":\"en-US\",\"@id\":\"https:\/\/naddeos.com\/#\/schema\/logo\/image\/\",\"url\":\"https:\/\/naddeos.com\/wp-content\/uploads\/2022\/09\/naddeos-logo-super-small-small.png\",\"contentUrl\":\"https:\/\/naddeos.com\/wp-content\/uploads\/2022\/09\/naddeos-logo-super-small-small.png\",\"width\":139,\"height\":72,\"caption\":\"Vivero Naddeos\"},\"image\":{\"@id\":\"https:\/\/naddeos.com\/#\/schema\/logo\/image\/\"}}]}<\/script>\n<!-- \/ Yoast SEO plugin. -->","yoast_head_json":{"title":"C\u00e9sped Sint\u00e9tico 10mm \u2013 m2 - Naddeos Online - Env\u00edo Gratis!","description":"Encontr\u00e1 la Estrella Federal m\u00e1s linda y recibila en tu domicilio! \ud83c\udf39 20% Off abonando en Efectivo o 6 cuotas sin inter\u00e9s con env\u00edo gratis! \ud83d\ude9b","robots":{"index":"index","follow":"follow","max-snippet":"max-snippet:-1","max-image-preview":"max-image-preview:large","max-video-preview":"max-video-preview:-1"},"canonical":"https:\/\/naddeos.com\/en\/producto\/cesped-sintetico-10mm-m2\/","og_locale":"en_US","og_type":"article","og_title":"C\u00e9sped Sint\u00e9tico 10mm \u2013 m2 - Naddeos Online - Env\u00edo Gratis!","og_description":"Encontr\u00e1 la Estrella Federal m\u00e1s linda y recibila en tu domicilio! \ud83c\udf39 20% Off abonando en Efectivo o 6 cuotas sin inter\u00e9s con env\u00edo gratis! \ud83d\ude9b","og_url":"https:\/\/naddeos.com\/en\/producto\/cesped-sintetico-10mm-m2\/","og_site_name":"Naddeos","article_publisher":"https:\/\/www.facebook.com\/naddeos","article_modified_time":"2024-09-20T14:56:39+00:00","og_image":[{"width":1080,"height":1350,"url":"https:\/\/naddeos.com\/wp-content\/uploads\/2024\/09\/Cesped-10mm-1.png","type":"image\/png"}],"twitter_card":"summary_large_image","twitter_misc":{"Est. reading time":"2 minutes"},"schema":{"@context":"https:\/\/schema.org","@graph":[{"@type":"WebPage","@id":"https:\/\/naddeos.com\/producto\/cesped-sintetico-10mm-m2\/","url":"https:\/\/naddeos.com\/producto\/cesped-sintetico-10mm-m2\/","name":"C\u00e9sped Sint\u00e9tico 10mm \u2013 m2 - Naddeos Online - Env\u00edo Gratis!","isPartOf":{"@id":"https:\/\/naddeos.com\/#website"},"datePublished":"2024-09-19T16:25:15+00:00","dateModified":"2024-09-20T14:56:39+00:00","description":"Encontr\u00e1 la Estrella Federal m\u00e1s linda y recibila en tu domicilio! \ud83c\udf39 20% Off abonando en Efectivo o 6 cuotas sin inter\u00e9s con env\u00edo gratis! \ud83d\ude9b","breadcrumb":{"@id":"https:\/\/naddeos.com\/producto\/cesped-sintetico-10mm-m2\/#breadcrumb"},"inLanguage":"en-US","potentialAction":[{"@type":"ReadAction","target":["https:\/\/naddeos.com\/producto\/cesped-sintetico-10mm-m2\/"]}]},{"@type":"BreadcrumbList","@id":"https:\/\/naddeos.com\/producto\/cesped-sintetico-10mm-m2\/#breadcrumb","itemListElement":[{"@type":"ListItem","position":1,"name":"Portada","item":"https:\/\/naddeos.com\/"},{"@type":"ListItem","position":2,"name":"Tienda","item":"https:\/\/naddeos.com\/tienda\/"},{"@type":"ListItem","position":3,"name":"C\u00e9sped Sint\u00e9tico 10mm \u2013 m2"}]},{"@type":"WebSite","@id":"https:\/\/naddeos.com\/#website","url":"https:\/\/naddeos.com\/","name":"Naddeos","description":"Naddeos Vivero Online","publisher":{"@id":"https:\/\/naddeos.com\/#organization"},"potentialAction":[{"@type":"SearchAction","target":{"@type":"EntryPoint","urlTemplate":"https:\/\/naddeos.com\/?s={search_term_string}"},"query-input":"required name=search_term_string"}],"inLanguage":"en-US"},{"@type":"Organization","@id":"https:\/\/naddeos.com\/#organization","name":"Vivero Naddeos","url":"https:\/\/naddeos.com\/","sameAs":["https:\/\/www.instagram.com\/viveronaddeos\/","https:\/\/www.facebook.com\/naddeos"],"logo":{"@type":"ImageObject","inLanguage":"en-US","@id":"https:\/\/naddeos.com\/#\/schema\/logo\/image\/","url":"https:\/\/naddeos.com\/wp-content\/uploads\/2022\/09\/naddeos-logo-super-small-small.png","contentUrl":"https:\/\/naddeos.com\/wp-content\/uploads\/2022\/09\/naddeos-logo-super-small-small.png","width":139,"height":72,"caption":"Vivero Naddeos"},"image":{"@id":"https:\/\/naddeos.com\/#\/schema\/logo\/image\/"}}]}},"_links":{"self":[{"href":"https:\/\/naddeos.com\/en\/wp-json\/wp\/v2\/product\/18987","targetHints":{"allow":["GET"]}}],"collection":[{"href":"https:\/\/naddeos.com\/en\/wp-json\/wp\/v2\/product"}],"about":[{"href":"https:\/\/naddeos.com\/en\/wp-json\/wp\/v2\/types\/product"}],"wp:featuredmedia":[{"embeddable":true,"href":"https:\/\/naddeos.com\/en\/wp-json\/wp\/v2\/media\/18997"}],"wp:attachment":[{"href":"https:\/\/naddeos.com\/en\/wp-json\/wp\/v2\/media?parent=18987"}],"wp:term":[{"taxonomy":"product_cat","embeddable":true,"href":"https:\/\/naddeos.com\/en\/wp-json\/wp\/v2\/product_cat?post=18987"},{"taxonomy":"product_tag","embeddable":true,"href":"https:\/\/naddeos.com\/en\/wp-json\/wp\/v2\/product_tag?post=18987"}],"curies":[{"name":"wp","href":"https:\/\/api.w.org\/{rel}","templated":true}]}}