{"id":18578,"date":"2023-11-09T09:46:44","date_gmt":"2023-11-09T12:46:44","guid":{"rendered":"https:\/\/naddeos.com\/?post_type=product&#038;p=18578"},"modified":"2024-10-29T14:56:32","modified_gmt":"2024-10-29T17:56:32","slug":"paisajismo-proyecto-de-obra","status":"publish","type":"product","link":"https:\/\/naddeos.com\/en\/producto\/paisajismo-proyecto-de-obra\/","title":{"rendered":"Paisajismo &#8211; Proyecto de Obra"},"content":{"rendered":"<p>Visitamos tu espacio con nuestro equipo de Paisajistas , charlamos ideas , analizamos la iluminaci\u00f3n de todos los ambientes, sacamos fotos y luego realizamos presentamos una carpeta t\u00e9cnica con detalles de cada planta y proyecciones digitales del dise\u00f1o con plantas y macetas para que veas <strong>exactamente\u00a0<\/strong>c\u00f3mo quedar\u00eda el proyecto terminado!<\/p>\n<p>Una vez aprobado el dise\u00f1o, presupuestamos todo el trabajo incluyendo: plantas, sustratos, macetas, env\u00edo y mano de obra, para que lo \u00fanico que tengas que hacer es recibirnos, luego nosotros nos encargamos de todo!<\/p>\n<p>Asegura tus espacios y el resultado de tus proyectos! \u2665<\/p>","protected":false},"excerpt":{"rendered":"<p>Visitamos tu espacio con nuestro equipo de Paisajistas , charlamos ideas , analizamos la iluminaci\u00f3n de todos los ambientes, sacamos fotos y luego realizamos presentamos una carpeta t\u00e9cnica con detalles de cada planta y proyecciones digitales del dise\u00f1o con plantas y macetas para que veas exactamente\u00a0c\u00f3mo quedar\u00eda el proyecto terminado! Una vez aprobado el dise\u00f1o, &hellip;<\/p>\n<p class=\"read-more\"> <a class=\"\" href=\"https:\/\/naddeos.com\/en\/producto\/paisajismo-proyecto-de-obra\/\"> <span class=\"screen-reader-text\">Paisajismo &#8211; Proyecto de Obra<\/span> Read More &raquo;<\/a><\/p>","protected":false},"featured_media":18581,"template":"","meta":{"site-sidebar-layout":"default","site-content-layout":"default","ast-main-header-display":"","ast-hfb-above-header-display":"","ast-hfb-below-header-display":"","ast-hfb-mobile-header-display":"","site-post-title":"","ast-breadcrumbs-content":"","ast-featured-img":"","footer-sml-layout":"","theme-transparent-header-meta":"default","adv-header-id-meta":"","stick-header-meta":"","header-above-stick-meta":"","header-main-stick-meta":"","header-below-stick-meta":""},"product_cat":[93],"product_tag":[],"class_list":["post-18578","product","type-product","status-publish","has-post-thumbnail","hentry","product_cat-sorteos"],"_links":{"self":[{"href":"https:\/\/naddeos.com\/en\/wp-json\/wp\/v2\/product\/18578","targetHints":{"allow":["GET"]}}],"collection":[{"href":"https:\/\/naddeos.com\/en\/wp-json\/wp\/v2\/product"}],"about":[{"href":"https:\/\/naddeos.com\/en\/wp-json\/wp\/v2\/types\/product"}],"wp:featuredmedia":[{"embeddable":true,"href":"https:\/\/naddeos.com\/en\/wp-json\/wp\/v2\/media\/18581"}],"wp:attachment":[{"href":"https:\/\/naddeos.com\/en\/wp-json\/wp\/v2\/media?parent=18578"}],"wp:term":[{"taxonomy":"product_cat","embeddable":true,"href":"https:\/\/naddeos.com\/en\/wp-json\/wp\/v2\/product_cat?post=18578"},{"taxonomy":"product_tag","embeddable":true,"href":"https:\/\/naddeos.com\/en\/wp-json\/wp\/v2\/product_tag?post=18578"}],"curies":[{"name":"wp","href":"https:\/\/api.w.org\/{rel}","templated":true}]}}