{"id":18035,"date":"2023-10-10T13:23:30","date_gmt":"2023-10-10T16:23:30","guid":{"rendered":"https:\/\/naddeos.com\/?post_type=product&#038;p=18035"},"modified":"2023-10-10T13:36:12","modified_gmt":"2023-10-10T16:36:12","slug":"paisajismo-%e2%99%a5","status":"publish","type":"product","link":"https:\/\/naddeos.com\/en\/producto\/paisajismo-%e2%99%a5\/","title":{"rendered":"Paisajismo \u2665"},"content":{"rendered":"<p>Tenemos dos formas de realizar Paisajismo en tus espacios<\/p>\n<p><strong>&#8211;\u00a0 Sin Visita &#8211;<\/strong><\/p>\n<p>F\u00e1cil y r\u00e1pido, nos envias fotos, videos y charlamos tus ideas para llegar a las plantitas que m\u00e1s te gustan, luego en las fotos realizamos proyecciones digitales realizamos el dise\u00f1o con plantas y macetas para que veas <strong>exactamente\u00a0<\/strong>c\u00f3mo quedar\u00eda el proyecto terminado!<\/p>\n<p><strong>&#8211;\u00a0 Con Visita &#8211;<\/strong><\/p>\n<p>Visitamos tu espacio con nuestro equipo de Paisajistas , charlamos ideas , analizamos la iluminaci\u00f3n de todos los ambientes, sacamos fotos y luego realizamos presentamos una carpeta t\u00e9cnica con detalles de cada planta y proyecciones digitales del dise\u00f1o con plantas y macetas para que veas <strong>exactamente\u00a0<\/strong>c\u00f3mo quedar\u00eda el proyecto terminado!<\/p>\n<p>De cualquiera de las dos formas, una vez aprobado el dise\u00f1o, presupuestamos todo el trabajo incluyendo: plantas, sustratos, macetas, env\u00edo y mano de obra, para que lo \u00fanico que tengas que hacer es recibirnos, luego nosotros nos encargamos de todo!<\/p>\n<p>Asegura tus espacios y el resultado de tus proyectos! \u2665<\/p>","protected":false},"excerpt":{"rendered":"<p>Tenemos dos formas de realizar Paisajismo en tus espacios &#8211;\u00a0 Sin Visita &#8211; F\u00e1cil y r\u00e1pido, nos envias fotos, videos y charlamos tus ideas para llegar a las plantitas que m\u00e1s te gustan, luego en las fotos realizamos proyecciones digitales realizamos el dise\u00f1o con plantas y macetas para que veas exactamente\u00a0c\u00f3mo quedar\u00eda el proyecto terminado! &hellip;<\/p>\n<p class=\"read-more\"> <a class=\"\" href=\"https:\/\/naddeos.com\/en\/producto\/paisajismo-%e2%99%a5\/\"> <span class=\"screen-reader-text\">Paisajismo \u2665<\/span> Read More &raquo;<\/a><\/p>","protected":false},"featured_media":18046,"template":"","meta":{"site-sidebar-layout":"default","site-content-layout":"default","ast-main-header-display":"","ast-hfb-above-header-display":"","ast-hfb-below-header-display":"","ast-hfb-mobile-header-display":"","site-post-title":"","ast-breadcrumbs-content":"","ast-featured-img":"","footer-sml-layout":"","theme-transparent-header-meta":"default","adv-header-id-meta":"","stick-header-meta":"","header-above-stick-meta":"","header-main-stick-meta":"","header-below-stick-meta":""},"product_cat":[93],"product_tag":[],"class_list":["post-18035","product","type-product","status-publish","has-post-thumbnail","hentry","product_cat-sorteos"],"_links":{"self":[{"href":"https:\/\/naddeos.com\/en\/wp-json\/wp\/v2\/product\/18035","targetHints":{"allow":["GET"]}}],"collection":[{"href":"https:\/\/naddeos.com\/en\/wp-json\/wp\/v2\/product"}],"about":[{"href":"https:\/\/naddeos.com\/en\/wp-json\/wp\/v2\/types\/product"}],"wp:featuredmedia":[{"embeddable":true,"href":"https:\/\/naddeos.com\/en\/wp-json\/wp\/v2\/media\/18046"}],"wp:attachment":[{"href":"https:\/\/naddeos.com\/en\/wp-json\/wp\/v2\/media?parent=18035"}],"wp:term":[{"taxonomy":"product_cat","embeddable":true,"href":"https:\/\/naddeos.com\/en\/wp-json\/wp\/v2\/product_cat?post=18035"},{"taxonomy":"product_tag","embeddable":true,"href":"https:\/\/naddeos.com\/en\/wp-json\/wp\/v2\/product_tag?post=18035"}],"curies":[{"name":"wp","href":"https:\/\/api.w.org\/{rel}","templated":true}]}}