{"id":16980,"date":"2023-01-11T12:42:17","date_gmt":"2023-01-11T15:42:17","guid":{"rendered":"https:\/\/naddeos.com\/?post_type=product&#038;p=16980"},"modified":"2024-09-27T11:00:31","modified_gmt":"2024-09-27T14:00:31","slug":"alegria-del-hogar-2","status":"publish","type":"product","link":"https:\/\/naddeos.com\/en\/producto\/alegria-del-hogar-2\/","title":{"rendered":"Joy to the home"},"content":{"rendered":"<p style=\"text-align: center;\"><a href=\"https:\/\/naddeos.com\/en\/?s=zamioculca&amp;post_type=product&amp;dgwt_wcas=1\"><img loading=\"lazy\" decoding=\"async\" class=\"alignnone wp-image-16721\" src=\"https:\/\/naddeos.com\/wp-content\/uploads\/2023\/01\/boton-ver-opciones-con-maceta-4-300x64.png\" alt=\"\" width=\"366\" height=\"78\" srcset=\"https:\/\/naddeos.com\/wp-content\/uploads\/2023\/01\/boton-ver-opciones-con-maceta-4-300x64.png 300w, https:\/\/naddeos.com\/wp-content\/uploads\/2023\/01\/boton-ver-opciones-con-maceta-4-1024x217.png 1024w, https:\/\/naddeos.com\/wp-content\/uploads\/2023\/01\/boton-ver-opciones-con-maceta-4-768x163.png 768w, https:\/\/naddeos.com\/wp-content\/uploads\/2023\/01\/boton-ver-opciones-con-maceta-4-600x127.png 600w, https:\/\/naddeos.com\/wp-content\/uploads\/2023\/01\/boton-ver-opciones-con-maceta-4-64x14.png 64w, https:\/\/naddeos.com\/wp-content\/uploads\/2023\/01\/boton-ver-opciones-con-maceta-4.png 1070w\" sizes=\"auto, (max-width: 366px) 100vw, 366px\" \/><\/a><\/p>\n<p style=\"text-align: center;\"><a href=\"https:\/\/naddeos.com\/wp-content\/uploads\/2023\/01\/Exterior-Facil.png\"><img loading=\"lazy\" decoding=\"async\" class=\"alignnone size-medium wp-image-16983\" src=\"https:\/\/naddeos.com\/wp-content\/uploads\/2023\/01\/Exterior-Facil-300x250.png\" alt=\"\" width=\"300\" height=\"250\" srcset=\"https:\/\/naddeos.com\/wp-content\/uploads\/2023\/01\/Exterior-Facil-300x250.png 300w, https:\/\/naddeos.com\/wp-content\/uploads\/2023\/01\/Exterior-Facil-1024x853.png 1024w, https:\/\/naddeos.com\/wp-content\/uploads\/2023\/01\/Exterior-Facil-768x640.png 768w, https:\/\/naddeos.com\/wp-content\/uploads\/2023\/01\/Exterior-Facil-600x500.png 600w, https:\/\/naddeos.com\/wp-content\/uploads\/2023\/01\/Exterior-Facil-64x53.png 64w, https:\/\/naddeos.com\/wp-content\/uploads\/2023\/01\/Exterior-Facil.png 1080w\" sizes=\"auto, (max-width: 300px) 100vw, 300px\" \/><\/a><\/p>\n<h1 style=\"text-align: center;\">A l e g r \u00ed a d e l h o g a r<\/h1>\n<p style=\"text-align: center;\">Las alegr\u00edas del hogar son un cl\u00e1sico por sus flores multicolores y su s\u00faper resistencia! Una vez trasplantada empieza a desarrollar ra\u00edz y va bien en exteriores con sombra y algunas horas de sol, no tantas, as\u00ed no secan sus florcitas. Para que las alegr\u00edas del hogar se desarrollen bien, tienen que tener humedad en la tierra pero siempre con cuidado de no excedernos de agua!<\/p>\n<p style=\"text-align: center;\"><a href=\"https:\/\/naddeos.com\/wp-content\/uploads\/2022\/11\/envio-y-pagos.png\"><img loading=\"lazy\" decoding=\"async\" class=\"wp-image-16595 aligncenter\" src=\"https:\/\/naddeos.com\/wp-content\/uploads\/2022\/11\/envio-y-pagos-300x84.png\" alt=\"\" width=\"393\" height=\"110\" srcset=\"https:\/\/naddeos.com\/wp-content\/uploads\/2022\/11\/envio-y-pagos-300x84.png 300w, https:\/\/naddeos.com\/wp-content\/uploads\/2022\/11\/envio-y-pagos-600x169.png 600w, https:\/\/naddeos.com\/wp-content\/uploads\/2022\/11\/envio-y-pagos-64x18.png 64w, https:\/\/naddeos.com\/wp-content\/uploads\/2022\/11\/envio-y-pagos-1024x288.png 1024w, https:\/\/naddeos.com\/wp-content\/uploads\/2022\/11\/envio-y-pagos-768x216.png 768w, https:\/\/naddeos.com\/wp-content\/uploads\/2022\/11\/envio-y-pagos.png 1068w\" sizes=\"auto, (max-width: 393px) 100vw, 393px\" \/><\/a><\/p>\n<p style=\"text-align: center;\">Seguinos en Instagram para ver todas nuestras novedades!<\/p>\n<p style=\"text-align: center;\"><a href=\"https:\/\/www.instagram.com\/viveronaddeos\/\"><img loading=\"lazy\" decoding=\"async\" class=\"alignnone wp-image-16322\" src=\"https:\/\/naddeos.com\/wp-content\/uploads\/2022\/10\/Instagram_icon-icons.com_66804.png\" alt=\"\" width=\"77\" height=\"77\" srcset=\"https:\/\/naddeos.com\/wp-content\/uploads\/2022\/10\/Instagram_icon-icons.com_66804.png 128w, https:\/\/naddeos.com\/wp-content\/uploads\/2022\/10\/Instagram_icon-icons.com_66804-100x100.png 100w, https:\/\/naddeos.com\/wp-content\/uploads\/2022\/10\/Instagram_icon-icons.com_66804-64x64.png 64w, https:\/\/naddeos.com\/wp-content\/uploads\/2022\/10\/Instagram_icon-icons.com_66804-50x50.png 50w\" sizes=\"auto, (max-width: 77px) 100vw, 77px\" \/><\/a><\/p>\n<p style=\"text-align: center;\">@ViveroNaddeos<\/p>","protected":false},"excerpt":{"rendered":"<p>A l e g r \u00ed a d e l h o g a r Las alegr\u00edas del hogar son un cl\u00e1sico por sus flores multicolores y su s\u00faper resistencia! Una vez trasplantada empieza a desarrollar ra\u00edz y va bien en exteriores con sombra y algunas horas de sol, no tantas, as\u00ed no secan sus &hellip;<\/p>\n<p class=\"read-more\"> <a class=\"\" href=\"https:\/\/naddeos.com\/en\/producto\/alegria-del-hogar-2\/\"> <span class=\"screen-reader-text\">Joy to the home<\/span> Read More &raquo;<\/a><\/p>","protected":false},"featured_media":16989,"template":"","meta":{"site-sidebar-layout":"default","site-content-layout":"default","ast-main-header-display":"","ast-hfb-above-header-display":"","ast-hfb-below-header-display":"","ast-hfb-mobile-header-display":"","site-post-title":"","ast-breadcrumbs-content":"","ast-featured-img":"","footer-sml-layout":"","theme-transparent-header-meta":"default","adv-header-id-meta":"","stick-header-meta":"","header-above-stick-meta":"","header-main-stick-meta":"","header-below-stick-meta":""},"product_cat":[38,48],"product_tag":[39],"class_list":["post-16980","product","type-product","status-publish","has-post-thumbnail","hentry","product_cat-solo-plantas","product_cat-plantas-de-exterior","product_tag-plantas-de-exterior","product_shipping_class-logistica-naddeos"],"_links":{"self":[{"href":"https:\/\/naddeos.com\/en\/wp-json\/wp\/v2\/product\/16980","targetHints":{"allow":["GET"]}}],"collection":[{"href":"https:\/\/naddeos.com\/en\/wp-json\/wp\/v2\/product"}],"about":[{"href":"https:\/\/naddeos.com\/en\/wp-json\/wp\/v2\/types\/product"}],"wp:featuredmedia":[{"embeddable":true,"href":"https:\/\/naddeos.com\/en\/wp-json\/wp\/v2\/media\/16989"}],"wp:attachment":[{"href":"https:\/\/naddeos.com\/en\/wp-json\/wp\/v2\/media?parent=16980"}],"wp:term":[{"taxonomy":"product_cat","embeddable":true,"href":"https:\/\/naddeos.com\/en\/wp-json\/wp\/v2\/product_cat?post=16980"},{"taxonomy":"product_tag","embeddable":true,"href":"https:\/\/naddeos.com\/en\/wp-json\/wp\/v2\/product_tag?post=16980"}],"curies":[{"name":"wp","href":"https:\/\/api.w.org\/{rel}","templated":true}]}}