{"id":16882,"date":"2023-01-03T10:28:44","date_gmt":"2023-01-03T13:28:44","guid":{"rendered":"https:\/\/naddeos.com\/?post_type=product&#038;p=16882"},"modified":"2024-09-27T11:00:27","modified_gmt":"2024-09-27T14:00:27","slug":"zamioculca-2","status":"publish","type":"product","link":"https:\/\/naddeos.com\/en\/producto\/zamioculca-2\/","title":{"rendered":"Zamioculca"},"content":{"rendered":"<p style=\"text-align: center;\"><a href=\"https:\/\/naddeos.com\/en\/?s=zamioculca&amp;post_type=product&amp;dgwt_wcas=1\"><img loading=\"lazy\" decoding=\"async\" class=\"alignnone wp-image-16721\" src=\"https:\/\/naddeos.com\/wp-content\/uploads\/2023\/01\/boton-ver-opciones-con-maceta-4-300x64.png\" alt=\"\" width=\"366\" height=\"78\" srcset=\"https:\/\/naddeos.com\/wp-content\/uploads\/2023\/01\/boton-ver-opciones-con-maceta-4-300x64.png 300w, https:\/\/naddeos.com\/wp-content\/uploads\/2023\/01\/boton-ver-opciones-con-maceta-4-1024x217.png 1024w, https:\/\/naddeos.com\/wp-content\/uploads\/2023\/01\/boton-ver-opciones-con-maceta-4-768x163.png 768w, https:\/\/naddeos.com\/wp-content\/uploads\/2023\/01\/boton-ver-opciones-con-maceta-4-600x127.png 600w, https:\/\/naddeos.com\/wp-content\/uploads\/2023\/01\/boton-ver-opciones-con-maceta-4-64x14.png 64w, https:\/\/naddeos.com\/wp-content\/uploads\/2023\/01\/boton-ver-opciones-con-maceta-4.png 1070w\" sizes=\"auto, (max-width: 366px) 100vw, 366px\" \/><\/a><\/p>\n<p style=\"text-align: center;\"><a href=\"https:\/\/naddeos.com\/wp-content\/uploads\/2022\/11\/interior-Facil.png\"><img loading=\"lazy\" decoding=\"async\" class=\"alignnone wp-image-16656\" src=\"https:\/\/naddeos.com\/wp-content\/uploads\/2022\/11\/interior-Facil-300x250.png\" alt=\"\" width=\"379\" height=\"316\" srcset=\"https:\/\/naddeos.com\/wp-content\/uploads\/2022\/11\/interior-Facil-300x250.png 300w, https:\/\/naddeos.com\/wp-content\/uploads\/2022\/11\/interior-Facil-1024x853.png 1024w, https:\/\/naddeos.com\/wp-content\/uploads\/2022\/11\/interior-Facil-768x640.png 768w, https:\/\/naddeos.com\/wp-content\/uploads\/2022\/11\/interior-Facil-600x500.png 600w, https:\/\/naddeos.com\/wp-content\/uploads\/2022\/11\/interior-Facil-64x53.png 64w, https:\/\/naddeos.com\/wp-content\/uploads\/2022\/11\/interior-Facil.png 1080w\" sizes=\"auto, (max-width: 379px) 100vw, 379px\" \/><\/a><\/p>\n<h1 style=\"text-align: center;\">Z a m i o c u l c a<\/h1>\n<p style=\"text-align: center;\">Planta super recomendada para lugares con poca luz! Esta hermosura con hojas de brillo natural, y la Sansevieria son las plantas que m\u00e1s resisten en lugares bien oscuros; si tenes un rinconcito que no le llegue luz y le quer\u00e9s dar vida, aqu\u00ed t\u00fa soluci\u00f3n! La Zamioculca es una planta selv\u00e1tica que en su h\u00e1bitat natural crece en lo profundo de la selva, en las sombras densas de las palmeras m\u00e1s altas, por eso tambi\u00e9n es importante mantener el ambiente h\u00famedo para que sus hojas se puedan desarrollar siempre brillantes y sanas \ud83d\ude42<\/p>\n<p style=\"text-align: center;\"><a href=\"https:\/\/naddeos.com\/wp-content\/uploads\/2022\/11\/envio-y-pagos.png\"><img loading=\"lazy\" decoding=\"async\" class=\"wp-image-16595 aligncenter\" src=\"https:\/\/naddeos.com\/wp-content\/uploads\/2022\/11\/envio-y-pagos-300x84.png\" alt=\"\" width=\"393\" height=\"110\" srcset=\"https:\/\/naddeos.com\/wp-content\/uploads\/2022\/11\/envio-y-pagos-300x84.png 300w, https:\/\/naddeos.com\/wp-content\/uploads\/2022\/11\/envio-y-pagos-600x169.png 600w, https:\/\/naddeos.com\/wp-content\/uploads\/2022\/11\/envio-y-pagos-64x18.png 64w, https:\/\/naddeos.com\/wp-content\/uploads\/2022\/11\/envio-y-pagos-1024x288.png 1024w, https:\/\/naddeos.com\/wp-content\/uploads\/2022\/11\/envio-y-pagos-768x216.png 768w, https:\/\/naddeos.com\/wp-content\/uploads\/2022\/11\/envio-y-pagos.png 1068w\" sizes=\"auto, (max-width: 393px) 100vw, 393px\" \/><\/a><\/p>\n<p style=\"text-align: center;\">Seguinos en Instagram para ver todas nuestras novedades!<\/p>\n<p style=\"text-align: center;\"><a href=\"https:\/\/www.instagram.com\/viveronaddeos\/\"><img loading=\"lazy\" decoding=\"async\" class=\"alignnone wp-image-16322\" src=\"https:\/\/naddeos.com\/wp-content\/uploads\/2022\/10\/Instagram_icon-icons.com_66804.png\" alt=\"\" width=\"77\" height=\"77\" srcset=\"https:\/\/naddeos.com\/wp-content\/uploads\/2022\/10\/Instagram_icon-icons.com_66804.png 128w, https:\/\/naddeos.com\/wp-content\/uploads\/2022\/10\/Instagram_icon-icons.com_66804-100x100.png 100w, https:\/\/naddeos.com\/wp-content\/uploads\/2022\/10\/Instagram_icon-icons.com_66804-64x64.png 64w, https:\/\/naddeos.com\/wp-content\/uploads\/2022\/10\/Instagram_icon-icons.com_66804-50x50.png 50w\" sizes=\"auto, (max-width: 77px) 100vw, 77px\" \/><\/a><\/p>\n<p style=\"text-align: center;\">@ViveroNaddeos<\/p>","protected":false},"excerpt":{"rendered":"<p>Z a m i o c u l c a Planta super recomendada para lugares con poca luz! Esta hermosura con hojas de brillo natural, y la Sansevieria son las plantas que m\u00e1s resisten en lugares bien oscuros; si tenes un rinconcito que no le llegue luz y le quer\u00e9s dar vida, aqu\u00ed t\u00fa soluci\u00f3n! &hellip;<\/p>\n<p class=\"read-more\"> <a class=\"\" href=\"https:\/\/naddeos.com\/en\/producto\/zamioculca-2\/\"> <span class=\"screen-reader-text\">Zamioculca<\/span> Read More &raquo;<\/a><\/p>","protected":false},"featured_media":16856,"template":"","meta":{"site-sidebar-layout":"default","site-content-layout":"default","ast-main-header-display":"","ast-hfb-above-header-display":"","ast-hfb-below-header-display":"","ast-hfb-mobile-header-display":"","site-post-title":"","ast-breadcrumbs-content":"","ast-featured-img":"","footer-sml-layout":"","theme-transparent-header-meta":"default","adv-header-id-meta":"","stick-header-meta":"","header-above-stick-meta":"","header-main-stick-meta":"","header-below-stick-meta":""},"product_cat":[38,47],"product_tag":[41],"class_list":["post-16882","product","type-product","status-publish","has-post-thumbnail","hentry","product_cat-solo-plantas","product_cat-plantas-de-interior","product_tag-plantas-de-interior","product_shipping_class-logistica-naddeos"],"_links":{"self":[{"href":"https:\/\/naddeos.com\/en\/wp-json\/wp\/v2\/product\/16882","targetHints":{"allow":["GET"]}}],"collection":[{"href":"https:\/\/naddeos.com\/en\/wp-json\/wp\/v2\/product"}],"about":[{"href":"https:\/\/naddeos.com\/en\/wp-json\/wp\/v2\/types\/product"}],"wp:featuredmedia":[{"embeddable":true,"href":"https:\/\/naddeos.com\/en\/wp-json\/wp\/v2\/media\/16856"}],"wp:attachment":[{"href":"https:\/\/naddeos.com\/en\/wp-json\/wp\/v2\/media?parent=16882"}],"wp:term":[{"taxonomy":"product_cat","embeddable":true,"href":"https:\/\/naddeos.com\/en\/wp-json\/wp\/v2\/product_cat?post=16882"},{"taxonomy":"product_tag","embeddable":true,"href":"https:\/\/naddeos.com\/en\/wp-json\/wp\/v2\/product_tag?post=16882"}],"curies":[{"name":"wp","href":"https:\/\/api.w.org\/{rel}","templated":true}]}}