{"id":16760,"date":"2023-01-02T13:19:00","date_gmt":"2023-01-02T16:19:00","guid":{"rendered":"https:\/\/naddeos.com\/?post_type=product&#038;p=16760"},"modified":"2024-09-27T11:00:26","modified_gmt":"2024-09-27T14:00:26","slug":"pandurata-2","status":"publish","type":"product","link":"https:\/\/naddeos.com\/en\/producto\/pandurata-2\/","title":{"rendered":"Pandurata"},"content":{"rendered":"<p style=\"text-align: center;\"><a href=\"https:\/\/naddeos.com\/en\/?s=pandurata&amp;post_type=product&amp;dgwt_wcas=1\"><img loading=\"lazy\" decoding=\"async\" class=\"alignnone wp-image-16721\" src=\"https:\/\/naddeos.com\/wp-content\/uploads\/2023\/01\/boton-ver-opciones-con-maceta-4-300x64.png\" alt=\"\" width=\"366\" height=\"78\" srcset=\"https:\/\/naddeos.com\/wp-content\/uploads\/2023\/01\/boton-ver-opciones-con-maceta-4-300x64.png 300w, https:\/\/naddeos.com\/wp-content\/uploads\/2023\/01\/boton-ver-opciones-con-maceta-4-1024x217.png 1024w, https:\/\/naddeos.com\/wp-content\/uploads\/2023\/01\/boton-ver-opciones-con-maceta-4-768x163.png 768w, https:\/\/naddeos.com\/wp-content\/uploads\/2023\/01\/boton-ver-opciones-con-maceta-4-600x127.png 600w, https:\/\/naddeos.com\/wp-content\/uploads\/2023\/01\/boton-ver-opciones-con-maceta-4-64x14.png 64w, https:\/\/naddeos.com\/wp-content\/uploads\/2023\/01\/boton-ver-opciones-con-maceta-4.png 1070w\" sizes=\"auto, (max-width: 366px) 100vw, 366px\" \/><\/a><\/p>\n<p style=\"text-align: center;\"><a href=\"https:\/\/naddeos.com\/wp-content\/uploads\/2022\/11\/interior-Media.png\"><img loading=\"lazy\" decoding=\"async\" class=\"alignnone wp-image-16654\" src=\"https:\/\/naddeos.com\/wp-content\/uploads\/2022\/11\/interior-Media-300x250.png\" alt=\"\" width=\"411\" height=\"342\" srcset=\"https:\/\/naddeos.com\/wp-content\/uploads\/2022\/11\/interior-Media-300x250.png 300w, https:\/\/naddeos.com\/wp-content\/uploads\/2022\/11\/interior-Media-1024x853.png 1024w, https:\/\/naddeos.com\/wp-content\/uploads\/2022\/11\/interior-Media-768x640.png 768w, https:\/\/naddeos.com\/wp-content\/uploads\/2022\/11\/interior-Media-600x500.png 600w, https:\/\/naddeos.com\/wp-content\/uploads\/2022\/11\/interior-Media-64x53.png 64w, https:\/\/naddeos.com\/wp-content\/uploads\/2022\/11\/interior-Media.png 1080w\" sizes=\"auto, (max-width: 411px) 100vw, 411px\" \/><\/a><\/p>\n<h1 style=\"text-align: center;\"><strong>P a n d u r a t a<\/strong><\/h1>\n<p style=\"text-align: center;\">El Pandurata es una de las plantas m\u00e1s populares por sus hojasas GIGANTES! Cuando crecen se transforman en un hermoso \u00e1rbol de interior o exterior que banca poda y se pueden hacer hijitos as\u00ed que es s\u00faper divertido \u2665 Tiene que estar en un lugar muy luminoso y no le molestan unas horas de sol directo por d\u00eda, y siempre el sustrato tiene que estar h\u00famedo! Al ser de la familia de los Ficus, el Pandurata expande mucha ra\u00edz por lo que necesita una buena maceta para que crecer bien!<\/p>\n<p style=\"text-align: center;\"><a href=\"https:\/\/naddeos.com\/wp-content\/uploads\/2022\/11\/envio-y-pagos.png\"><img loading=\"lazy\" decoding=\"async\" class=\"wp-image-16595 aligncenter\" src=\"https:\/\/naddeos.com\/wp-content\/uploads\/2022\/11\/envio-y-pagos-300x84.png\" alt=\"\" width=\"393\" height=\"110\" srcset=\"https:\/\/naddeos.com\/wp-content\/uploads\/2022\/11\/envio-y-pagos-300x84.png 300w, https:\/\/naddeos.com\/wp-content\/uploads\/2022\/11\/envio-y-pagos-600x169.png 600w, https:\/\/naddeos.com\/wp-content\/uploads\/2022\/11\/envio-y-pagos-64x18.png 64w, https:\/\/naddeos.com\/wp-content\/uploads\/2022\/11\/envio-y-pagos-1024x288.png 1024w, https:\/\/naddeos.com\/wp-content\/uploads\/2022\/11\/envio-y-pagos-768x216.png 768w, https:\/\/naddeos.com\/wp-content\/uploads\/2022\/11\/envio-y-pagos.png 1068w\" sizes=\"auto, (max-width: 393px) 100vw, 393px\" \/><\/a><\/p>\n<p style=\"text-align: center;\">Seguinos en Instagram para ver todas nuestras novedades!<\/p>\n<p style=\"text-align: center;\"><a href=\"https:\/\/www.instagram.com\/viveronaddeos\/\"><img loading=\"lazy\" decoding=\"async\" class=\"alignnone wp-image-16322\" src=\"https:\/\/naddeos.com\/wp-content\/uploads\/2022\/10\/Instagram_icon-icons.com_66804.png\" alt=\"\" width=\"77\" height=\"77\" srcset=\"https:\/\/naddeos.com\/wp-content\/uploads\/2022\/10\/Instagram_icon-icons.com_66804.png 128w, https:\/\/naddeos.com\/wp-content\/uploads\/2022\/10\/Instagram_icon-icons.com_66804-100x100.png 100w, https:\/\/naddeos.com\/wp-content\/uploads\/2022\/10\/Instagram_icon-icons.com_66804-64x64.png 64w, https:\/\/naddeos.com\/wp-content\/uploads\/2022\/10\/Instagram_icon-icons.com_66804-50x50.png 50w\" sizes=\"auto, (max-width: 77px) 100vw, 77px\" \/><\/a><\/p>\n<p style=\"text-align: center;\">@ViveroNaddeos<\/p>","protected":false},"excerpt":{"rendered":"<p>P a n d u r a t a El Pandurata es una de las plantas m\u00e1s populares por sus hojasas GIGANTES! Cuando crecen se transforman en un hermoso \u00e1rbol de interior o exterior que banca poda y se pueden hacer hijitos as\u00ed que es s\u00faper divertido \u2665 Tiene que estar en un lugar muy &hellip;<\/p>\n<p class=\"read-more\"> <a class=\"\" href=\"https:\/\/naddeos.com\/en\/producto\/pandurata-2\/\"> <span class=\"screen-reader-text\">Pandurata<\/span> Read More &raquo;<\/a><\/p>","protected":false},"featured_media":16762,"template":"","meta":{"om_disable_all_campaigns":false,"site-sidebar-layout":"default","site-content-layout":"default","ast-main-header-display":"","ast-hfb-above-header-display":"","ast-hfb-below-header-display":"","ast-hfb-mobile-header-display":"","site-post-title":"","ast-breadcrumbs-content":"","ast-featured-img":"","footer-sml-layout":"","theme-transparent-header-meta":"default","adv-header-id-meta":"","stick-header-meta":"","header-above-stick-meta":"","header-main-stick-meta":"","header-below-stick-meta":""},"product_cat":[38,47],"product_tag":[41],"class_list":["post-16760","product","type-product","status-publish","has-post-thumbnail","hentry","product_cat-solo-plantas","product_cat-plantas-de-interior","product_tag-plantas-de-interior","product_shipping_class-logistica-naddeos"],"yoast_head":"<!-- This site is optimized with the Yoast SEO plugin v19.7.1 - https:\/\/yoast.com\/wordpress\/plugins\/seo\/ -->\n<title>Pandurata - Naddeos Online - Env\u00edo Gratis!<\/title>\n<meta name=\"description\" content=\"Encontr\u00e1 la Estrella Federal m\u00e1s linda y recibila en tu domicilio! \ud83c\udf39 20% Off abonando en Efectivo o 6 cuotas sin inter\u00e9s con env\u00edo gratis! \ud83d\ude9b\" \/>\n<meta name=\"robots\" content=\"index, follow, max-snippet:-1, max-image-preview:large, max-video-preview:-1\" \/>\n<link rel=\"canonical\" href=\"https:\/\/naddeos.com\/en\/producto\/pandurata-2\/\" \/>\n<meta property=\"og:locale\" content=\"en_US\" \/>\n<meta property=\"og:type\" content=\"article\" \/>\n<meta property=\"og:title\" content=\"Pandurata - Naddeos Online - Env\u00edo Gratis!\" \/>\n<meta property=\"og:description\" content=\"Encontr\u00e1 la Estrella Federal m\u00e1s linda y recibila en tu domicilio! \ud83c\udf39 20% Off abonando en Efectivo o 6 cuotas sin inter\u00e9s con env\u00edo gratis! \ud83d\ude9b\" \/>\n<meta property=\"og:url\" content=\"https:\/\/naddeos.com\/en\/producto\/pandurata-2\/\" \/>\n<meta property=\"og:site_name\" content=\"Naddeos\" \/>\n<meta property=\"article:publisher\" content=\"https:\/\/www.facebook.com\/naddeos\" \/>\n<meta property=\"article:modified_time\" content=\"2024-09-27T14:00:26+00:00\" \/>\n<meta property=\"og:image\" content=\"https:\/\/naddeos.com\/wp-content\/uploads\/2023\/01\/pandurata-1-1.png\" \/>\n\t<meta property=\"og:image:width\" content=\"1080\" \/>\n\t<meta property=\"og:image:height\" content=\"1350\" \/>\n\t<meta property=\"og:image:type\" content=\"image\/png\" \/>\n<meta name=\"twitter:card\" content=\"summary_large_image\" \/>\n<meta name=\"twitter:label1\" content=\"Est. reading time\" \/>\n\t<meta name=\"twitter:data1\" content=\"2 minutes\" \/>\n<script type=\"application\/ld+json\" class=\"yoast-schema-graph\">{\"@context\":\"https:\/\/schema.org\",\"@graph\":[{\"@type\":\"WebPage\",\"@id\":\"https:\/\/naddeos.com\/producto\/pandurata-2\/\",\"url\":\"https:\/\/naddeos.com\/producto\/pandurata-2\/\",\"name\":\"Pandurata - Naddeos Online - Env\u00edo Gratis!\",\"isPartOf\":{\"@id\":\"https:\/\/naddeos.com\/#website\"},\"datePublished\":\"2023-01-02T16:19:00+00:00\",\"dateModified\":\"2024-09-27T14:00:26+00:00\",\"description\":\"Encontr\u00e1 la Estrella Federal m\u00e1s linda y recibila en tu domicilio! \ud83c\udf39 20% Off abonando en Efectivo o 6 cuotas sin inter\u00e9s con env\u00edo gratis! \ud83d\ude9b\",\"breadcrumb\":{\"@id\":\"https:\/\/naddeos.com\/producto\/pandurata-2\/#breadcrumb\"},\"inLanguage\":\"en-US\",\"potentialAction\":[{\"@type\":\"ReadAction\",\"target\":[\"https:\/\/naddeos.com\/producto\/pandurata-2\/\"]}]},{\"@type\":\"BreadcrumbList\",\"@id\":\"https:\/\/naddeos.com\/producto\/pandurata-2\/#breadcrumb\",\"itemListElement\":[{\"@type\":\"ListItem\",\"position\":1,\"name\":\"Portada\",\"item\":\"https:\/\/naddeos.com\/\"},{\"@type\":\"ListItem\",\"position\":2,\"name\":\"Tienda\",\"item\":\"https:\/\/naddeos.com\/tienda\/\"},{\"@type\":\"ListItem\",\"position\":3,\"name\":\"Pandurata\"}]},{\"@type\":\"WebSite\",\"@id\":\"https:\/\/naddeos.com\/#website\",\"url\":\"https:\/\/naddeos.com\/\",\"name\":\"Naddeos\",\"description\":\"Naddeos Vivero Online\",\"publisher\":{\"@id\":\"https:\/\/naddeos.com\/#organization\"},\"potentialAction\":[{\"@type\":\"SearchAction\",\"target\":{\"@type\":\"EntryPoint\",\"urlTemplate\":\"https:\/\/naddeos.com\/?s={search_term_string}\"},\"query-input\":\"required name=search_term_string\"}],\"inLanguage\":\"en-US\"},{\"@type\":\"Organization\",\"@id\":\"https:\/\/naddeos.com\/#organization\",\"name\":\"Vivero Naddeos\",\"url\":\"https:\/\/naddeos.com\/\",\"sameAs\":[\"https:\/\/www.instagram.com\/viveronaddeos\/\",\"https:\/\/www.facebook.com\/naddeos\"],\"logo\":{\"@type\":\"ImageObject\",\"inLanguage\":\"en-US\",\"@id\":\"https:\/\/naddeos.com\/#\/schema\/logo\/image\/\",\"url\":\"https:\/\/naddeos.com\/wp-content\/uploads\/2022\/09\/naddeos-logo-super-small-small.png\",\"contentUrl\":\"https:\/\/naddeos.com\/wp-content\/uploads\/2022\/09\/naddeos-logo-super-small-small.png\",\"width\":139,\"height\":72,\"caption\":\"Vivero Naddeos\"},\"image\":{\"@id\":\"https:\/\/naddeos.com\/#\/schema\/logo\/image\/\"}}]}<\/script>\n<!-- \/ Yoast SEO plugin. -->","yoast_head_json":{"title":"Pandurata - Naddeos Online - Env\u00edo Gratis!","description":"Encontr\u00e1 la Estrella Federal m\u00e1s linda y recibila en tu domicilio! \ud83c\udf39 20% Off abonando en Efectivo o 6 cuotas sin inter\u00e9s con env\u00edo gratis! \ud83d\ude9b","robots":{"index":"index","follow":"follow","max-snippet":"max-snippet:-1","max-image-preview":"max-image-preview:large","max-video-preview":"max-video-preview:-1"},"canonical":"https:\/\/naddeos.com\/en\/producto\/pandurata-2\/","og_locale":"en_US","og_type":"article","og_title":"Pandurata - Naddeos Online - Env\u00edo Gratis!","og_description":"Encontr\u00e1 la Estrella Federal m\u00e1s linda y recibila en tu domicilio! \ud83c\udf39 20% Off abonando en Efectivo o 6 cuotas sin inter\u00e9s con env\u00edo gratis! \ud83d\ude9b","og_url":"https:\/\/naddeos.com\/en\/producto\/pandurata-2\/","og_site_name":"Naddeos","article_publisher":"https:\/\/www.facebook.com\/naddeos","article_modified_time":"2024-09-27T14:00:26+00:00","og_image":[{"width":1080,"height":1350,"url":"https:\/\/naddeos.com\/wp-content\/uploads\/2023\/01\/pandurata-1-1.png","type":"image\/png"}],"twitter_card":"summary_large_image","twitter_misc":{"Est. reading time":"2 minutes"},"schema":{"@context":"https:\/\/schema.org","@graph":[{"@type":"WebPage","@id":"https:\/\/naddeos.com\/producto\/pandurata-2\/","url":"https:\/\/naddeos.com\/producto\/pandurata-2\/","name":"Pandurata - Naddeos Online - Env\u00edo Gratis!","isPartOf":{"@id":"https:\/\/naddeos.com\/#website"},"datePublished":"2023-01-02T16:19:00+00:00","dateModified":"2024-09-27T14:00:26+00:00","description":"Encontr\u00e1 la Estrella Federal m\u00e1s linda y recibila en tu domicilio! \ud83c\udf39 20% Off abonando en Efectivo o 6 cuotas sin inter\u00e9s con env\u00edo gratis! \ud83d\ude9b","breadcrumb":{"@id":"https:\/\/naddeos.com\/producto\/pandurata-2\/#breadcrumb"},"inLanguage":"en-US","potentialAction":[{"@type":"ReadAction","target":["https:\/\/naddeos.com\/producto\/pandurata-2\/"]}]},{"@type":"BreadcrumbList","@id":"https:\/\/naddeos.com\/producto\/pandurata-2\/#breadcrumb","itemListElement":[{"@type":"ListItem","position":1,"name":"Portada","item":"https:\/\/naddeos.com\/"},{"@type":"ListItem","position":2,"name":"Tienda","item":"https:\/\/naddeos.com\/tienda\/"},{"@type":"ListItem","position":3,"name":"Pandurata"}]},{"@type":"WebSite","@id":"https:\/\/naddeos.com\/#website","url":"https:\/\/naddeos.com\/","name":"Naddeos","description":"Naddeos Vivero Online","publisher":{"@id":"https:\/\/naddeos.com\/#organization"},"potentialAction":[{"@type":"SearchAction","target":{"@type":"EntryPoint","urlTemplate":"https:\/\/naddeos.com\/?s={search_term_string}"},"query-input":"required name=search_term_string"}],"inLanguage":"en-US"},{"@type":"Organization","@id":"https:\/\/naddeos.com\/#organization","name":"Vivero Naddeos","url":"https:\/\/naddeos.com\/","sameAs":["https:\/\/www.instagram.com\/viveronaddeos\/","https:\/\/www.facebook.com\/naddeos"],"logo":{"@type":"ImageObject","inLanguage":"en-US","@id":"https:\/\/naddeos.com\/#\/schema\/logo\/image\/","url":"https:\/\/naddeos.com\/wp-content\/uploads\/2022\/09\/naddeos-logo-super-small-small.png","contentUrl":"https:\/\/naddeos.com\/wp-content\/uploads\/2022\/09\/naddeos-logo-super-small-small.png","width":139,"height":72,"caption":"Vivero Naddeos"},"image":{"@id":"https:\/\/naddeos.com\/#\/schema\/logo\/image\/"}}]}},"_links":{"self":[{"href":"https:\/\/naddeos.com\/en\/wp-json\/wp\/v2\/product\/16760","targetHints":{"allow":["GET"]}}],"collection":[{"href":"https:\/\/naddeos.com\/en\/wp-json\/wp\/v2\/product"}],"about":[{"href":"https:\/\/naddeos.com\/en\/wp-json\/wp\/v2\/types\/product"}],"wp:featuredmedia":[{"embeddable":true,"href":"https:\/\/naddeos.com\/en\/wp-json\/wp\/v2\/media\/16762"}],"wp:attachment":[{"href":"https:\/\/naddeos.com\/en\/wp-json\/wp\/v2\/media?parent=16760"}],"wp:term":[{"taxonomy":"product_cat","embeddable":true,"href":"https:\/\/naddeos.com\/en\/wp-json\/wp\/v2\/product_cat?post=16760"},{"taxonomy":"product_tag","embeddable":true,"href":"https:\/\/naddeos.com\/en\/wp-json\/wp\/v2\/product_tag?post=16760"}],"curies":[{"name":"wp","href":"https:\/\/api.w.org\/{rel}","templated":true}]}}