{"id":16727,"date":"2023-01-02T00:50:35","date_gmt":"2023-01-02T03:50:35","guid":{"rendered":"https:\/\/naddeos.com\/?post_type=product&#038;p=16727"},"modified":"2024-10-03T14:42:10","modified_gmt":"2024-10-03T17:42:10","slug":"tierra-fertil-sustrato-abonado","status":"publish","type":"product","link":"https:\/\/naddeos.com\/en\/producto\/tierra-fertil-sustrato-abonado\/","title":{"rendered":"Fertile Soil Substrate Paid"},"content":{"rendered":"<p><strong>Presentaci\u00f3n:<\/strong><\/p>\n<p>Bolsas 10 &#8211; 40 dm3<\/p>\n<h1><b>Tierra F\u00e9rtil <\/b><\/h1>\n<p>Nuestra tierra f\u00e9rtil est\u00e1 preparada para todo tipo de plantas, arbustivas y arb\u00f3reas, huerta, interior o exterior. cuenta de un excelente drenaje y la nutrici\u00f3n necesaria, garantizando las condiciones que tu planta necesita para crecer sana y fuerte. Compuesta por Tierra Abonada, Humus, y Perlita<\/p>\n<h4><b>Ideal para todo<\/b><\/h4>\n<p>Si bien todas las plantas requieren distintos suelos para estar \u00f3ptimas, esta Tierra F\u00e9rtil viene lista para cualquier planta que quieras trasplantar !<\/p>","protected":false},"excerpt":{"rendered":"<p>Presentaci\u00f3n: Bolsas 10 &#8211; 40 dm3 Tierra F\u00e9rtil Nuestra tierra f\u00e9rtil est\u00e1 preparada para todo tipo de plantas, arbustivas y arb\u00f3reas, huerta, interior o exterior. cuenta de un excelente drenaje y la nutrici\u00f3n necesaria, garantizando las condiciones que tu planta necesita para crecer sana y fuerte. Compuesta por Tierra Abonada, Humus, y Perlita Ideal para &hellip;<\/p>\n<p class=\"read-more\"> <a class=\"\" href=\"https:\/\/naddeos.com\/en\/producto\/tierra-fertil-sustrato-abonado\/\"> <span class=\"screen-reader-text\">Fertile Soil Substrate Paid<\/span> Read More &raquo;<\/a><\/p>","protected":false},"featured_media":791,"template":"","meta":{"site-sidebar-layout":"default","site-content-layout":"default","ast-main-header-display":"","ast-hfb-above-header-display":"","ast-hfb-below-header-display":"","ast-hfb-mobile-header-display":"","site-post-title":"","ast-breadcrumbs-content":"","ast-featured-img":"","footer-sml-layout":"","theme-transparent-header-meta":"default","adv-header-id-meta":"","stick-header-meta":"","header-above-stick-meta":"","header-main-stick-meta":"","header-below-stick-meta":""},"product_cat":[21],"product_tag":[],"class_list":["post-16727","product","type-product","status-publish","has-post-thumbnail","hentry","product_cat-sustratos","product_shipping_class-logistica-naddeos"],"_links":{"self":[{"href":"https:\/\/naddeos.com\/en\/wp-json\/wp\/v2\/product\/16727","targetHints":{"allow":["GET"]}}],"collection":[{"href":"https:\/\/naddeos.com\/en\/wp-json\/wp\/v2\/product"}],"about":[{"href":"https:\/\/naddeos.com\/en\/wp-json\/wp\/v2\/types\/product"}],"wp:featuredmedia":[{"embeddable":true,"href":"https:\/\/naddeos.com\/en\/wp-json\/wp\/v2\/media\/791"}],"wp:attachment":[{"href":"https:\/\/naddeos.com\/en\/wp-json\/wp\/v2\/media?parent=16727"}],"wp:term":[{"taxonomy":"product_cat","embeddable":true,"href":"https:\/\/naddeos.com\/en\/wp-json\/wp\/v2\/product_cat?post=16727"},{"taxonomy":"product_tag","embeddable":true,"href":"https:\/\/naddeos.com\/en\/wp-json\/wp\/v2\/product_tag?post=16727"}],"curies":[{"name":"wp","href":"https:\/\/api.w.org\/{rel}","templated":true}]}}