{"id":16167,"date":"2022-09-27T17:44:08","date_gmt":"2022-09-27T20:44:08","guid":{"rendered":"https:\/\/naddeos.com\/?post_type=product&#038;p=16167"},"modified":"2024-09-27T11:00:19","modified_gmt":"2024-09-27T14:00:19","slug":"marantha-m","status":"publish","type":"product","link":"https:\/\/naddeos.com\/en\/producto\/marantha-m\/","title":{"rendered":"Marantha M"},"content":{"rendered":"<p><strong>Care and specifications:<\/strong><\/p>\n<p>Amount of water: Medium<\/p>\n<p>Cantidad de luz: Media<\/p>\n<p>Dificultad: Alta<\/p>\n<p>Height estimated growth: 150 cm<\/p>\n<p>Earth: Substrate Professional Naddeos<\/p>\n<p>Add the preferred Fertilizer for Foliage<\/p>\n<p><strong>Maceta de Pl\u00e1stico Soplado<\/strong><\/p>\n<p>Maceta de cultivo fabricada en pl\u00e1stico soplado, ideal para trasplantar a la nueva maceta o directo al jard\u00edn.<\/p>","protected":false},"excerpt":{"rendered":"<p>Cuidados y especificaciones: Cantidad de agua: Media Cantidad de luz: Media Dificultad: Alta Altura estimada de crecimiento: 150 cm Tierra: Sustrato Profesional Naddeos Complemento recomendado: Fertilizante de Follaje Maceta de Pl\u00e1stico Soplado Maceta de cultivo fabricada en pl\u00e1stico soplado, ideal para trasplantar a la nueva maceta o directo al jard\u00edn.<\/p>","protected":false},"featured_media":16135,"template":"","meta":{"site-sidebar-layout":"default","site-content-layout":"default","ast-main-header-display":"","ast-hfb-above-header-display":"","ast-hfb-below-header-display":"","ast-hfb-mobile-header-display":"","site-post-title":"","ast-breadcrumbs-content":"","ast-featured-img":"","footer-sml-layout":"","theme-transparent-header-meta":"default","adv-header-id-meta":"","stick-header-meta":"","header-above-stick-meta":"","header-main-stick-meta":"","header-below-stick-meta":""},"product_cat":[38],"product_tag":[],"class_list":["post-16167","product","type-product","status-publish","has-post-thumbnail","hentry","product_cat-solo-plantas","product_shipping_class-logistica-naddeos"],"_links":{"self":[{"href":"https:\/\/naddeos.com\/en\/wp-json\/wp\/v2\/product\/16167","targetHints":{"allow":["GET"]}}],"collection":[{"href":"https:\/\/naddeos.com\/en\/wp-json\/wp\/v2\/product"}],"about":[{"href":"https:\/\/naddeos.com\/en\/wp-json\/wp\/v2\/types\/product"}],"wp:featuredmedia":[{"embeddable":true,"href":"https:\/\/naddeos.com\/en\/wp-json\/wp\/v2\/media\/16135"}],"wp:attachment":[{"href":"https:\/\/naddeos.com\/en\/wp-json\/wp\/v2\/media?parent=16167"}],"wp:term":[{"taxonomy":"product_cat","embeddable":true,"href":"https:\/\/naddeos.com\/en\/wp-json\/wp\/v2\/product_cat?post=16167"},{"taxonomy":"product_tag","embeddable":true,"href":"https:\/\/naddeos.com\/en\/wp-json\/wp\/v2\/product_tag?post=16167"}],"curies":[{"name":"wp","href":"https:\/\/api.w.org\/{rel}","templated":true}]}}