{"id":14564,"date":"2022-05-20T14:19:25","date_gmt":"2022-05-20T17:19:25","guid":{"rendered":"https:\/\/naddeos.com\/?post_type=product&#038;p=14564"},"modified":"2026-04-08T12:29:37","modified_gmt":"2026-04-08T15:29:37","slug":"spathiphyllums-m-en-premium-22","status":"publish","type":"product","link":"https:\/\/naddeos.com\/en\/producto\/spathiphyllums-m-en-premium-22\/","title":{"rendered":"Spathiphyllums M in Premium 22"},"content":{"rendered":"<p><strong data-mce-fragment=\"1\">Plant height<\/strong><br data-mce-fragment=\"1\" \/><span data-mce-fragment=\"1\">M: 25cm<\/span><br data-mce-fragment=\"1\" \/><strong data-mce-fragment=\"1\">Exterior \/ Interior<\/strong><br data-mce-fragment=\"1\" \/><br data-mce-fragment=\"1\" \/><br data-mce-fragment=\"1\" \/><strong data-mce-fragment=\"1\">Care and specifications:<\/strong><br data-mce-fragment=\"1\" \/><span data-mce-fragment=\"1\">Cantidad de agua: Baja \/ Media<\/span><br data-mce-fragment=\"1\" \/><span data-mce-fragment=\"1\">Cantidad de sol: Bajo<\/span><br data-mce-fragment=\"1\" \/><span data-mce-fragment=\"1\">Altura estimada de crecimiento: 60 cm<\/span><br data-mce-fragment=\"1\" \/><span data-mce-fragment=\"1\">Earth: Substrate Professional Naddeos<\/span><br data-mce-fragment=\"1\" \/><span data-mce-fragment=\"1\">Add the preferred Fertilizer for Foliage<\/span><br data-mce-fragment=\"1\" \/><br data-mce-fragment=\"1\" \/><br data-mce-fragment=\"1\" \/><strong data-mce-fragment=\"1\">Maceta de Pl\u00e1stico Premium<\/strong><br data-mce-fragment=\"1\" \/><span data-mce-fragment=\"1\">Material pl\u00e1stico duro muy resistente y de excelente calidad, <\/span><span data-mce-fragment=\"1\">se puede lavar sin sacar ni deste\u00f1ir la pintura y no se <\/span><span data-mce-fragment=\"1\">mancha con la tierra del jard\u00edn. Es apta para dejar a la <\/span><span data-mce-fragment=\"1\">intemperie, aunque su terminado brilloso hace que sea <\/span><span data-mce-fragment=\"1\">ideal para decorar ambientes interiores.<\/span><\/p>","protected":false},"excerpt":{"rendered":"<p>Altura de la planta:M: 25cmExterior \/ InteriorCuidados y especificaciones:Cantidad de agua: Baja \/ MediaCantidad de sol: BajoAltura estimada de crecimiento: 60 cmTierra: Sustrato Profesional NaddeosComplemento recomendado: Fertilizante de FollajeMaceta de Pl\u00e1stico PremiumMaterial pl\u00e1stico duro muy resistente y de excelente calidad, se puede lavar sin sacar ni deste\u00f1ir la pintura y no se mancha con la &hellip;<\/p>\n<p class=\"read-more\"> <a class=\"\" href=\"https:\/\/naddeos.com\/en\/producto\/spathiphyllums-m-en-premium-22\/\"> <span class=\"screen-reader-text\">Spathiphyllums M in Premium 22<\/span> Read More &raquo;<\/a><\/p>","protected":false},"featured_media":4814,"template":"","meta":{"site-sidebar-layout":"","site-content-layout":"","ast-main-header-display":"","ast-hfb-above-header-display":"","ast-hfb-below-header-display":"","ast-hfb-mobile-header-display":"","site-post-title":"","ast-breadcrumbs-content":"","ast-featured-img":"","footer-sml-layout":"","theme-transparent-header-meta":"","adv-header-id-meta":"","stick-header-meta":"","header-above-stick-meta":"","header-main-stick-meta":"","header-below-stick-meta":""},"product_cat":[68,16],"product_tag":[],"class_list":["post-14564","product","type-product","status-publish","has-post-thumbnail","hentry","product_cat-combos-de-interior","product_cat-combos","product_shipping_class-logistica-naddeos"],"_links":{"self":[{"href":"https:\/\/naddeos.com\/en\/wp-json\/wp\/v2\/product\/14564","targetHints":{"allow":["GET"]}}],"collection":[{"href":"https:\/\/naddeos.com\/en\/wp-json\/wp\/v2\/product"}],"about":[{"href":"https:\/\/naddeos.com\/en\/wp-json\/wp\/v2\/types\/product"}],"wp:featuredmedia":[{"embeddable":true,"href":"https:\/\/naddeos.com\/en\/wp-json\/wp\/v2\/media\/4814"}],"wp:attachment":[{"href":"https:\/\/naddeos.com\/en\/wp-json\/wp\/v2\/media?parent=14564"}],"wp:term":[{"taxonomy":"product_cat","embeddable":true,"href":"https:\/\/naddeos.com\/en\/wp-json\/wp\/v2\/product_cat?post=14564"},{"taxonomy":"product_tag","embeddable":true,"href":"https:\/\/naddeos.com\/en\/wp-json\/wp\/v2\/product_tag?post=14564"}],"curies":[{"name":"wp","href":"https:\/\/api.w.org\/{rel}","templated":true}]}}