{"id":14563,"date":"2022-05-20T14:19:24","date_gmt":"2022-05-20T17:19:24","guid":{"rendered":"https:\/\/naddeos.com\/?post_type=product&#038;p=14563"},"modified":"2024-10-31T15:52:32","modified_gmt":"2024-10-31T18:52:32","slug":"spathiphyllums-l-en-andina-rustica","status":"publish","type":"product","link":"https:\/\/naddeos.com\/en\/producto\/spathiphyllums-l-en-andina-rustica\/","title":{"rendered":"Spathiphyllums L in Andean Rustic"},"content":{"rendered":"<p><strong>Plant height<\/strong><br data-mce-fragment=\"1\" \/>L: 30\/40cm<br data-mce-fragment=\"1\" \/><strong>Exterior \/ Interior<\/strong><br data-mce-fragment=\"1\" \/><br data-mce-fragment=\"1\" \/><br data-mce-fragment=\"1\" \/><strong>Care and specifications:<\/strong> <br data-mce-fragment=\"1\" \/>Cantidad de agua: Baja \/ Media<br data-mce-fragment=\"1\" \/>Cantidad de sol: Bajo<br data-mce-fragment=\"1\" \/>Altura estimada de crecimiento: 60 cm<br data-mce-fragment=\"1\" \/>Earth: Substrate Professional Naddeos<br data-mce-fragment=\"1\" \/>Add the preferred Fertilizer for Foliage<br data-mce-fragment=\"1\" \/><br data-mce-fragment=\"1\" \/><br data-mce-fragment=\"1\" \/><strong>Maceta de Pl\u00e1stico Premium<\/strong><br data-mce-fragment=\"1\" \/>Hard plastic Material is very durable and of excellent quality, can be washed without removing or discoloring the paint, and does not stain with the garden soil. It is suitable for leaving outdoors, even though your finished glossy finish that makes it ideal to decorate interiors.<\/p>","protected":false},"excerpt":{"rendered":"<p>Altura de la planta:L: 30\/40cmExterior \/ InteriorCuidados y especificaciones: Cantidad de agua: Baja \/ MediaCantidad de sol: BajoAltura estimada de crecimiento: 60 cmTierra: Sustrato Profesional NaddeosComplemento recomendado: Fertilizante de FollajeMaceta de Pl\u00e1stico PremiumMaterial pl\u00e1stico duro muy resistente y de excelente calidad, se puede lavar sin sacar ni deste\u00f1ir la pintura y no se mancha con &hellip;<\/p>\n<p class=\"read-more\"> <a class=\"\" href=\"https:\/\/naddeos.com\/en\/producto\/spathiphyllums-l-en-andina-rustica\/\"> <span class=\"screen-reader-text\">Spathiphyllums L in Andean Rustic<\/span> Read More &raquo;<\/a><\/p>","protected":false},"featured_media":4823,"template":"","meta":{"om_disable_all_campaigns":false,"site-sidebar-layout":"","site-content-layout":"","ast-main-header-display":"","ast-hfb-above-header-display":"","ast-hfb-below-header-display":"","ast-hfb-mobile-header-display":"","site-post-title":"","ast-breadcrumbs-content":"","ast-featured-img":"","footer-sml-layout":"","theme-transparent-header-meta":"","adv-header-id-meta":"","stick-header-meta":"","header-above-stick-meta":"","header-main-stick-meta":"","header-below-stick-meta":""},"product_cat":[68,16],"product_tag":[],"class_list":["post-14563","product","type-product","status-publish","has-post-thumbnail","hentry","product_cat-combos-de-interior","product_cat-combos","product_shipping_class-logistica-naddeos"],"yoast_head":"<!-- This site is optimized with the Yoast SEO plugin v19.7.1 - https:\/\/yoast.com\/wordpress\/plugins\/seo\/ -->\n<title>Spathiphyllums L en Andina R\u00fastica - Naddeos<\/title>\n<meta name=\"robots\" content=\"index, follow, max-snippet:-1, max-image-preview:large, max-video-preview:-1\" \/>\n<link rel=\"canonical\" href=\"https:\/\/naddeos.com\/en\/producto\/spathiphyllums-l-en-andina-rustica\/\" \/>\n<meta property=\"og:locale\" content=\"en_US\" \/>\n<meta property=\"og:type\" content=\"article\" \/>\n<meta property=\"og:title\" content=\"Spathiphyllums L en Andina R\u00fastica - Naddeos\" \/>\n<meta property=\"og:description\" content=\"Altura de la planta:L: 30\/40cmExterior \/ InteriorCuidados y especificaciones: Cantidad de agua: Baja \/ MediaCantidad de sol: BajoAltura estimada de crecimiento: 60 cmTierra: Sustrato Profesional NaddeosComplemento recomendado: Fertilizante de FollajeMaceta de Pl\u00e1stico PremiumMaterial pl\u00e1stico duro muy resistente y de excelente calidad, se puede lavar sin sacar ni deste\u00f1ir la pintura y no se mancha con &hellip; Spathiphyllums L en Andina R\u00fastica Read More &raquo;\" \/>\n<meta property=\"og:url\" content=\"https:\/\/naddeos.com\/en\/producto\/spathiphyllums-l-en-andina-rustica\/\" \/>\n<meta property=\"og:site_name\" content=\"Naddeos\" \/>\n<meta property=\"article:publisher\" content=\"https:\/\/www.facebook.com\/naddeos\" \/>\n<meta property=\"article:modified_time\" content=\"2024-10-31T18:52:32+00:00\" \/>\n<meta name=\"twitter:card\" content=\"summary_large_image\" \/>\n<script type=\"application\/ld+json\" class=\"yoast-schema-graph\">{\"@context\":\"https:\/\/schema.org\",\"@graph\":[{\"@type\":\"WebPage\",\"@id\":\"https:\/\/naddeos.com\/producto\/spathiphyllums-l-en-andina-rustica\/\",\"url\":\"https:\/\/naddeos.com\/producto\/spathiphyllums-l-en-andina-rustica\/\",\"name\":\"Spathiphyllums L en Andina R\u00fastica - Naddeos\",\"isPartOf\":{\"@id\":\"https:\/\/naddeos.com\/#website\"},\"datePublished\":\"2022-05-20T17:19:24+00:00\",\"dateModified\":\"2024-10-31T18:52:32+00:00\",\"breadcrumb\":{\"@id\":\"https:\/\/naddeos.com\/producto\/spathiphyllums-l-en-andina-rustica\/#breadcrumb\"},\"inLanguage\":\"en-US\",\"potentialAction\":[{\"@type\":\"ReadAction\",\"target\":[\"https:\/\/naddeos.com\/producto\/spathiphyllums-l-en-andina-rustica\/\"]}]},{\"@type\":\"BreadcrumbList\",\"@id\":\"https:\/\/naddeos.com\/producto\/spathiphyllums-l-en-andina-rustica\/#breadcrumb\",\"itemListElement\":[{\"@type\":\"ListItem\",\"position\":1,\"name\":\"Portada\",\"item\":\"https:\/\/naddeos.com\/\"},{\"@type\":\"ListItem\",\"position\":2,\"name\":\"Tienda\",\"item\":\"https:\/\/naddeos.com\/tienda\/\"},{\"@type\":\"ListItem\",\"position\":3,\"name\":\"Spathiphyllums L en Andina R\u00fastica\"}]},{\"@type\":\"WebSite\",\"@id\":\"https:\/\/naddeos.com\/#website\",\"url\":\"https:\/\/naddeos.com\/\",\"name\":\"Naddeos\",\"description\":\"Naddeos Vivero Online\",\"publisher\":{\"@id\":\"https:\/\/naddeos.com\/#organization\"},\"potentialAction\":[{\"@type\":\"SearchAction\",\"target\":{\"@type\":\"EntryPoint\",\"urlTemplate\":\"https:\/\/naddeos.com\/?s={search_term_string}\"},\"query-input\":\"required name=search_term_string\"}],\"inLanguage\":\"en-US\"},{\"@type\":\"Organization\",\"@id\":\"https:\/\/naddeos.com\/#organization\",\"name\":\"Vivero Naddeos\",\"url\":\"https:\/\/naddeos.com\/\",\"sameAs\":[\"https:\/\/www.instagram.com\/viveronaddeos\/\",\"https:\/\/www.facebook.com\/naddeos\"],\"logo\":{\"@type\":\"ImageObject\",\"inLanguage\":\"en-US\",\"@id\":\"https:\/\/naddeos.com\/#\/schema\/logo\/image\/\",\"url\":\"https:\/\/naddeos.com\/wp-content\/uploads\/2022\/09\/naddeos-logo-super-small-small.png\",\"contentUrl\":\"https:\/\/naddeos.com\/wp-content\/uploads\/2022\/09\/naddeos-logo-super-small-small.png\",\"width\":139,\"height\":72,\"caption\":\"Vivero Naddeos\"},\"image\":{\"@id\":\"https:\/\/naddeos.com\/#\/schema\/logo\/image\/\"}}]}<\/script>\n<!-- \/ Yoast SEO plugin. -->","yoast_head_json":{"title":"Spathiphyllums L en Andina R\u00fastica - Naddeos","robots":{"index":"index","follow":"follow","max-snippet":"max-snippet:-1","max-image-preview":"max-image-preview:large","max-video-preview":"max-video-preview:-1"},"canonical":"https:\/\/naddeos.com\/en\/producto\/spathiphyllums-l-en-andina-rustica\/","og_locale":"en_US","og_type":"article","og_title":"Spathiphyllums L en Andina R\u00fastica - Naddeos","og_description":"Altura de la planta:L: 30\/40cmExterior \/ InteriorCuidados y especificaciones: Cantidad de agua: Baja \/ MediaCantidad de sol: BajoAltura estimada de crecimiento: 60 cmTierra: Sustrato Profesional NaddeosComplemento recomendado: Fertilizante de FollajeMaceta de Pl\u00e1stico PremiumMaterial pl\u00e1stico duro muy resistente y de excelente calidad, se puede lavar sin sacar ni deste\u00f1ir la pintura y no se mancha con &hellip; Spathiphyllums L en Andina R\u00fastica Read More &raquo;","og_url":"https:\/\/naddeos.com\/en\/producto\/spathiphyllums-l-en-andina-rustica\/","og_site_name":"Naddeos","article_publisher":"https:\/\/www.facebook.com\/naddeos","article_modified_time":"2024-10-31T18:52:32+00:00","twitter_card":"summary_large_image","schema":{"@context":"https:\/\/schema.org","@graph":[{"@type":"WebPage","@id":"https:\/\/naddeos.com\/producto\/spathiphyllums-l-en-andina-rustica\/","url":"https:\/\/naddeos.com\/producto\/spathiphyllums-l-en-andina-rustica\/","name":"Spathiphyllums L en Andina R\u00fastica - Naddeos","isPartOf":{"@id":"https:\/\/naddeos.com\/#website"},"datePublished":"2022-05-20T17:19:24+00:00","dateModified":"2024-10-31T18:52:32+00:00","breadcrumb":{"@id":"https:\/\/naddeos.com\/producto\/spathiphyllums-l-en-andina-rustica\/#breadcrumb"},"inLanguage":"en-US","potentialAction":[{"@type":"ReadAction","target":["https:\/\/naddeos.com\/producto\/spathiphyllums-l-en-andina-rustica\/"]}]},{"@type":"BreadcrumbList","@id":"https:\/\/naddeos.com\/producto\/spathiphyllums-l-en-andina-rustica\/#breadcrumb","itemListElement":[{"@type":"ListItem","position":1,"name":"Portada","item":"https:\/\/naddeos.com\/"},{"@type":"ListItem","position":2,"name":"Tienda","item":"https:\/\/naddeos.com\/tienda\/"},{"@type":"ListItem","position":3,"name":"Spathiphyllums L en Andina R\u00fastica"}]},{"@type":"WebSite","@id":"https:\/\/naddeos.com\/#website","url":"https:\/\/naddeos.com\/","name":"Naddeos","description":"Naddeos Vivero Online","publisher":{"@id":"https:\/\/naddeos.com\/#organization"},"potentialAction":[{"@type":"SearchAction","target":{"@type":"EntryPoint","urlTemplate":"https:\/\/naddeos.com\/?s={search_term_string}"},"query-input":"required name=search_term_string"}],"inLanguage":"en-US"},{"@type":"Organization","@id":"https:\/\/naddeos.com\/#organization","name":"Vivero Naddeos","url":"https:\/\/naddeos.com\/","sameAs":["https:\/\/www.instagram.com\/viveronaddeos\/","https:\/\/www.facebook.com\/naddeos"],"logo":{"@type":"ImageObject","inLanguage":"en-US","@id":"https:\/\/naddeos.com\/#\/schema\/logo\/image\/","url":"https:\/\/naddeos.com\/wp-content\/uploads\/2022\/09\/naddeos-logo-super-small-small.png","contentUrl":"https:\/\/naddeos.com\/wp-content\/uploads\/2022\/09\/naddeos-logo-super-small-small.png","width":139,"height":72,"caption":"Vivero Naddeos"},"image":{"@id":"https:\/\/naddeos.com\/#\/schema\/logo\/image\/"}}]}},"_links":{"self":[{"href":"https:\/\/naddeos.com\/en\/wp-json\/wp\/v2\/product\/14563","targetHints":{"allow":["GET"]}}],"collection":[{"href":"https:\/\/naddeos.com\/en\/wp-json\/wp\/v2\/product"}],"about":[{"href":"https:\/\/naddeos.com\/en\/wp-json\/wp\/v2\/types\/product"}],"wp:featuredmedia":[{"embeddable":true,"href":"https:\/\/naddeos.com\/en\/wp-json\/wp\/v2\/media\/4823"}],"wp:attachment":[{"href":"https:\/\/naddeos.com\/en\/wp-json\/wp\/v2\/media?parent=14563"}],"wp:term":[{"taxonomy":"product_cat","embeddable":true,"href":"https:\/\/naddeos.com\/en\/wp-json\/wp\/v2\/product_cat?post=14563"},{"taxonomy":"product_tag","embeddable":true,"href":"https:\/\/naddeos.com\/en\/wp-json\/wp\/v2\/product_tag?post=14563"}],"curies":[{"name":"wp","href":"https:\/\/api.w.org\/{rel}","templated":true}]}}