{"id":14081,"date":"2022-05-20T14:16:07","date_gmt":"2022-05-20T17:16:07","guid":{"rendered":"https:\/\/naddeos.com\/?post_type=product&#038;p=14081"},"modified":"2026-04-08T12:27:21","modified_gmt":"2026-04-08T15:27:21","slug":"palos-de-agua-l-en-cilindro-30","status":"publish","type":"product","link":"https:\/\/naddeos.com\/en\/producto\/palos-de-agua-l-en-cilindro-30\/","title":{"rendered":"Sticks of Water L in Cylinder 30"},"content":{"rendered":"<p><strong>Plant height<\/strong><br data-mce-fragment=\"1\" \/>L: 70\/100cm<br data-mce-fragment=\"1\" \/><strong>Exterior \/ Interior<\/strong><br data-mce-fragment=\"1\" \/><br data-mce-fragment=\"1\" \/><br data-mce-fragment=\"1\" \/><strong>Care and specifications:<\/strong> <br data-mce-fragment=\"1\" \/>Cantidad de agua: Baja \/ Media<br data-mce-fragment=\"1\" \/>Cantidad de sol: Bajo \/ Medio \/ Alto<br data-mce-fragment=\"1\" \/>Altura estimada de crecimiento: 180 cm<br data-mce-fragment=\"1\" \/>Earth: Substrate Professional Naddeos<br data-mce-fragment=\"1\" \/>Add the preferred Fertilizer for Foliage<br data-mce-fragment=\"1\" \/><br data-mce-fragment=\"1\" \/><br data-mce-fragment=\"1\" \/><strong>Maceta de Pl\u00e1stico Premium<\/strong><br data-mce-fragment=\"1\" \/>Hard plastic Material is very durable and of excellent quality, can be washed without removing or discoloring the paint, and does not stain with the garden soil. It is suitable for leaving outdoors, even though your finished glossy finish that makes it ideal to decorate interiors.<\/p>","protected":false},"excerpt":{"rendered":"<p>Altura de la planta:L: 70\/100cmExterior \/ InteriorCuidados y especificaciones: Cantidad de agua: Baja \/ MediaCantidad de sol: Bajo \/ Medio \/ AltoAltura estimada de crecimiento: 180 cmTierra: Sustrato Profesional NaddeosComplemento recomendado: Fertilizante de FollajeMaceta de Pl\u00e1stico PremiumMaterial pl\u00e1stico duro muy resistente y de excelente calidad, se puede lavar sin sacar ni deste\u00f1ir la pintura y &hellip;<\/p>\n<p class=\"read-more\"> <a class=\"\" href=\"https:\/\/naddeos.com\/en\/producto\/palos-de-agua-l-en-cilindro-30\/\"> <span class=\"screen-reader-text\">Sticks of Water L in Cylinder 30<\/span> Read More &raquo;<\/a><\/p>","protected":false},"featured_media":5966,"template":"","meta":{"om_disable_all_campaigns":false,"site-sidebar-layout":"","site-content-layout":"","ast-main-header-display":"","ast-hfb-above-header-display":"","ast-hfb-below-header-display":"","ast-hfb-mobile-header-display":"","site-post-title":"","ast-breadcrumbs-content":"","ast-featured-img":"","footer-sml-layout":"","theme-transparent-header-meta":"","adv-header-id-meta":"","stick-header-meta":"","header-above-stick-meta":"","header-main-stick-meta":"","header-below-stick-meta":""},"product_cat":[68,16],"product_tag":[],"class_list":["post-14081","product","type-product","status-publish","has-post-thumbnail","hentry","product_cat-combos-de-interior","product_cat-combos","product_shipping_class-logistica-naddeos"],"yoast_head":"<!-- This site is optimized with the Yoast SEO plugin v19.7.1 - https:\/\/yoast.com\/wordpress\/plugins\/seo\/ -->\n<title>Palos de Agua L en Cilindro 30 - Naddeos<\/title>\n<meta name=\"robots\" content=\"index, follow, max-snippet:-1, max-image-preview:large, max-video-preview:-1\" \/>\n<link rel=\"canonical\" href=\"https:\/\/naddeos.com\/en\/producto\/palos-de-agua-l-en-cilindro-30\/\" \/>\n<meta property=\"og:locale\" content=\"en_US\" \/>\n<meta property=\"og:type\" content=\"article\" \/>\n<meta property=\"og:title\" content=\"Palos de Agua L en Cilindro 30 - Naddeos\" \/>\n<meta property=\"og:description\" content=\"Altura de la planta:L: 70\/100cmExterior \/ InteriorCuidados y especificaciones: Cantidad de agua: Baja \/ MediaCantidad de sol: Bajo \/ Medio \/ AltoAltura estimada de crecimiento: 180 cmTierra: Sustrato Profesional NaddeosComplemento recomendado: Fertilizante de FollajeMaceta de Pl\u00e1stico PremiumMaterial pl\u00e1stico duro muy resistente y de excelente calidad, se puede lavar sin sacar ni deste\u00f1ir la pintura y &hellip; Palos de Agua L en Cilindro 30 Read More &raquo;\" \/>\n<meta property=\"og:url\" content=\"https:\/\/naddeos.com\/en\/producto\/palos-de-agua-l-en-cilindro-30\/\" \/>\n<meta property=\"og:site_name\" content=\"Naddeos\" \/>\n<meta property=\"article:publisher\" content=\"https:\/\/www.facebook.com\/naddeos\" \/>\n<meta property=\"article:modified_time\" content=\"2026-04-08T15:27:21+00:00\" \/>\n<meta name=\"twitter:card\" content=\"summary_large_image\" \/>\n<script type=\"application\/ld+json\" class=\"yoast-schema-graph\">{\"@context\":\"https:\/\/schema.org\",\"@graph\":[{\"@type\":\"WebPage\",\"@id\":\"https:\/\/naddeos.com\/producto\/palos-de-agua-l-en-cilindro-30\/\",\"url\":\"https:\/\/naddeos.com\/producto\/palos-de-agua-l-en-cilindro-30\/\",\"name\":\"Palos de Agua L en Cilindro 30 - Naddeos\",\"isPartOf\":{\"@id\":\"https:\/\/naddeos.com\/#website\"},\"datePublished\":\"2022-05-20T17:16:07+00:00\",\"dateModified\":\"2026-04-08T15:27:21+00:00\",\"breadcrumb\":{\"@id\":\"https:\/\/naddeos.com\/producto\/palos-de-agua-l-en-cilindro-30\/#breadcrumb\"},\"inLanguage\":\"en-US\",\"potentialAction\":[{\"@type\":\"ReadAction\",\"target\":[\"https:\/\/naddeos.com\/producto\/palos-de-agua-l-en-cilindro-30\/\"]}]},{\"@type\":\"BreadcrumbList\",\"@id\":\"https:\/\/naddeos.com\/producto\/palos-de-agua-l-en-cilindro-30\/#breadcrumb\",\"itemListElement\":[{\"@type\":\"ListItem\",\"position\":1,\"name\":\"Portada\",\"item\":\"https:\/\/naddeos.com\/\"},{\"@type\":\"ListItem\",\"position\":2,\"name\":\"Tienda\",\"item\":\"https:\/\/naddeos.com\/tienda\/\"},{\"@type\":\"ListItem\",\"position\":3,\"name\":\"Palos de Agua L en Cilindro 30\"}]},{\"@type\":\"WebSite\",\"@id\":\"https:\/\/naddeos.com\/#website\",\"url\":\"https:\/\/naddeos.com\/\",\"name\":\"Naddeos\",\"description\":\"Naddeos Vivero Online\",\"publisher\":{\"@id\":\"https:\/\/naddeos.com\/#organization\"},\"potentialAction\":[{\"@type\":\"SearchAction\",\"target\":{\"@type\":\"EntryPoint\",\"urlTemplate\":\"https:\/\/naddeos.com\/?s={search_term_string}\"},\"query-input\":\"required name=search_term_string\"}],\"inLanguage\":\"en-US\"},{\"@type\":\"Organization\",\"@id\":\"https:\/\/naddeos.com\/#organization\",\"name\":\"Vivero Naddeos\",\"url\":\"https:\/\/naddeos.com\/\",\"sameAs\":[\"https:\/\/www.instagram.com\/viveronaddeos\/\",\"https:\/\/www.facebook.com\/naddeos\"],\"logo\":{\"@type\":\"ImageObject\",\"inLanguage\":\"en-US\",\"@id\":\"https:\/\/naddeos.com\/#\/schema\/logo\/image\/\",\"url\":\"https:\/\/naddeos.com\/wp-content\/uploads\/2022\/09\/naddeos-logo-super-small-small.png\",\"contentUrl\":\"https:\/\/naddeos.com\/wp-content\/uploads\/2022\/09\/naddeos-logo-super-small-small.png\",\"width\":139,\"height\":72,\"caption\":\"Vivero Naddeos\"},\"image\":{\"@id\":\"https:\/\/naddeos.com\/#\/schema\/logo\/image\/\"}}]}<\/script>\n<!-- \/ Yoast SEO plugin. -->","yoast_head_json":{"title":"Palos de Agua L en Cilindro 30 - Naddeos","robots":{"index":"index","follow":"follow","max-snippet":"max-snippet:-1","max-image-preview":"max-image-preview:large","max-video-preview":"max-video-preview:-1"},"canonical":"https:\/\/naddeos.com\/en\/producto\/palos-de-agua-l-en-cilindro-30\/","og_locale":"en_US","og_type":"article","og_title":"Palos de Agua L en Cilindro 30 - Naddeos","og_description":"Altura de la planta:L: 70\/100cmExterior \/ InteriorCuidados y especificaciones: Cantidad de agua: Baja \/ MediaCantidad de sol: Bajo \/ Medio \/ AltoAltura estimada de crecimiento: 180 cmTierra: Sustrato Profesional NaddeosComplemento recomendado: Fertilizante de FollajeMaceta de Pl\u00e1stico PremiumMaterial pl\u00e1stico duro muy resistente y de excelente calidad, se puede lavar sin sacar ni deste\u00f1ir la pintura y &hellip; Palos de Agua L en Cilindro 30 Read More &raquo;","og_url":"https:\/\/naddeos.com\/en\/producto\/palos-de-agua-l-en-cilindro-30\/","og_site_name":"Naddeos","article_publisher":"https:\/\/www.facebook.com\/naddeos","article_modified_time":"2026-04-08T15:27:21+00:00","twitter_card":"summary_large_image","schema":{"@context":"https:\/\/schema.org","@graph":[{"@type":"WebPage","@id":"https:\/\/naddeos.com\/producto\/palos-de-agua-l-en-cilindro-30\/","url":"https:\/\/naddeos.com\/producto\/palos-de-agua-l-en-cilindro-30\/","name":"Palos de Agua L en Cilindro 30 - Naddeos","isPartOf":{"@id":"https:\/\/naddeos.com\/#website"},"datePublished":"2022-05-20T17:16:07+00:00","dateModified":"2026-04-08T15:27:21+00:00","breadcrumb":{"@id":"https:\/\/naddeos.com\/producto\/palos-de-agua-l-en-cilindro-30\/#breadcrumb"},"inLanguage":"en-US","potentialAction":[{"@type":"ReadAction","target":["https:\/\/naddeos.com\/producto\/palos-de-agua-l-en-cilindro-30\/"]}]},{"@type":"BreadcrumbList","@id":"https:\/\/naddeos.com\/producto\/palos-de-agua-l-en-cilindro-30\/#breadcrumb","itemListElement":[{"@type":"ListItem","position":1,"name":"Portada","item":"https:\/\/naddeos.com\/"},{"@type":"ListItem","position":2,"name":"Tienda","item":"https:\/\/naddeos.com\/tienda\/"},{"@type":"ListItem","position":3,"name":"Palos de Agua L en Cilindro 30"}]},{"@type":"WebSite","@id":"https:\/\/naddeos.com\/#website","url":"https:\/\/naddeos.com\/","name":"Naddeos","description":"Naddeos Vivero Online","publisher":{"@id":"https:\/\/naddeos.com\/#organization"},"potentialAction":[{"@type":"SearchAction","target":{"@type":"EntryPoint","urlTemplate":"https:\/\/naddeos.com\/?s={search_term_string}"},"query-input":"required name=search_term_string"}],"inLanguage":"en-US"},{"@type":"Organization","@id":"https:\/\/naddeos.com\/#organization","name":"Vivero Naddeos","url":"https:\/\/naddeos.com\/","sameAs":["https:\/\/www.instagram.com\/viveronaddeos\/","https:\/\/www.facebook.com\/naddeos"],"logo":{"@type":"ImageObject","inLanguage":"en-US","@id":"https:\/\/naddeos.com\/#\/schema\/logo\/image\/","url":"https:\/\/naddeos.com\/wp-content\/uploads\/2022\/09\/naddeos-logo-super-small-small.png","contentUrl":"https:\/\/naddeos.com\/wp-content\/uploads\/2022\/09\/naddeos-logo-super-small-small.png","width":139,"height":72,"caption":"Vivero Naddeos"},"image":{"@id":"https:\/\/naddeos.com\/#\/schema\/logo\/image\/"}}]}},"_links":{"self":[{"href":"https:\/\/naddeos.com\/en\/wp-json\/wp\/v2\/product\/14081","targetHints":{"allow":["GET"]}}],"collection":[{"href":"https:\/\/naddeos.com\/en\/wp-json\/wp\/v2\/product"}],"about":[{"href":"https:\/\/naddeos.com\/en\/wp-json\/wp\/v2\/types\/product"}],"wp:featuredmedia":[{"embeddable":true,"href":"https:\/\/naddeos.com\/en\/wp-json\/wp\/v2\/media\/5966"}],"wp:attachment":[{"href":"https:\/\/naddeos.com\/en\/wp-json\/wp\/v2\/media?parent=14081"}],"wp:term":[{"taxonomy":"product_cat","embeddable":true,"href":"https:\/\/naddeos.com\/en\/wp-json\/wp\/v2\/product_cat?post=14081"},{"taxonomy":"product_tag","embeddable":true,"href":"https:\/\/naddeos.com\/en\/wp-json\/wp\/v2\/product_tag?post=14081"}],"curies":[{"name":"wp","href":"https:\/\/api.w.org\/{rel}","templated":true}]}}