{"id":13932,"date":"2022-05-20T14:14:46","date_gmt":"2022-05-20T17:14:46","guid":{"rendered":"https:\/\/naddeos.com\/?post_type=product&#038;p=13932"},"modified":"2026-04-08T10:01:16","modified_gmt":"2026-04-08T13:01:16","slug":"monsteras-l-en-espanola-35","status":"publish","type":"product","link":"https:\/\/naddeos.com\/en\/producto\/monsteras-l-en-espanola-35\/","title":{"rendered":"Monsteras L in Spanish 35"},"content":{"rendered":"<p><strong>Plant height<\/strong><\/p>\n<p>L: 60\/80cm<\/p>\n<p><strong>Exterior \/ Interior<\/strong><\/p>\n<p><strong>Care and specifications:<\/strong><\/p>\n<p>Cantidad de agua: Baja \/ Media<\/p>\n<p>Cantidad de sol: Bajo \/ Medio<\/p>\n<p>Altura estimada de crecimiento: 170 cm<\/p>\n<p>Earth: Substrate Professional Naddeos<\/p>\n<p>Add the preferred Fertilizer for Foliage<\/p>\n<p><strong>Maceta de Pl\u00e1stico Premium<\/strong><\/p>\n<p>Hard plastic Material is very durable and of excellent quality, can be washed without removing or discoloring the paint, and does not stain with the garden soil. It is suitable for leaving outdoors, even though your finished glossy finish that makes it ideal to decorate interiors.<\/p>","protected":false},"excerpt":{"rendered":"<p>Altura de la planta: L: 60\/80cm Exterior \/ Interior Cuidados y especificaciones: Cantidad de agua: Baja \/ Media Cantidad de sol: Bajo \/ Medio Altura estimada de crecimiento: 170 cm Tierra: Sustrato Profesional Naddeos Complemento recomendado: Fertilizante de Follaje Maceta de Pl\u00e1stico Premium Material pl\u00e1stico duro muy resistente y de excelente calidad, se puede lavar &hellip;<\/p>\n<p class=\"read-more\"> <a class=\"\" href=\"https:\/\/naddeos.com\/en\/producto\/monsteras-l-en-espanola-35\/\"> <span class=\"screen-reader-text\">Monsteras L in Spanish 35<\/span> Read More &raquo;<\/a><\/p>","protected":false},"featured_media":5827,"template":"","meta":{"om_disable_all_campaigns":false,"site-sidebar-layout":"","site-content-layout":"","ast-main-header-display":"","ast-hfb-above-header-display":"","ast-hfb-below-header-display":"","ast-hfb-mobile-header-display":"","site-post-title":"","ast-breadcrumbs-content":"","ast-featured-img":"","footer-sml-layout":"","theme-transparent-header-meta":"","adv-header-id-meta":"","stick-header-meta":"","header-above-stick-meta":"","header-main-stick-meta":"","header-below-stick-meta":""},"product_cat":[69,68,16],"product_tag":[],"class_list":["post-13932","product","type-product","status-publish","has-post-thumbnail","hentry","product_cat-combos-de-exterior","product_cat-combos-de-interior","product_cat-combos","product_shipping_class-logistica-naddeos"],"yoast_head":"<!-- This site is optimized with the Yoast SEO plugin v19.7.1 - https:\/\/yoast.com\/wordpress\/plugins\/seo\/ -->\n<title>Monsteras L en Espa\u00f1ola 35 - Naddeos<\/title>\n<meta name=\"robots\" content=\"index, follow, max-snippet:-1, max-image-preview:large, max-video-preview:-1\" \/>\n<link rel=\"canonical\" href=\"https:\/\/naddeos.com\/en\/producto\/monsteras-l-en-espanola-35\/\" \/>\n<meta property=\"og:locale\" content=\"en_US\" \/>\n<meta property=\"og:type\" content=\"article\" \/>\n<meta property=\"og:title\" content=\"Monsteras L en Espa\u00f1ola 35 - Naddeos\" \/>\n<meta property=\"og:description\" content=\"Altura de la planta: L: 60\/80cm Exterior \/ Interior Cuidados y especificaciones: Cantidad de agua: Baja \/ Media Cantidad de sol: Bajo \/ Medio Altura estimada de crecimiento: 170 cm Tierra: Sustrato Profesional Naddeos Complemento recomendado: Fertilizante de Follaje Maceta de Pl\u00e1stico Premium Material pl\u00e1stico duro muy resistente y de excelente calidad, se puede lavar &hellip; Monsteras L en Espa\u00f1ola 35 Read More &raquo;\" \/>\n<meta property=\"og:url\" content=\"https:\/\/naddeos.com\/en\/producto\/monsteras-l-en-espanola-35\/\" \/>\n<meta property=\"og:site_name\" content=\"Naddeos\" \/>\n<meta property=\"article:publisher\" content=\"https:\/\/www.facebook.com\/naddeos\" \/>\n<meta property=\"article:modified_time\" content=\"2026-04-08T13:01:16+00:00\" \/>\n<meta name=\"twitter:card\" content=\"summary_large_image\" \/>\n<script type=\"application\/ld+json\" class=\"yoast-schema-graph\">{\"@context\":\"https:\/\/schema.org\",\"@graph\":[{\"@type\":\"WebPage\",\"@id\":\"https:\/\/naddeos.com\/producto\/monsteras-l-en-espanola-35\/\",\"url\":\"https:\/\/naddeos.com\/producto\/monsteras-l-en-espanola-35\/\",\"name\":\"Monsteras L en Espa\u00f1ola 35 - Naddeos\",\"isPartOf\":{\"@id\":\"https:\/\/naddeos.com\/#website\"},\"datePublished\":\"2022-05-20T17:14:46+00:00\",\"dateModified\":\"2026-04-08T13:01:16+00:00\",\"breadcrumb\":{\"@id\":\"https:\/\/naddeos.com\/producto\/monsteras-l-en-espanola-35\/#breadcrumb\"},\"inLanguage\":\"en-US\",\"potentialAction\":[{\"@type\":\"ReadAction\",\"target\":[\"https:\/\/naddeos.com\/producto\/monsteras-l-en-espanola-35\/\"]}]},{\"@type\":\"BreadcrumbList\",\"@id\":\"https:\/\/naddeos.com\/producto\/monsteras-l-en-espanola-35\/#breadcrumb\",\"itemListElement\":[{\"@type\":\"ListItem\",\"position\":1,\"name\":\"Portada\",\"item\":\"https:\/\/naddeos.com\/\"},{\"@type\":\"ListItem\",\"position\":2,\"name\":\"Tienda\",\"item\":\"https:\/\/naddeos.com\/tienda\/\"},{\"@type\":\"ListItem\",\"position\":3,\"name\":\"Monsteras L en Espa\u00f1ola 35\"}]},{\"@type\":\"WebSite\",\"@id\":\"https:\/\/naddeos.com\/#website\",\"url\":\"https:\/\/naddeos.com\/\",\"name\":\"Naddeos\",\"description\":\"Naddeos Vivero Online\",\"publisher\":{\"@id\":\"https:\/\/naddeos.com\/#organization\"},\"potentialAction\":[{\"@type\":\"SearchAction\",\"target\":{\"@type\":\"EntryPoint\",\"urlTemplate\":\"https:\/\/naddeos.com\/?s={search_term_string}\"},\"query-input\":\"required name=search_term_string\"}],\"inLanguage\":\"en-US\"},{\"@type\":\"Organization\",\"@id\":\"https:\/\/naddeos.com\/#organization\",\"name\":\"Vivero Naddeos\",\"url\":\"https:\/\/naddeos.com\/\",\"sameAs\":[\"https:\/\/www.instagram.com\/viveronaddeos\/\",\"https:\/\/www.facebook.com\/naddeos\"],\"logo\":{\"@type\":\"ImageObject\",\"inLanguage\":\"en-US\",\"@id\":\"https:\/\/naddeos.com\/#\/schema\/logo\/image\/\",\"url\":\"https:\/\/naddeos.com\/wp-content\/uploads\/2022\/09\/naddeos-logo-super-small-small.png\",\"contentUrl\":\"https:\/\/naddeos.com\/wp-content\/uploads\/2022\/09\/naddeos-logo-super-small-small.png\",\"width\":139,\"height\":72,\"caption\":\"Vivero Naddeos\"},\"image\":{\"@id\":\"https:\/\/naddeos.com\/#\/schema\/logo\/image\/\"}}]}<\/script>\n<!-- \/ Yoast SEO plugin. -->","yoast_head_json":{"title":"Monsteras L en Espa\u00f1ola 35 - Naddeos","robots":{"index":"index","follow":"follow","max-snippet":"max-snippet:-1","max-image-preview":"max-image-preview:large","max-video-preview":"max-video-preview:-1"},"canonical":"https:\/\/naddeos.com\/en\/producto\/monsteras-l-en-espanola-35\/","og_locale":"en_US","og_type":"article","og_title":"Monsteras L en Espa\u00f1ola 35 - Naddeos","og_description":"Altura de la planta: L: 60\/80cm Exterior \/ Interior Cuidados y especificaciones: Cantidad de agua: Baja \/ Media Cantidad de sol: Bajo \/ Medio Altura estimada de crecimiento: 170 cm Tierra: Sustrato Profesional Naddeos Complemento recomendado: Fertilizante de Follaje Maceta de Pl\u00e1stico Premium Material pl\u00e1stico duro muy resistente y de excelente calidad, se puede lavar &hellip; Monsteras L en Espa\u00f1ola 35 Read More &raquo;","og_url":"https:\/\/naddeos.com\/en\/producto\/monsteras-l-en-espanola-35\/","og_site_name":"Naddeos","article_publisher":"https:\/\/www.facebook.com\/naddeos","article_modified_time":"2026-04-08T13:01:16+00:00","twitter_card":"summary_large_image","schema":{"@context":"https:\/\/schema.org","@graph":[{"@type":"WebPage","@id":"https:\/\/naddeos.com\/producto\/monsteras-l-en-espanola-35\/","url":"https:\/\/naddeos.com\/producto\/monsteras-l-en-espanola-35\/","name":"Monsteras L en Espa\u00f1ola 35 - Naddeos","isPartOf":{"@id":"https:\/\/naddeos.com\/#website"},"datePublished":"2022-05-20T17:14:46+00:00","dateModified":"2026-04-08T13:01:16+00:00","breadcrumb":{"@id":"https:\/\/naddeos.com\/producto\/monsteras-l-en-espanola-35\/#breadcrumb"},"inLanguage":"en-US","potentialAction":[{"@type":"ReadAction","target":["https:\/\/naddeos.com\/producto\/monsteras-l-en-espanola-35\/"]}]},{"@type":"BreadcrumbList","@id":"https:\/\/naddeos.com\/producto\/monsteras-l-en-espanola-35\/#breadcrumb","itemListElement":[{"@type":"ListItem","position":1,"name":"Portada","item":"https:\/\/naddeos.com\/"},{"@type":"ListItem","position":2,"name":"Tienda","item":"https:\/\/naddeos.com\/tienda\/"},{"@type":"ListItem","position":3,"name":"Monsteras L en Espa\u00f1ola 35"}]},{"@type":"WebSite","@id":"https:\/\/naddeos.com\/#website","url":"https:\/\/naddeos.com\/","name":"Naddeos","description":"Naddeos Vivero Online","publisher":{"@id":"https:\/\/naddeos.com\/#organization"},"potentialAction":[{"@type":"SearchAction","target":{"@type":"EntryPoint","urlTemplate":"https:\/\/naddeos.com\/?s={search_term_string}"},"query-input":"required name=search_term_string"}],"inLanguage":"en-US"},{"@type":"Organization","@id":"https:\/\/naddeos.com\/#organization","name":"Vivero Naddeos","url":"https:\/\/naddeos.com\/","sameAs":["https:\/\/www.instagram.com\/viveronaddeos\/","https:\/\/www.facebook.com\/naddeos"],"logo":{"@type":"ImageObject","inLanguage":"en-US","@id":"https:\/\/naddeos.com\/#\/schema\/logo\/image\/","url":"https:\/\/naddeos.com\/wp-content\/uploads\/2022\/09\/naddeos-logo-super-small-small.png","contentUrl":"https:\/\/naddeos.com\/wp-content\/uploads\/2022\/09\/naddeos-logo-super-small-small.png","width":139,"height":72,"caption":"Vivero Naddeos"},"image":{"@id":"https:\/\/naddeos.com\/#\/schema\/logo\/image\/"}}]}},"_links":{"self":[{"href":"https:\/\/naddeos.com\/en\/wp-json\/wp\/v2\/product\/13932","targetHints":{"allow":["GET"]}}],"collection":[{"href":"https:\/\/naddeos.com\/en\/wp-json\/wp\/v2\/product"}],"about":[{"href":"https:\/\/naddeos.com\/en\/wp-json\/wp\/v2\/types\/product"}],"wp:featuredmedia":[{"embeddable":true,"href":"https:\/\/naddeos.com\/en\/wp-json\/wp\/v2\/media\/5827"}],"wp:attachment":[{"href":"https:\/\/naddeos.com\/en\/wp-json\/wp\/v2\/media?parent=13932"}],"wp:term":[{"taxonomy":"product_cat","embeddable":true,"href":"https:\/\/naddeos.com\/en\/wp-json\/wp\/v2\/product_cat?post=13932"},{"taxonomy":"product_tag","embeddable":true,"href":"https:\/\/naddeos.com\/en\/wp-json\/wp\/v2\/product_tag?post=13932"}],"curies":[{"name":"wp","href":"https:\/\/api.w.org\/{rel}","templated":true}]}}