{"id":13784,"date":"2022-05-20T14:13:51","date_gmt":"2022-05-20T17:13:51","guid":{"rendered":"https:\/\/naddeos.com\/?post_type=product&#038;p=13784"},"modified":"2026-04-08T12:25:40","modified_gmt":"2026-04-08T15:25:40","slug":"helechos-m-en-premium-22","status":"publish","type":"product","link":"https:\/\/naddeos.com\/en\/producto\/helechos-m-en-premium-22\/","title":{"rendered":"Fern M in Premium 22"},"content":{"rendered":"<p><strong>Plant height<\/strong><br data-mce-fragment=\"1\" \/>M: 25\/30cm<br data-mce-fragment=\"1\" \/><strong>Exterior \/ Interior<\/strong><br data-mce-fragment=\"1\" \/><br data-mce-fragment=\"1\" \/><br data-mce-fragment=\"1\" \/><strong>Care and specifications:<\/strong> <br data-mce-fragment=\"1\" \/>Cantidad de agua: Baja \/ Media<br data-mce-fragment=\"1\" \/>Cantidad de sol: Bajo<br data-mce-fragment=\"1\" \/>Altura estimada de crecimiento: 80 cm<br data-mce-fragment=\"1\" \/>Earth: Substrate Professional Naddeos<br data-mce-fragment=\"1\" \/>Add the preferred Fertilizer for Foliage<br data-mce-fragment=\"1\" \/><br data-mce-fragment=\"1\" \/><br data-mce-fragment=\"1\" \/><strong>Maceta de Pl\u00e1stico Premium<\/strong><br data-mce-fragment=\"1\" \/>Hard plastic Material is very durable and of excellent quality, can be washed without removing or discoloring the paint, and does not stain with the garden soil. It is suitable for leaving outdoors, even though your finished glossy finish that makes it ideal to decorate interiors.<\/p>","protected":false},"excerpt":{"rendered":"<p>Altura de la planta:M: 25\/30cmExterior \/ InteriorCuidados y especificaciones: Cantidad de agua: Baja \/ MediaCantidad de sol: BajoAltura estimada de crecimiento: 80 cmTierra: Sustrato Profesional NaddeosComplemento recomendado: Fertilizante de FollajeMaceta de Pl\u00e1stico PremiumMaterial pl\u00e1stico duro muy resistente y de excelente calidad, se puede lavar sin sacar ni deste\u00f1ir la pintura y no se mancha con &hellip;<\/p>\n<p class=\"read-more\"> <a class=\"\" href=\"https:\/\/naddeos.com\/en\/producto\/helechos-m-en-premium-22\/\"> <span class=\"screen-reader-text\">Fern M in Premium 22<\/span> Read More &raquo;<\/a><\/p>","protected":false},"featured_media":5655,"template":"","meta":{"site-sidebar-layout":"","site-content-layout":"","ast-main-header-display":"","ast-hfb-above-header-display":"","ast-hfb-below-header-display":"","ast-hfb-mobile-header-display":"","site-post-title":"","ast-breadcrumbs-content":"","ast-featured-img":"","footer-sml-layout":"","theme-transparent-header-meta":"","adv-header-id-meta":"","stick-header-meta":"","header-above-stick-meta":"","header-main-stick-meta":"","header-below-stick-meta":""},"product_cat":[69,68,16],"product_tag":[],"class_list":["post-13784","product","type-product","status-publish","has-post-thumbnail","hentry","product_cat-combos-de-exterior","product_cat-combos-de-interior","product_cat-combos","product_shipping_class-logistica-naddeos"],"_links":{"self":[{"href":"https:\/\/naddeos.com\/en\/wp-json\/wp\/v2\/product\/13784","targetHints":{"allow":["GET"]}}],"collection":[{"href":"https:\/\/naddeos.com\/en\/wp-json\/wp\/v2\/product"}],"about":[{"href":"https:\/\/naddeos.com\/en\/wp-json\/wp\/v2\/types\/product"}],"wp:featuredmedia":[{"embeddable":true,"href":"https:\/\/naddeos.com\/en\/wp-json\/wp\/v2\/media\/5655"}],"wp:attachment":[{"href":"https:\/\/naddeos.com\/en\/wp-json\/wp\/v2\/media?parent=13784"}],"wp:term":[{"taxonomy":"product_cat","embeddable":true,"href":"https:\/\/naddeos.com\/en\/wp-json\/wp\/v2\/product_cat?post=13784"},{"taxonomy":"product_tag","embeddable":true,"href":"https:\/\/naddeos.com\/en\/wp-json\/wp\/v2\/product_tag?post=13784"}],"curies":[{"name":"wp","href":"https:\/\/api.w.org\/{rel}","templated":true}]}}