{"id":13661,"date":"2022-05-20T14:13:05","date_gmt":"2022-05-20T17:13:05","guid":{"rendered":"https:\/\/naddeos.com\/?post_type=product&#038;p=13661"},"modified":"2024-10-31T15:50:56","modified_gmt":"2024-10-31T18:50:56","slug":"ficus-arbolito-l-en-jarron-liso-35","status":"publish","type":"product","link":"https:\/\/naddeos.com\/en\/producto\/ficus-arbolito-l-en-jarron-liso-35\/","title":{"rendered":"Ficus Tree L in Jarron Smooth 35"},"content":{"rendered":"<p><strong>Ficus Arbolito L<\/strong><\/p>\n<p>Plant height<\/p>\n<p>L: 80\/110cm<\/p>\n<p><strong>Exterior \/ Interior<\/strong><\/p>\n<p><strong>Care and specifications:<\/strong><\/p>\n<p>Cantidad de agua: Baja \/ Media<\/p>\n<p>Cantidad de sol: Bajo \/ Medio \/ Alto<\/p>\n<p>Altura estimada de crecimiento: 300 cm<\/p>\n<p>Earth: Substrate Professional Naddeos<\/p>\n<p>Add the preferred Fertilizer for Foliage<\/p>\n<p><strong>Maceta de Polietileno Rotomoldeado<\/strong><\/p>\n<p>El material con el cual trabajamos permite que puedan estar expuestas al calor del sol o la lluvia, al contar con protecci\u00f3n UV, no se decoloran, ni resecan con el sol. Al mismo tiempo, este material es muy ligero, una maceta pesa entre 0,5kg y 1,5kg depende el tama\u00f1o, permitiendoles ser transportadas f\u00e1cilmente.<\/p>\n<p>Nuestra propuesta en macetas rotomoldeadas en polietileno posee una gran variedad de colores disponibles para que puedas combinarlos en el interior y exterior de una casa, departamento u oficina.<\/p>\n<p><strong>Pie Porta Macetas N\u00f3rdico<\/strong><\/p>\n<p>Nuestros pies poseen una hidro-laca protectora que adem\u00e1s de proteger la madera le da una terminaci\u00f3n natural sin ning\u00fan tipo de tonalidad. Cuenta con una estructura<\/p>\n<p>reforzada con tornillos y cola, que sumado a la calidad de la madera Eucalipto le da una gran solidez y resistencia.<\/p>\n<p>&nbsp;<\/p>\n<p>Los ficus pertenecen a la familia de las Mor\u00e1ceas y hay m\u00e1s de 800 variedades distintas, lo que hace que se puedan encontrar plantas perennes, otras caducas as\u00ed como arbustos, trepadoras y hasta \u00e1rboles de gran tama\u00f1o. Se adaptan muy bien al clima mediterr\u00e1neo y si est\u00e1n bien cuidadas son muy longevas. De hecho, se encuentran entre las 20 plantas de interior m\u00e1s resistentes.<\/p>\n<p>Es conveniente cambiar los ficus de maceta cada cierto tiempo, ya que cuando son j\u00f3venes crecen muy r\u00e1pido y si no disponen de espacio suficiente para las ra\u00edces se puede estropear, por lo que es recomendable trasladarlas a otro recipiente un poco m\u00e1s amplio cada dos a\u00f1os. Para no tener dudas, puedes encontrar aqu\u00ed trucos para cuidar tus plantas en macetas.<\/p>\n<p>CUIDADOS DEL FICUS<\/p>\n<p>Los ficus necesitan una iluminaci\u00f3n abundante, pero sin que les d\u00e9 directamente los rayos del sol. En invierno es importante que reciban bastante luz y en verano se pueden sacar al exterior, pero en un lugar con semisombra para que no les da\u00f1e el sol.<\/p>\n<p>La mejor temperatura para un buen desarrollo est\u00e1 entre los 20 y 25\u00ba C y hay que tener en cuenta que no toleran muy bien los cambios bruscos. Necesitan un ambiente c\u00e1lido y h\u00famedo, por lo que tendr\u00e1s que pulverizarlo frecuentemente con agua. Y tomar buena nota de estos cuidados para las plantas durante el fr\u00edo.<\/p>\n<p>Son plantas que se adaptan perfectamente a un ambiente seco pero, para que aguanten bien, hay que regarlas adecuadamente. En verano, una vez por semana, y en invierno, cada 15 d\u00edas, teniendo cuidado de no encharcar las ra\u00edces. Evita el agua muy fr\u00eda y es conveniente pulverizar las hojas dos veces por semana, para mantener la humedad. Para que la planta respire mejor, limpia las hojas con un trapo h\u00famedo. Si tienes un percance por un descuido o ausencia mira c\u00f3mo puedes recuperar tus plantas secas.<\/p>\n<p>Durante el crecimiento, abona cada 15 d\u00edas, puedes hacerlo aplicando un fertilizante l\u00edquido espec\u00edfico, rico en calcio, magnesio y boro. Con ejemplares adultos bastar\u00e1 con que cambies unos cent\u00edmetros de la capa superficial.Siguiendo estos consejos, tendr\u00e1s tus ficus y tus plantas de interior fuertes y sanas.<\/p>\n<p>Quer\u00e9s s\u00f3lo la planta? <a href=\"https:\/\/naddeos.com\/en\/producto\/ficus-arbolito-l-xl\/\">Toca ac\u00e1<\/a><\/p>\n<p>Seguinos en nuestro instagram <a href=\"https:\/\/www.instagram.com\/viveronaddeos\/\">@viveronaddeos<\/a> para ver todas nuestras ofertas y ejemplares \u00fanicos en stock!<\/p>","protected":false},"excerpt":{"rendered":"<p>Ficus Arbolito L Altura de la planta: L: 80\/110cm Exterior \/ Interior Cuidados y especificaciones: Cantidad de agua: Baja \/ Media Cantidad de sol: Bajo \/ Medio \/ Alto Altura estimada de crecimiento: 300 cm Tierra: Sustrato Profesional Naddeos Complemento recomendado: Fertilizante de Follaje Maceta de Polietileno Rotomoldeado El material con el cual trabajamos permite &hellip;<\/p>\n<p class=\"read-more\"> <a class=\"\" href=\"https:\/\/naddeos.com\/en\/producto\/ficus-arbolito-l-en-jarron-liso-35\/\"> <span class=\"screen-reader-text\">Ficus Tree L in Jarron Smooth 35<\/span> Read More &raquo;<\/a><\/p>","protected":false},"featured_media":5421,"template":"","meta":{"om_disable_all_campaigns":false,"site-sidebar-layout":"","site-content-layout":"","ast-main-header-display":"","ast-hfb-above-header-display":"","ast-hfb-below-header-display":"","ast-hfb-mobile-header-display":"","site-post-title":"","ast-breadcrumbs-content":"","ast-featured-img":"","footer-sml-layout":"","theme-transparent-header-meta":"","adv-header-id-meta":"","stick-header-meta":"","header-above-stick-meta":"","header-main-stick-meta":"","header-below-stick-meta":""},"product_cat":[69,68,16],"product_tag":[],"class_list":["post-13661","product","type-product","status-publish","has-post-thumbnail","hentry","product_cat-combos-de-exterior","product_cat-combos-de-interior","product_cat-combos","product_shipping_class-logistica-naddeos"],"yoast_head":"<!-- This site is optimized with the Yoast SEO plugin v19.7.1 - https:\/\/yoast.com\/wordpress\/plugins\/seo\/ -->\n<title>Ficus Arbolito L en Jarron Liso 35 - Naddeos<\/title>\n<meta name=\"robots\" content=\"index, follow, max-snippet:-1, max-image-preview:large, max-video-preview:-1\" \/>\n<link rel=\"canonical\" href=\"https:\/\/naddeos.com\/en\/producto\/ficus-arbolito-l-en-jarron-liso-35\/\" \/>\n<meta property=\"og:locale\" content=\"en_US\" \/>\n<meta property=\"og:type\" content=\"article\" \/>\n<meta property=\"og:title\" content=\"Ficus Arbolito L en Jarron Liso 35 - Naddeos\" \/>\n<meta property=\"og:description\" content=\"Ficus Arbolito L Altura de la planta: L: 80\/110cm Exterior \/ Interior Cuidados y especificaciones: Cantidad de agua: Baja \/ Media Cantidad de sol: Bajo \/ Medio \/ Alto Altura estimada de crecimiento: 300 cm Tierra: Sustrato Profesional Naddeos Complemento recomendado: Fertilizante de Follaje Maceta de Polietileno Rotomoldeado El material con el cual trabajamos permite &hellip; Ficus Arbolito L en Jarron Liso 35 Read More &raquo;\" \/>\n<meta property=\"og:url\" content=\"https:\/\/naddeos.com\/en\/producto\/ficus-arbolito-l-en-jarron-liso-35\/\" \/>\n<meta property=\"og:site_name\" content=\"Naddeos\" \/>\n<meta property=\"article:publisher\" content=\"https:\/\/www.facebook.com\/naddeos\" \/>\n<meta property=\"article:modified_time\" content=\"2024-10-31T18:50:56+00:00\" \/>\n<meta name=\"twitter:card\" content=\"summary_large_image\" \/>\n<meta name=\"twitter:label1\" content=\"Est. reading time\" \/>\n\t<meta name=\"twitter:data1\" content=\"3 minutes\" \/>\n<script type=\"application\/ld+json\" class=\"yoast-schema-graph\">{\"@context\":\"https:\/\/schema.org\",\"@graph\":[{\"@type\":\"WebPage\",\"@id\":\"https:\/\/naddeos.com\/producto\/ficus-arbolito-l-en-jarron-liso-35\/\",\"url\":\"https:\/\/naddeos.com\/producto\/ficus-arbolito-l-en-jarron-liso-35\/\",\"name\":\"Ficus Arbolito L en Jarron Liso 35 - Naddeos\",\"isPartOf\":{\"@id\":\"https:\/\/naddeos.com\/#website\"},\"datePublished\":\"2022-05-20T17:13:05+00:00\",\"dateModified\":\"2024-10-31T18:50:56+00:00\",\"breadcrumb\":{\"@id\":\"https:\/\/naddeos.com\/producto\/ficus-arbolito-l-en-jarron-liso-35\/#breadcrumb\"},\"inLanguage\":\"en-US\",\"potentialAction\":[{\"@type\":\"ReadAction\",\"target\":[\"https:\/\/naddeos.com\/producto\/ficus-arbolito-l-en-jarron-liso-35\/\"]}]},{\"@type\":\"BreadcrumbList\",\"@id\":\"https:\/\/naddeos.com\/producto\/ficus-arbolito-l-en-jarron-liso-35\/#breadcrumb\",\"itemListElement\":[{\"@type\":\"ListItem\",\"position\":1,\"name\":\"Portada\",\"item\":\"https:\/\/naddeos.com\/\"},{\"@type\":\"ListItem\",\"position\":2,\"name\":\"Tienda\",\"item\":\"https:\/\/naddeos.com\/tienda\/\"},{\"@type\":\"ListItem\",\"position\":3,\"name\":\"Ficus Arbolito L en Jarron Liso 35\"}]},{\"@type\":\"WebSite\",\"@id\":\"https:\/\/naddeos.com\/#website\",\"url\":\"https:\/\/naddeos.com\/\",\"name\":\"Naddeos\",\"description\":\"Naddeos Vivero Online\",\"publisher\":{\"@id\":\"https:\/\/naddeos.com\/#organization\"},\"potentialAction\":[{\"@type\":\"SearchAction\",\"target\":{\"@type\":\"EntryPoint\",\"urlTemplate\":\"https:\/\/naddeos.com\/?s={search_term_string}\"},\"query-input\":\"required name=search_term_string\"}],\"inLanguage\":\"en-US\"},{\"@type\":\"Organization\",\"@id\":\"https:\/\/naddeos.com\/#organization\",\"name\":\"Vivero Naddeos\",\"url\":\"https:\/\/naddeos.com\/\",\"sameAs\":[\"https:\/\/www.instagram.com\/viveronaddeos\/\",\"https:\/\/www.facebook.com\/naddeos\"],\"logo\":{\"@type\":\"ImageObject\",\"inLanguage\":\"en-US\",\"@id\":\"https:\/\/naddeos.com\/#\/schema\/logo\/image\/\",\"url\":\"https:\/\/naddeos.com\/wp-content\/uploads\/2022\/09\/naddeos-logo-super-small-small.png\",\"contentUrl\":\"https:\/\/naddeos.com\/wp-content\/uploads\/2022\/09\/naddeos-logo-super-small-small.png\",\"width\":139,\"height\":72,\"caption\":\"Vivero Naddeos\"},\"image\":{\"@id\":\"https:\/\/naddeos.com\/#\/schema\/logo\/image\/\"}}]}<\/script>\n<!-- \/ Yoast SEO plugin. -->","yoast_head_json":{"title":"Ficus Arbolito L en Jarron Liso 35 - Naddeos","robots":{"index":"index","follow":"follow","max-snippet":"max-snippet:-1","max-image-preview":"max-image-preview:large","max-video-preview":"max-video-preview:-1"},"canonical":"https:\/\/naddeos.com\/en\/producto\/ficus-arbolito-l-en-jarron-liso-35\/","og_locale":"en_US","og_type":"article","og_title":"Ficus Arbolito L en Jarron Liso 35 - Naddeos","og_description":"Ficus Arbolito L Altura de la planta: L: 80\/110cm Exterior \/ Interior Cuidados y especificaciones: Cantidad de agua: Baja \/ Media Cantidad de sol: Bajo \/ Medio \/ Alto Altura estimada de crecimiento: 300 cm Tierra: Sustrato Profesional Naddeos Complemento recomendado: Fertilizante de Follaje Maceta de Polietileno Rotomoldeado El material con el cual trabajamos permite &hellip; Ficus Arbolito L en Jarron Liso 35 Read More &raquo;","og_url":"https:\/\/naddeos.com\/en\/producto\/ficus-arbolito-l-en-jarron-liso-35\/","og_site_name":"Naddeos","article_publisher":"https:\/\/www.facebook.com\/naddeos","article_modified_time":"2024-10-31T18:50:56+00:00","twitter_card":"summary_large_image","twitter_misc":{"Est. reading time":"3 minutes"},"schema":{"@context":"https:\/\/schema.org","@graph":[{"@type":"WebPage","@id":"https:\/\/naddeos.com\/producto\/ficus-arbolito-l-en-jarron-liso-35\/","url":"https:\/\/naddeos.com\/producto\/ficus-arbolito-l-en-jarron-liso-35\/","name":"Ficus Arbolito L en Jarron Liso 35 - Naddeos","isPartOf":{"@id":"https:\/\/naddeos.com\/#website"},"datePublished":"2022-05-20T17:13:05+00:00","dateModified":"2024-10-31T18:50:56+00:00","breadcrumb":{"@id":"https:\/\/naddeos.com\/producto\/ficus-arbolito-l-en-jarron-liso-35\/#breadcrumb"},"inLanguage":"en-US","potentialAction":[{"@type":"ReadAction","target":["https:\/\/naddeos.com\/producto\/ficus-arbolito-l-en-jarron-liso-35\/"]}]},{"@type":"BreadcrumbList","@id":"https:\/\/naddeos.com\/producto\/ficus-arbolito-l-en-jarron-liso-35\/#breadcrumb","itemListElement":[{"@type":"ListItem","position":1,"name":"Portada","item":"https:\/\/naddeos.com\/"},{"@type":"ListItem","position":2,"name":"Tienda","item":"https:\/\/naddeos.com\/tienda\/"},{"@type":"ListItem","position":3,"name":"Ficus Arbolito L en Jarron Liso 35"}]},{"@type":"WebSite","@id":"https:\/\/naddeos.com\/#website","url":"https:\/\/naddeos.com\/","name":"Naddeos","description":"Naddeos Vivero Online","publisher":{"@id":"https:\/\/naddeos.com\/#organization"},"potentialAction":[{"@type":"SearchAction","target":{"@type":"EntryPoint","urlTemplate":"https:\/\/naddeos.com\/?s={search_term_string}"},"query-input":"required name=search_term_string"}],"inLanguage":"en-US"},{"@type":"Organization","@id":"https:\/\/naddeos.com\/#organization","name":"Vivero Naddeos","url":"https:\/\/naddeos.com\/","sameAs":["https:\/\/www.instagram.com\/viveronaddeos\/","https:\/\/www.facebook.com\/naddeos"],"logo":{"@type":"ImageObject","inLanguage":"en-US","@id":"https:\/\/naddeos.com\/#\/schema\/logo\/image\/","url":"https:\/\/naddeos.com\/wp-content\/uploads\/2022\/09\/naddeos-logo-super-small-small.png","contentUrl":"https:\/\/naddeos.com\/wp-content\/uploads\/2022\/09\/naddeos-logo-super-small-small.png","width":139,"height":72,"caption":"Vivero Naddeos"},"image":{"@id":"https:\/\/naddeos.com\/#\/schema\/logo\/image\/"}}]}},"_links":{"self":[{"href":"https:\/\/naddeos.com\/en\/wp-json\/wp\/v2\/product\/13661","targetHints":{"allow":["GET"]}}],"collection":[{"href":"https:\/\/naddeos.com\/en\/wp-json\/wp\/v2\/product"}],"about":[{"href":"https:\/\/naddeos.com\/en\/wp-json\/wp\/v2\/types\/product"}],"wp:featuredmedia":[{"embeddable":true,"href":"https:\/\/naddeos.com\/en\/wp-json\/wp\/v2\/media\/5421"}],"wp:attachment":[{"href":"https:\/\/naddeos.com\/en\/wp-json\/wp\/v2\/media?parent=13661"}],"wp:term":[{"taxonomy":"product_cat","embeddable":true,"href":"https:\/\/naddeos.com\/en\/wp-json\/wp\/v2\/product_cat?post=13661"},{"taxonomy":"product_tag","embeddable":true,"href":"https:\/\/naddeos.com\/en\/wp-json\/wp\/v2\/product_tag?post=13661"}],"curies":[{"name":"wp","href":"https:\/\/api.w.org\/{rel}","templated":true}]}}