{"id":13456,"date":"2022-05-20T14:11:19","date_gmt":"2022-05-20T17:11:19","guid":{"rendered":"https:\/\/naddeos.com\/?post_type=product&#038;p=13456"},"modified":"2026-04-08T12:24:25","modified_gmt":"2026-04-08T15:24:25","slug":"buxus-xl-en-piramidal-rayado","status":"publish","type":"product","link":"https:\/\/naddeos.com\/en\/producto\/buxus-xl-en-piramidal-rayado\/","title":{"rendered":"Buxus XL Pyramid Scratch"},"content":{"rendered":"<p><strong data-mce-fragment=\"1\">Plant height<\/strong><br data-mce-fragment=\"1\" \/><span data-mce-fragment=\"1\">XL: 40CM<\/span><br data-mce-fragment=\"1\" \/><strong data-mce-fragment=\"1\">Exterior<\/strong><br data-mce-fragment=\"1\" \/><br data-mce-fragment=\"1\" \/><br data-mce-fragment=\"1\" \/><strong data-mce-fragment=\"1\">Care and specifications:<\/strong><br data-mce-fragment=\"1\" \/><span data-mce-fragment=\"1\">Amount of water: Medium<\/span><br data-mce-fragment=\"1\" \/><span data-mce-fragment=\"1\">Amount of sun: Medium \/ High<\/span><br data-mce-fragment=\"1\" \/><span data-mce-fragment=\"1\">Altura estimada de crecimiento: 100 cm<\/span><br data-mce-fragment=\"1\" \/><span data-mce-fragment=\"1\">Earth: Substrate Professional Naddeos<\/span><br data-mce-fragment=\"1\" \/><span data-mce-fragment=\"1\">Add the preferred Fertilizer for Foliage<\/span><br data-mce-fragment=\"1\" \/><br data-mce-fragment=\"1\" \/><br data-mce-fragment=\"1\" \/><strong data-mce-fragment=\"1\">Maceta de Pl\u00e1stico Premium<\/strong><br data-mce-fragment=\"1\" \/><span data-mce-fragment=\"1\">Material pl\u00e1stico duro muy resistente y de excelente calidad, <\/span><span data-mce-fragment=\"1\">se puede lavar sin sacar ni deste\u00f1ir la pintura y no se <\/span><span data-mce-fragment=\"1\">mancha con la tierra del jard\u00edn. Es apta para dejar a la <\/span><span data-mce-fragment=\"1\">intemperie, aunque su terminado brilloso hace que sea <\/span><span data-mce-fragment=\"1\">ideal para decorar ambientes interiores.<\/span><\/p>","protected":false},"excerpt":{"rendered":"<p>Altura de la planta:XL: 40CMExteriorCuidados y especificaciones:Cantidad de agua: MediaCantidad de sol: Medio \/ AltoAltura estimada de crecimiento: 100 cmTierra: Sustrato Profesional NaddeosComplemento recomendado: Fertilizante de FollajeMaceta de Pl\u00e1stico PremiumMaterial pl\u00e1stico duro muy resistente y de excelente calidad, se puede lavar sin sacar ni deste\u00f1ir la pintura y no se mancha con la tierra del &hellip;<\/p>\n<p class=\"read-more\"> <a class=\"\" href=\"https:\/\/naddeos.com\/en\/producto\/buxus-xl-en-piramidal-rayado\/\"> <span class=\"screen-reader-text\">Buxus XL Pyramid Scratch<\/span> Read More &raquo;<\/a><\/p>","protected":false},"featured_media":5105,"template":"","meta":{"site-sidebar-layout":"","site-content-layout":"","ast-main-header-display":"","ast-hfb-above-header-display":"","ast-hfb-below-header-display":"","ast-hfb-mobile-header-display":"","site-post-title":"","ast-breadcrumbs-content":"","ast-featured-img":"","footer-sml-layout":"","theme-transparent-header-meta":"","adv-header-id-meta":"","stick-header-meta":"","header-above-stick-meta":"","header-main-stick-meta":"","header-below-stick-meta":""},"product_cat":[69,16],"product_tag":[],"class_list":["post-13456","product","type-product","status-publish","has-post-thumbnail","hentry","product_cat-combos-de-exterior","product_cat-combos","product_shipping_class-logistica-naddeos"],"_links":{"self":[{"href":"https:\/\/naddeos.com\/en\/wp-json\/wp\/v2\/product\/13456","targetHints":{"allow":["GET"]}}],"collection":[{"href":"https:\/\/naddeos.com\/en\/wp-json\/wp\/v2\/product"}],"about":[{"href":"https:\/\/naddeos.com\/en\/wp-json\/wp\/v2\/types\/product"}],"wp:featuredmedia":[{"embeddable":true,"href":"https:\/\/naddeos.com\/en\/wp-json\/wp\/v2\/media\/5105"}],"wp:attachment":[{"href":"https:\/\/naddeos.com\/en\/wp-json\/wp\/v2\/media?parent=13456"}],"wp:term":[{"taxonomy":"product_cat","embeddable":true,"href":"https:\/\/naddeos.com\/en\/wp-json\/wp\/v2\/product_cat?post=13456"},{"taxonomy":"product_tag","embeddable":true,"href":"https:\/\/naddeos.com\/en\/wp-json\/wp\/v2\/product_tag?post=13456"}],"curies":[{"name":"wp","href":"https:\/\/api.w.org\/{rel}","templated":true}]}}