{"id":1128,"date":"2022-01-12T16:45:44","date_gmt":"2022-01-12T19:45:44","guid":{"rendered":"http:\/\/naddeos.com\/?post_type=product&#038;p=1128"},"modified":"2024-10-31T15:47:14","modified_gmt":"2024-10-31T18:47:14","slug":"espanola","status":"publish","type":"product","link":"https:\/\/naddeos.com\/en\/producto\/espanola\/","title":{"rendered":"Spanish"},"content":{"rendered":"<div><strong>Medidas disponibles<\/strong><br data-mce-fragment=\"1\" \/>35 cm Alto x 35 cm Di\u00e1metro<\/div>\n<div>45 cm Alto x 45 cm Di\u00e1metro<\/div>\n<div><span data-mce-fragment=\"1\">60 cm Alto x 60 cm Di\u00e1metro<\/span><br data-mce-fragment=\"1\" \/><span data-mce-fragment=\"1\">70 cm Alto x 70 cm Di\u00e1metro<\/span><\/div>\n<div><span data-mce-fragment=\"1\">80 cm Alto x 90 cm Di\u00e1metro<\/p>\n<p><\/span><\/div>\n<p><br data-mce-fragment=\"1\" \/><strong data-mce-fragment=\"1\">Polietileno Rotomoldeado<\/strong><br data-mce-fragment=\"1\" \/><span data-mce-fragment=\"1\">El material con el cual trabajamos permite que las macetas puedan estar expuestas al calor del sol o la lluvia, al contar con protecci\u00f3n UV, no se decoloran, ni resecan. Al mismo tiempo, este material es muy ligero, una maceta pesa entre 0,5kg y 1,5kg depende el tama\u00f1o, permitiendo trasladarlas f\u00e1cilmente.<\/span><br data-mce-fragment=\"1\" \/><br data-mce-fragment=\"1\" \/><span data-mce-fragment=\"1\">Nuestra propuesta en macetas de Polietileno Rotomoldeado posee una gran variedad de colores disponibles y tienen terminaciones s\u00faper est\u00e9ticas, lo que hace que se luzcan en el interior y exterior de una casa, departamento u oficina.<\/span><\/p>","protected":false},"excerpt":{"rendered":"<p>Medidas disponibles35 cm Alto x 35 cm Di\u00e1metro 45 cm Alto x 45 cm Di\u00e1metro 60 cm Alto x 60 cm Di\u00e1metro70 cm Alto x 70 cm Di\u00e1metro 80 cm Alto x 90 cm Di\u00e1metro Polietileno RotomoldeadoEl material con el cual trabajamos permite que las macetas puedan estar expuestas al calor del sol o la &hellip;<\/p>\n<p class=\"read-more\"> <a class=\"\" href=\"https:\/\/naddeos.com\/en\/producto\/espanola\/\"> <span class=\"screen-reader-text\">Spanish<\/span> Read More &raquo;<\/a><\/p>","protected":false},"featured_media":1184,"template":"","meta":{"site-sidebar-layout":"default","site-content-layout":"default","ast-main-header-display":"","ast-hfb-above-header-display":"","ast-hfb-below-header-display":"","ast-hfb-mobile-header-display":"","site-post-title":"","ast-breadcrumbs-content":"","ast-featured-img":"","footer-sml-layout":"","theme-transparent-header-meta":"default","adv-header-id-meta":"","stick-header-meta":"","header-above-stick-meta":"","header-main-stick-meta":"","header-below-stick-meta":""},"product_cat":[52,18],"product_tag":[],"class_list":["post-1128","product","type-product","status-publish","has-post-thumbnail","hentry","product_cat-rotomoldeo","product_cat-macetas","product_shipping_class-logistica-naddeos"],"_links":{"self":[{"href":"https:\/\/naddeos.com\/en\/wp-json\/wp\/v2\/product\/1128","targetHints":{"allow":["GET"]}}],"collection":[{"href":"https:\/\/naddeos.com\/en\/wp-json\/wp\/v2\/product"}],"about":[{"href":"https:\/\/naddeos.com\/en\/wp-json\/wp\/v2\/types\/product"}],"wp:featuredmedia":[{"embeddable":true,"href":"https:\/\/naddeos.com\/en\/wp-json\/wp\/v2\/media\/1184"}],"wp:attachment":[{"href":"https:\/\/naddeos.com\/en\/wp-json\/wp\/v2\/media?parent=1128"}],"wp:term":[{"taxonomy":"product_cat","embeddable":true,"href":"https:\/\/naddeos.com\/en\/wp-json\/wp\/v2\/product_cat?post=1128"},{"taxonomy":"product_tag","embeddable":true,"href":"https:\/\/naddeos.com\/en\/wp-json\/wp\/v2\/product_tag?post=1128"}],"curies":[{"name":"wp","href":"https:\/\/api.w.org\/{rel}","templated":true}]}}