{"id":265,"date":"2022-01-04T12:14:32","date_gmt":"2022-01-04T15:14:32","guid":{"rendered":"http:\/\/naddeos.com\/?page_id=265"},"modified":"2025-10-26T16:08:49","modified_gmt":"2025-10-26T19:08:49","slug":"politicas-de-envio","status":"publish","type":"page","link":"https:\/\/naddeos.com\/en\/politicas-de-envio\/","title":{"rendered":"Shipping policies"},"content":{"rendered":"<div data-elementor-type=\"wp-page\" data-elementor-id=\"265\" class=\"elementor elementor-265\">\n\t\t\t\t\t\t\t<div class=\"elementor-element elementor-element-b2dbaa7 e-container--row e-container\" data-id=\"b2dbaa7\" data-element_type=\"container\" data-settings=\"{&quot;background_background&quot;:&quot;classic&quot;}\">\t\t\t\t<div class=\"elementor-element elementor-element-4c2750e elementor-widget elementor-widget-heading\" data-id=\"4c2750e\" data-element_type=\"widget\" data-widget_type=\"heading.default\">\n\t\t\t\t<div class=\"elementor-widget-container\">\n\t\t\t<style>\/*! elementor - v3.7.7 - 20-09-2022 *\/\n.elementor-heading-title{padding:0;margin:0;line-height:1}.elementor-widget-heading .elementor-heading-title[class*=elementor-size-]>a{color:inherit;font-size:inherit;line-height:inherit}.elementor-widget-heading .elementor-heading-title.elementor-size-small{font-size:15px}.elementor-widget-heading .elementor-heading-title.elementor-size-medium{font-size:19px}.elementor-widget-heading .elementor-heading-title.elementor-size-large{font-size:29px}.elementor-widget-heading .elementor-heading-title.elementor-size-xl{font-size:39px}.elementor-widget-heading .elementor-heading-title.elementor-size-xxl{font-size:59px}<\/style><h1 class=\"elementor-heading-title elementor-size-default\">OUR LOGISTICS<\/h1>\t\t<\/div>\n\t\t\t\t<\/div>\n\t\t<\/div><div class=\"elementor-element elementor-element-7ed513e e-container--row e-container\" data-id=\"7ed513e\" data-element_type=\"container\">\t\t<div class=\"elementor-element elementor-element-fa288f1 e-container--column e-container\" data-id=\"fa288f1\" data-element_type=\"container\">\t\t\t\t<div class=\"elementor-element elementor-element-9925283 elementor-widget elementor-widget-image\" data-id=\"9925283\" data-element_type=\"widget\" data-widget_type=\"image.default\">\n\t\t\t\t<div class=\"elementor-widget-container\">\n\t\t\t<style>\/*! elementor - v3.7.7 - 20-09-2022 *\/\n.elementor-widget-image{text-align:center}.elementor-widget-image a{display:inline-block}.elementor-widget-image a img[src$=\".svg\"]{width:48px}.elementor-widget-image img{vertical-align:middle;display:inline-block}<\/style>\t\t\t\t\t\t\t\t\t\t\t\t<img loading=\"lazy\" decoding=\"async\" width=\"3189\" height=\"2126\" src=\"https:\/\/naddeos.com\/wp-content\/uploads\/2022\/02\/online-shopping-2021-09-24-03-02-32-utc.png\" class=\"attachment-full size-full\" alt=\"\" srcset=\"https:\/\/naddeos.com\/wp-content\/uploads\/2022\/02\/online-shopping-2021-09-24-03-02-32-utc.png 3189w, https:\/\/naddeos.com\/wp-content\/uploads\/2022\/02\/online-shopping-2021-09-24-03-02-32-utc-300x200.png 300w, https:\/\/naddeos.com\/wp-content\/uploads\/2022\/02\/online-shopping-2021-09-24-03-02-32-utc-600x400.png 600w, https:\/\/naddeos.com\/wp-content\/uploads\/2022\/02\/online-shopping-2021-09-24-03-02-32-utc-64x43.png 64w, https:\/\/naddeos.com\/wp-content\/uploads\/2022\/02\/online-shopping-2021-09-24-03-02-32-utc-1024x683.png 1024w, https:\/\/naddeos.com\/wp-content\/uploads\/2022\/02\/online-shopping-2021-09-24-03-02-32-utc-768x512.png 768w, https:\/\/naddeos.com\/wp-content\/uploads\/2022\/02\/online-shopping-2021-09-24-03-02-32-utc-1536x1024.png 1536w, https:\/\/naddeos.com\/wp-content\/uploads\/2022\/02\/online-shopping-2021-09-24-03-02-32-utc-2048x1365.png 2048w\" sizes=\"auto, (max-width: 3189px) 100vw, 3189px\" \/>\t\t\t\t\t\t\t\t\t\t\t\t\t\t\t<\/div>\n\t\t\t\t<\/div>\n\t\t<\/div><div class=\"elementor-element elementor-element-9b0181f e-container--column e-container\" data-id=\"9b0181f\" data-element_type=\"container\">\t\t\t\t<div class=\"elementor-element elementor-element-794a06f animated-slow elementor-invisible elementor-widget elementor-widget-heading\" data-id=\"794a06f\" data-element_type=\"widget\" data-settings=\"{&quot;_animation&quot;:&quot;slideInRight&quot;,&quot;_animation_delay&quot;:100}\" data-widget_type=\"heading.default\">\n\t\t\t\t<div class=\"elementor-widget-container\">\n\t\t\t<h2 class=\"elementor-heading-title elementor-size-default\">Welcome to Naddeos<\/h2>\t\t<\/div>\n\t\t\t\t<\/div>\n\t\t\t\t<div class=\"elementor-element elementor-element-875640c elementor-widget elementor-widget-heading\" data-id=\"875640c\" data-element_type=\"widget\" data-widget_type=\"heading.default\">\n\t\t\t\t<div class=\"elementor-widget-container\">\n\t\t\t<h2 class=\"elementor-heading-title elementor-size-default\">SHIPPING POLICIES<\/h2>\t\t<\/div>\n\t\t\t\t<\/div>\n\t\t\t\t<div class=\"elementor-element elementor-element-6196ad3 elementor-widget-divider--view-line elementor-invisible elementor-widget elementor-widget-divider\" data-id=\"6196ad3\" data-element_type=\"widget\" data-settings=\"{&quot;_animation&quot;:&quot;slideInRight&quot;,&quot;_animation_delay&quot;:450}\" data-widget_type=\"divider.default\">\n\t\t\t\t<div class=\"elementor-widget-container\">\n\t\t\t<style>\/*! elementor - v3.7.7 - 20-09-2022 *\/\n.elementor-widget-divider{--divider-border-style:none;--divider-border-width:1px;--divider-color:#2c2c2c;--divider-icon-size:20px;--divider-element-spacing:10px;--divider-pattern-height:24px;--divider-pattern-size:20px;--divider-pattern-url:none;--divider-pattern-repeat:repeat-x}.elementor-widget-divider .elementor-divider{display:-webkit-box;display:-ms-flexbox;display:flex}.elementor-widget-divider .elementor-divider__text{font-size:15px;line-height:1;max-width:95%}.elementor-widget-divider .elementor-divider__element{margin:0 var(--divider-element-spacing);-ms-flex-negative:0;flex-shrink:0}.elementor-widget-divider .elementor-icon{font-size:var(--divider-icon-size)}.elementor-widget-divider .elementor-divider-separator{display:-webkit-box;display:-ms-flexbox;display:flex;margin:0;direction:ltr}.elementor-widget-divider--view-line_icon .elementor-divider-separator,.elementor-widget-divider--view-line_text .elementor-divider-separator{-webkit-box-align:center;-ms-flex-align:center;align-items:center}.elementor-widget-divider--view-line_icon .elementor-divider-separator:after,.elementor-widget-divider--view-line_icon .elementor-divider-separator:before,.elementor-widget-divider--view-line_text .elementor-divider-separator:after,.elementor-widget-divider--view-line_text .elementor-divider-separator:before{display:block;content:\"\";border-bottom:0;-webkit-box-flex:1;-ms-flex-positive:1;flex-grow:1;border-top:var(--divider-border-width) var(--divider-border-style) var(--divider-color)}.elementor-widget-divider--element-align-left .elementor-divider .elementor-divider-separator>.elementor-divider__svg:first-of-type{-webkit-box-flex:0;-ms-flex-positive:0;flex-grow:0;-ms-flex-negative:100;flex-shrink:100}.elementor-widget-divider--element-align-left .elementor-divider-separator:before{content:none}.elementor-widget-divider--element-align-left .elementor-divider__element{margin-left:0}.elementor-widget-divider--element-align-right .elementor-divider .elementor-divider-separator>.elementor-divider__svg:last-of-type{-webkit-box-flex:0;-ms-flex-positive:0;flex-grow:0;-ms-flex-negative:100;flex-shrink:100}.elementor-widget-divider--element-align-right .elementor-divider-separator:after{content:none}.elementor-widget-divider--element-align-right .elementor-divider__element{margin-right:0}.elementor-widget-divider:not(.elementor-widget-divider--view-line_text):not(.elementor-widget-divider--view-line_icon) .elementor-divider-separator{border-top:var(--divider-border-width) var(--divider-border-style) var(--divider-color)}.elementor-widget-divider--separator-type-pattern{--divider-border-style:none}.elementor-widget-divider--separator-type-pattern.elementor-widget-divider--view-line .elementor-divider-separator,.elementor-widget-divider--separator-type-pattern:not(.elementor-widget-divider--view-line) .elementor-divider-separator:after,.elementor-widget-divider--separator-type-pattern:not(.elementor-widget-divider--view-line) .elementor-divider-separator:before,.elementor-widget-divider--separator-type-pattern:not([class*=elementor-widget-divider--view]) .elementor-divider-separator{width:100%;min-height:var(--divider-pattern-height);-webkit-mask-size:var(--divider-pattern-size) 100%;mask-size:var(--divider-pattern-size) 100%;-webkit-mask-repeat:var(--divider-pattern-repeat);mask-repeat:var(--divider-pattern-repeat);background-color:var(--divider-color);-webkit-mask-image:var(--divider-pattern-url);mask-image:var(--divider-pattern-url)}.elementor-widget-divider--no-spacing{--divider-pattern-size:auto}.elementor-widget-divider--bg-round{--divider-pattern-repeat:round}.rtl .elementor-widget-divider .elementor-divider__text{direction:rtl}.e-container>.elementor-widget-divider{width:var(--container-widget-width,100%);--flex-grow:var(--container-widget-flex-grow,0)}<\/style>\t\t<div class=\"elementor-divider\">\n\t\t\t<span class=\"elementor-divider-separator\">\n\t\t\t\t\t\t<\/span>\n\t\t<\/div>\n\t\t\t\t<\/div>\n\t\t\t\t<\/div>\n\t\t\t\t<div class=\"elementor-element elementor-element-be904ab animated-slow elementor-invisible elementor-widget elementor-widget-text-editor\" data-id=\"be904ab\" data-element_type=\"widget\" data-settings=\"{&quot;_animation&quot;:&quot;slideInRight&quot;,&quot;_animation_delay&quot;:650}\" data-widget_type=\"text-editor.default\">\n\t\t\t\t<div class=\"elementor-widget-container\">\n\t\t\t<style>\/*! elementor - v3.7.7 - 20-09-2022 *\/\n.elementor-widget-text-editor.elementor-drop-cap-view-stacked .elementor-drop-cap{background-color:#818a91;color:#fff}.elementor-widget-text-editor.elementor-drop-cap-view-framed .elementor-drop-cap{color:#818a91;border:3px solid;background-color:transparent}.elementor-widget-text-editor:not(.elementor-drop-cap-view-default) .elementor-drop-cap{margin-top:8px}.elementor-widget-text-editor:not(.elementor-drop-cap-view-default) .elementor-drop-cap-letter{width:1em;height:1em}.elementor-widget-text-editor .elementor-drop-cap{float:left;text-align:center;line-height:1;font-size:50px}.elementor-widget-text-editor .elementor-drop-cap-letter{display:inline-block}<\/style>\t\t\t\t<p><span style=\"color: #4a4a4a; font-family: Abel, sans-serif;\">The shipments are previously agreed upon based on your availability and the availability of the Operational area of Naddeo&#039;s. once you have made your purchase, we will communicate with you via WhatsApp to coordinate the day and time slot for the delivery. The delivery time is 2 to 5 business days.<\/span><\/p>\t\t\t\t\t\t<\/div>\n\t\t\t\t<\/div>\n\t\t<\/div><\/div><div class=\"elementor-element elementor-element-3e6db62 e-container--row e-container\" data-id=\"3e6db62\" data-element_type=\"container\">\t\t<div class=\"elementor-element elementor-element-c461a09 e-container--column e-container\" data-id=\"c461a09\" data-element_type=\"container\">\t\t\t\t<div class=\"elementor-element elementor-element-4a3e136 elementor-widget elementor-widget-heading\" data-id=\"4a3e136\" data-element_type=\"widget\" data-settings=\"{&quot;_animation_mobile&quot;:&quot;fadeInLeft&quot;}\" data-widget_type=\"heading.default\">\n\t\t\t\t<div class=\"elementor-widget-container\">\n\t\t\t<h2 class=\"elementor-heading-title elementor-size-default\">SHIPPING COSTS<\/h2>\t\t<\/div>\n\t\t\t\t<\/div>\n\t\t<div class=\"elementor-element elementor-element-c6662d9 e-container--row e-container\" data-id=\"c6662d9\" data-element_type=\"container\">\t\t<div class=\"elementor-element elementor-element-bde6d27 e-container--column e-container\" data-id=\"bde6d27\" data-element_type=\"container\" data-settings=\"{&quot;animation_mobile&quot;:&quot;fadeInRight&quot;}\">\t\t\t\t<div class=\"elementor-element elementor-element-c001df7 elementor-view-stacked elementor-position-left elementor-vertical-align-middle elementor-shape-circle elementor-mobile-position-top elementor-widget elementor-widget-icon-box\" data-id=\"c001df7\" data-element_type=\"widget\" data-widget_type=\"icon-box.default\">\n\t\t\t\t<div class=\"elementor-widget-container\">\n\t\t\t<link rel=\"stylesheet\" href=\"https:\/\/naddeos.com\/wp-content\/plugins\/elementor\/assets\/css\/widget-icon-box.min.css\">\t\t<div class=\"elementor-icon-box-wrapper\">\n\t\t\t\t\t\t<div class=\"elementor-icon-box-icon\">\n\t\t\t\t<span class=\"elementor-icon elementor-animation-\" >\n\t\t\t\t<i aria-hidden=\"true\" class=\"fas fa-shipping-fast\"><\/i>\t\t\t\t<\/span>\n\t\t\t<\/div>\n\t\t\t\t\t\t<div class=\"elementor-icon-box-content\">\n\t\t\t\t<h3 class=\"elementor-icon-box-title\">\n\t\t\t\t\t<span  >\n\t\t\t\t\t\tC.A.B.A. - $20.000\t\t\t\t\t<\/span>\n\t\t\t\t<\/h3>\n\t\t\t\t\t\t\t\t\t<p class=\"elementor-icon-box-description\">\n\t\t\t\t\t\tEntrega en CABA en Compras hasta $149.999\t\t\t\t\t<\/p>\n\t\t\t\t\t\t\t<\/div>\n\t\t<\/div>\n\t\t\t\t<\/div>\n\t\t\t\t<\/div>\n\t\t<\/div><div class=\"elementor-element elementor-element-303aa5d e-container--column e-container\" data-id=\"303aa5d\" data-element_type=\"container\" data-settings=\"{&quot;animation_mobile&quot;:&quot;fadeInRight&quot;}\">\t\t\t\t<div class=\"elementor-element elementor-element-6724e40 elementor-view-stacked elementor-position-left elementor-vertical-align-middle elementor-shape-circle elementor-mobile-position-top elementor-widget elementor-widget-icon-box\" data-id=\"6724e40\" data-element_type=\"widget\" data-widget_type=\"icon-box.default\">\n\t\t\t\t<div class=\"elementor-widget-container\">\n\t\t\t\t\t<div class=\"elementor-icon-box-wrapper\">\n\t\t\t\t\t\t<div class=\"elementor-icon-box-icon\">\n\t\t\t\t<span class=\"elementor-icon elementor-animation-\" >\n\t\t\t\t<i aria-hidden=\"true\" class=\"fas fa-gift\"><\/i>\t\t\t\t<\/span>\n\t\t\t<\/div>\n\t\t\t\t\t\t<div class=\"elementor-icon-box-content\">\n\t\t\t\t<h3 class=\"elementor-icon-box-title\">\n\t\t\t\t\t<span  >\n\t\t\t\t\t\tC. A. B. A. - SHIPPING TEMPERED\t\t\t\t\t<\/span>\n\t\t\t\t<\/h3>\n\t\t\t\t\t\t\t\t\t<p class=\"elementor-icon-box-description\">\n\t\t\t\t\t\tEntrega en CABA en Compras mayores a $150.000\t\t\t\t\t<\/p>\n\t\t\t\t\t\t\t<\/div>\n\t\t<\/div>\n\t\t\t\t<\/div>\n\t\t\t\t<\/div>\n\t\t<\/div><\/div><div class=\"elementor-element elementor-element-aaad98e e-container--row e-container\" data-id=\"aaad98e\" data-element_type=\"container\">\t\t<div class=\"elementor-element elementor-element-fe679ca e-container--column e-container\" data-id=\"fe679ca\" data-element_type=\"container\" data-settings=\"{&quot;animation_mobile&quot;:&quot;fadeInRight&quot;}\">\t\t\t\t<div class=\"elementor-element elementor-element-1c8a789 elementor-view-stacked elementor-position-left elementor-vertical-align-middle elementor-shape-circle elementor-mobile-position-top elementor-widget elementor-widget-icon-box\" data-id=\"1c8a789\" data-element_type=\"widget\" data-widget_type=\"icon-box.default\">\n\t\t\t\t<div class=\"elementor-widget-container\">\n\t\t\t\t\t<div class=\"elementor-icon-box-wrapper\">\n\t\t\t\t\t\t<div class=\"elementor-icon-box-icon\">\n\t\t\t\t<span class=\"elementor-icon elementor-animation-\" >\n\t\t\t\t<i aria-hidden=\"true\" class=\"fas fa-shipping-fast\"><\/i>\t\t\t\t<\/span>\n\t\t\t<\/div>\n\t\t\t\t\t\t<div class=\"elementor-icon-box-content\">\n\t\t\t\t<h3 class=\"elementor-icon-box-title\">\n\t\t\t\t\t<span  >\n\t\t\t\t\t\tG.B.A. - $35.000\t\t\t\t\t<\/span>\n\t\t\t\t<\/h3>\n\t\t\t\t\t\t\t\t\t<p class=\"elementor-icon-box-description\">\n\t\t\t\t\t\tEntrega en GBA en Compras hasta $199.000\t\t\t\t\t<\/p>\n\t\t\t\t\t\t\t<\/div>\n\t\t<\/div>\n\t\t\t\t<\/div>\n\t\t\t\t<\/div>\n\t\t<\/div><div class=\"elementor-element elementor-element-9e391a6 e-container--column e-container\" data-id=\"9e391a6\" data-element_type=\"container\" data-settings=\"{&quot;animation_mobile&quot;:&quot;fadeInRight&quot;}\">\t\t\t\t<div class=\"elementor-element elementor-element-ae9bf10 elementor-view-stacked elementor-position-left elementor-vertical-align-middle elementor-shape-circle elementor-mobile-position-top elementor-widget elementor-widget-icon-box\" data-id=\"ae9bf10\" data-element_type=\"widget\" data-widget_type=\"icon-box.default\">\n\t\t\t\t<div class=\"elementor-widget-container\">\n\t\t\t\t\t<div class=\"elementor-icon-box-wrapper\">\n\t\t\t\t\t\t<div class=\"elementor-icon-box-icon\">\n\t\t\t\t<span class=\"elementor-icon elementor-animation-\" >\n\t\t\t\t<i aria-hidden=\"true\" class=\"fas fa-gift\"><\/i>\t\t\t\t<\/span>\n\t\t\t<\/div>\n\t\t\t\t\t\t<div class=\"elementor-icon-box-content\">\n\t\t\t\t<h3 class=\"elementor-icon-box-title\">\n\t\t\t\t\t<span  >\n\t\t\t\t\t\tG. B. A. - SHIPPING TEMPERED\t\t\t\t\t<\/span>\n\t\t\t\t<\/h3>\n\t\t\t\t\t\t\t\t\t<p class=\"elementor-icon-box-description\">\n\t\t\t\t\t\tEntrega en GBA en Compras mayores a $200.000\t\t\t\t\t<\/p>\n\t\t\t\t\t\t\t<\/div>\n\t\t<\/div>\n\t\t\t\t<\/div>\n\t\t\t\t<\/div>\n\t\t<\/div><\/div><\/div><\/div><div class=\"elementor-element elementor-element-4a111e8 e-container--row e-container\" data-id=\"4a111e8\" data-element_type=\"container\">\t\t<div class=\"elementor-element elementor-element-0b22938 e-container--column e-container\" data-id=\"0b22938\" data-element_type=\"container\">\t\t<div class=\"elementor-element elementor-element-7724066 e-container--row e-container\" data-id=\"7724066\" data-element_type=\"container\">\t\t<div class=\"elementor-element elementor-element-106cd8d e-container--column e-container\" data-id=\"106cd8d\" data-element_type=\"container\">\t\t\t\t<div class=\"elementor-element elementor-element-9964ebf elementor-hidden-phone animated-slow elementor-view-default elementor-invisible elementor-widget elementor-widget-icon\" data-id=\"9964ebf\" data-element_type=\"widget\" data-settings=\"{&quot;_animation&quot;:&quot;slideInRight&quot;,&quot;_animation_delay&quot;:900}\" data-widget_type=\"icon.default\">\n\t\t\t\t<div class=\"elementor-widget-container\">\n\t\t\t\t\t<div class=\"elementor-icon-wrapper\">\n\t\t\t<div class=\"elementor-icon\">\n\t\t\t<i aria-hidden=\"true\" class=\"far fa-calendar-alt\"><\/i>\t\t\t<\/div>\n\t\t<\/div>\n\t\t\t\t<\/div>\n\t\t\t\t<\/div>\n\t\t\t\t<div class=\"elementor-element elementor-element-fdafb15 animated-slow elementor-invisible elementor-widget elementor-widget-heading\" data-id=\"fdafb15\" data-element_type=\"widget\" data-settings=\"{&quot;_animation&quot;:&quot;slideInRight&quot;}\" data-widget_type=\"heading.default\">\n\t\t\t\t<div class=\"elementor-widget-container\">\n\t\t\t<h2 class=\"elementor-heading-title elementor-size-default\">SHIPPING DAYS<\/h2>\t\t<\/div>\n\t\t\t\t<\/div>\n\t\t\t\t<div class=\"elementor-element elementor-element-accbd13 elementor-invisible elementor-widget elementor-widget-text-editor\" data-id=\"accbd13\" data-element_type=\"widget\" data-settings=\"{&quot;_animation&quot;:&quot;slideInRight&quot;,&quot;_animation_delay&quot;:600}\" data-widget_type=\"text-editor.default\">\n\t\t\t\t<div class=\"elementor-widget-container\">\n\t\t\t\t\t\t\t<p style=\"margin-bottom: 20px; color: #4a4a4a; font-family: Abel, sans-serif; font-size: 16px; font-style: normal; font-weight: 400; text-align: center;\">The shipments are previously agreed within days\u00a0<span style=\"font-weight: bold;\">Tuesday and Thursday<\/span><\/p><p style=\"margin-bottom: 20px; color: #4a4a4a; font-family: Abel, sans-serif; font-size: 16px; font-style: normal; font-weight: 400;\">Our Logistics starts in the morning delivering in the Area North and ends in the evening in the Southern Area. The timezone will be informed once agreed the day, and on the day of the delivery we&#039;ll let you know when your order is the next in the cast, so that you&#039;re ready to receive it!\u00a0<\/p>\t\t\t\t\t\t<\/div>\n\t\t\t\t<\/div>\n\t\t\t\t<div class=\"elementor-element elementor-element-248286e animated-slow elementor-invisible elementor-widget elementor-widget-image\" data-id=\"248286e\" data-element_type=\"widget\" data-settings=\"{&quot;_animation&quot;:&quot;slideInLeft&quot;}\" data-widget_type=\"image.default\">\n\t\t\t\t<div class=\"elementor-widget-container\">\n\t\t\t\t\t\t\t\t\t\t\t\t\t\t\t<img loading=\"lazy\" decoding=\"async\" width=\"768\" height=\"480\" src=\"https:\/\/naddeos.com\/wp-content\/uploads\/2022\/02\/CALENDARIO-768x480.png\" class=\"attachment-medium_large size-medium_large\" alt=\"\" srcset=\"https:\/\/naddeos.com\/wp-content\/uploads\/2022\/02\/CALENDARIO-768x480.png 768w, https:\/\/naddeos.com\/wp-content\/uploads\/2022\/02\/CALENDARIO-300x187.png 300w, https:\/\/naddeos.com\/wp-content\/uploads\/2022\/02\/CALENDARIO-600x375.png 600w, https:\/\/naddeos.com\/wp-content\/uploads\/2022\/02\/CALENDARIO-64x40.png 64w, https:\/\/naddeos.com\/wp-content\/uploads\/2022\/02\/CALENDARIO-1024x640.png 1024w, https:\/\/naddeos.com\/wp-content\/uploads\/2022\/02\/CALENDARIO-1536x960.png 1536w, https:\/\/naddeos.com\/wp-content\/uploads\/2022\/02\/CALENDARIO.png 1890w\" sizes=\"auto, (max-width: 768px) 100vw, 768px\" \/>\t\t\t\t\t\t\t\t\t\t\t\t\t\t\t<\/div>\n\t\t\t\t<\/div>\n\t\t<\/div><\/div><\/div><\/div><div class=\"elementor-element elementor-element-851ff41 e-container--row e-container\" data-id=\"851ff41\" data-element_type=\"container\" data-settings=\"{&quot;background_background&quot;:&quot;classic&quot;}\">\t\t<div class=\"elementor-element elementor-element-c7a0f2c e-container--column e-container\" data-id=\"c7a0f2c\" data-element_type=\"container\">\t\t<div class=\"elementor-element elementor-element-3c23e0f e-container--row e-container\" data-id=\"3c23e0f\" data-element_type=\"container\">\t\t<div class=\"elementor-element elementor-element-3fa7fb8 e-container--column e-container\" data-id=\"3fa7fb8\" data-element_type=\"container\">\t\t\t\t<div class=\"elementor-element elementor-element-6cda18d animated-slow elementor-view-default elementor-invisible elementor-widget elementor-widget-icon\" data-id=\"6cda18d\" data-element_type=\"widget\" data-settings=\"{&quot;_animation&quot;:&quot;fadeInUp&quot;,&quot;_animation_delay&quot;:800}\" data-widget_type=\"icon.default\">\n\t\t\t\t<div class=\"elementor-widget-container\">\n\t\t\t\t\t<div class=\"elementor-icon-wrapper\">\n\t\t\t<a class=\"elementor-icon\" href=\"https:\/\/www.instagram.com\/viveronaddeos\/\">\n\t\t\t<i aria-hidden=\"true\" class=\"fab fa-instagram\"><\/i>\t\t\t<\/a>\n\t\t<\/div>\n\t\t\t\t<\/div>\n\t\t\t\t<\/div>\n\t\t\t\t<div class=\"elementor-element elementor-element-7817e9b animated-slow elementor-widget-divider--view-line elementor-invisible elementor-widget elementor-widget-divider\" data-id=\"7817e9b\" data-element_type=\"widget\" data-settings=\"{&quot;_animation&quot;:&quot;fadeInUp&quot;,&quot;_animation_delay&quot;:550}\" data-widget_type=\"divider.default\">\n\t\t\t\t<div class=\"elementor-widget-container\">\n\t\t\t\t\t<div class=\"elementor-divider\">\n\t\t\t<span class=\"elementor-divider-separator\">\n\t\t\t\t\t\t<\/span>\n\t\t<\/div>\n\t\t\t\t<\/div>\n\t\t\t\t<\/div>\n\t\t\t\t<div class=\"elementor-element elementor-element-c6d6c2e animated-slow elementor-invisible elementor-widget elementor-widget-heading\" data-id=\"c6d6c2e\" data-element_type=\"widget\" data-settings=\"{&quot;_animation&quot;:&quot;fadeInUp&quot;,&quot;_animation_delay&quot;:400}\" data-widget_type=\"heading.default\">\n\t\t\t\t<div class=\"elementor-widget-container\">\n\t\t\t<h2 class=\"elementor-heading-title elementor-size-default\"><a href=\"https:\/\/www.instagram.com\/viveronaddeos\/\">Vivero Naddeos<\/a><\/h2>\t\t<\/div>\n\t\t\t\t<\/div>\n\t\t\t\t<div class=\"elementor-element elementor-element-0fa27d6 animated-slow elementor-invisible elementor-widget elementor-widget-pa-link-effects\" data-id=\"0fa27d6\" data-element_type=\"widget\" data-settings=\"{&quot;_animation&quot;:&quot;fadeInUp&quot;,&quot;_animation_delay&quot;:150}\" data-widget_type=\"pa-link-effects.default\">\n\t\t\t\t<div class=\"elementor-widget-container\">\n\t\t\t\t\t<div class=\"pp-link-container\">\n\t\t\t<a href=\"https:\/\/www.instagram.com\/viveronaddeos\/\" class=\"pp-link pp-link-effect-1\" >\n\t\t\t\t<span >\n\t\t\t\t\t@viveronaddeos\t\t\t\t<\/span>\n\t\t\t\t\t\t\t<\/a>\n\t\t<\/div>\n\t\t\t\t<\/div>\n\t\t\t\t<\/div>\n\t\t<\/div><\/div><\/div><\/div>\t\t\t\t\t<\/div>","protected":false},"excerpt":{"rendered":"<p>NUESTRA LOG\u00cdSTICA Bienvenid@ a Naddeos POL\u00cdTICAS DE ENV\u00cdO Los env\u00edos son previamente pactados seg\u00fan\u00a0t\u00fa disponibilidad\u00a0y la disponibilidad del \u00e1rea Operativa de Naddeo&#8217;s. Una vez realizada tu compra nos comunicaremos con vos v\u00eda WhatsApp para coordinar el d\u00eda y franja horaria de la\u00a0entrega. El plazo de entrega es de 2 a 5 d\u00edas h\u00e1biles. COSTOS DE &hellip;<\/p>\n<p class=\"read-more\"> <a class=\"\" href=\"https:\/\/naddeos.com\/en\/politicas-de-envio\/\"> <span class=\"screen-reader-text\">Shipping policies<\/span> Read More &raquo;<\/a><\/p>","protected":false},"author":1,"featured_media":0,"parent":0,"menu_order":0,"comment_status":"closed","ping_status":"closed","template":"","meta":{"site-sidebar-layout":"no-sidebar","site-content-layout":"page-builder","ast-main-header-display":"","ast-hfb-above-header-display":"","ast-hfb-below-header-display":"","ast-hfb-mobile-header-display":"","site-post-title":"disabled","ast-breadcrumbs-content":"","ast-featured-img":"disabled","footer-sml-layout":"","theme-transparent-header-meta":"","adv-header-id-meta":"","stick-header-meta":"","header-above-stick-meta":"","header-main-stick-meta":"","header-below-stick-meta":"","footnotes":""},"class_list":["post-265","page","type-page","status-publish","hentry"],"_links":{"self":[{"href":"https:\/\/naddeos.com\/en\/wp-json\/wp\/v2\/pages\/265","targetHints":{"allow":["GET"]}}],"collection":[{"href":"https:\/\/naddeos.com\/en\/wp-json\/wp\/v2\/pages"}],"about":[{"href":"https:\/\/naddeos.com\/en\/wp-json\/wp\/v2\/types\/page"}],"author":[{"embeddable":true,"href":"https:\/\/naddeos.com\/en\/wp-json\/wp\/v2\/users\/1"}],"replies":[{"embeddable":true,"href":"https:\/\/naddeos.com\/en\/wp-json\/wp\/v2\/comments?post=265"}],"version-history":[{"count":52,"href":"https:\/\/naddeos.com\/en\/wp-json\/wp\/v2\/pages\/265\/revisions"}],"predecessor-version":[{"id":21207,"href":"https:\/\/naddeos.com\/en\/wp-json\/wp\/v2\/pages\/265\/revisions\/21207"}],"wp:attachment":[{"href":"https:\/\/naddeos.com\/en\/wp-json\/wp\/v2\/media?parent=265"}],"curies":[{"name":"wp","href":"https:\/\/api.w.org\/{rel}","templated":true}]}}