{"id":19319,"date":"2024-10-14T14:16:28","date_gmt":"2024-10-14T17:16:28","guid":{"rendered":"https:\/\/naddeos.com\/?page_id=19319"},"modified":"2025-10-26T13:44:19","modified_gmt":"2025-10-26T16:44:19","slug":"nosotros","status":"publish","type":"page","link":"https:\/\/naddeos.com\/en\/nosotros\/","title":{"rendered":"Nosotros"},"content":{"rendered":"<div data-elementor-type=\"wp-page\" data-elementor-id=\"19319\" class=\"elementor elementor-19319\">\n\t\t\t\t\t\t\t<div class=\"elementor-element elementor-element-58fd84b e-container--column e-container\" data-id=\"58fd84b\" data-element_type=\"container\" data-settings=\"{&quot;background_background&quot;:&quot;classic&quot;}\">\t\t\t\t<div class=\"elementor-element elementor-element-705b7e9 elementor-widget elementor-widget-heading\" data-id=\"705b7e9\" data-element_type=\"widget\" data-widget_type=\"heading.default\">\n\t\t\t\t<div class=\"elementor-widget-container\">\n\t\t\t<style>\/*! elementor - v3.7.7 - 20-09-2022 *\/\n.elementor-heading-title{padding:0;margin:0;line-height:1}.elementor-widget-heading .elementor-heading-title[class*=elementor-size-]>a{color:inherit;font-size:inherit;line-height:inherit}.elementor-widget-heading .elementor-heading-title.elementor-size-small{font-size:15px}.elementor-widget-heading .elementor-heading-title.elementor-size-medium{font-size:19px}.elementor-widget-heading .elementor-heading-title.elementor-size-large{font-size:29px}.elementor-widget-heading .elementor-heading-title.elementor-size-xl{font-size:39px}.elementor-widget-heading .elementor-heading-title.elementor-size-xxl{font-size:59px}<\/style><h2 class=\"elementor-heading-title elementor-size-default\">EXPERTOS EN PLANTAS Y DISE\u00d1O<\/h2>\t\t<\/div>\n\t\t\t\t<\/div>\n\t\t\t\t<div class=\"elementor-element elementor-element-e20f99b animated-slow elementor-invisible elementor-widget elementor-widget-heading\" data-id=\"e20f99b\" data-element_type=\"widget\" data-settings=\"{&quot;_animation&quot;:&quot;fadeInUp&quot;,&quot;_animation_delay&quot;:1500}\" data-widget_type=\"heading.default\">\n\t\t\t\t<div class=\"elementor-widget-container\">\n\t\t\t<h2 class=\"elementor-heading-title elementor-size-default\">In Nature We Trust.<\/h2>\t\t<\/div>\n\t\t\t\t<\/div>\n\t\t<\/div><div class=\"elementor-element elementor-element-d0ab0b6 e-container--row e-container\" data-id=\"d0ab0b6\" data-element_type=\"container\" data-settings=\"{&quot;background_background&quot;:&quot;classic&quot;}\">\t\t<div class=\"elementor-element elementor-element-99e8213 e-container--column e-container\" data-id=\"99e8213\" data-element_type=\"container\">\t\t\t\t<div class=\"elementor-element elementor-element-5d7371d elementor-widget elementor-widget-heading\" data-id=\"5d7371d\" data-element_type=\"widget\" data-settings=\"{&quot;_animation_mobile&quot;:&quot;fadeIn&quot;}\" data-widget_type=\"heading.default\">\n\t\t\t\t<div class=\"elementor-widget-container\">\n\t\t\t<h2 class=\"elementor-heading-title elementor-size-default\">QUI\u00c9NES SOMOS<\/h2>\t\t<\/div>\n\t\t\t\t<\/div>\n\t\t\t\t<div class=\"elementor-element elementor-element-c89562c elementor-widget elementor-widget-text-editor\" data-id=\"c89562c\" data-element_type=\"widget\" data-widget_type=\"text-editor.default\">\n\t\t\t\t<div class=\"elementor-widget-container\">\n\t\t\t<style>\/*! elementor - v3.7.7 - 20-09-2022 *\/\n.elementor-widget-text-editor.elementor-drop-cap-view-stacked .elementor-drop-cap{background-color:#818a91;color:#fff}.elementor-widget-text-editor.elementor-drop-cap-view-framed .elementor-drop-cap{color:#818a91;border:3px solid;background-color:transparent}.elementor-widget-text-editor:not(.elementor-drop-cap-view-default) .elementor-drop-cap{margin-top:8px}.elementor-widget-text-editor:not(.elementor-drop-cap-view-default) .elementor-drop-cap-letter{width:1em;height:1em}.elementor-widget-text-editor .elementor-drop-cap{float:left;text-align:center;line-height:1;font-size:50px}.elementor-widget-text-editor .elementor-drop-cap-letter{display:inline-block}<\/style>\t\t\t\t<p>Especialistas en dise\u00f1o de espacios naturales<\/p>\t\t\t\t\t\t<\/div>\n\t\t\t\t<\/div>\n\t\t\t\t<div class=\"elementor-element elementor-element-d627591 elementor-widget elementor-widget-text-editor\" data-id=\"d627591\" data-element_type=\"widget\" data-widget_type=\"text-editor.default\">\n\t\t\t\t<div class=\"elementor-widget-container\">\n\t\t\t\t\t\t\t<p>En Naddeo&#8217;s, te conectamos con la naturaleza a trav\u00e9s de una gran variedad de plantas seleccionadas con cuidado y conocimiento. Nuestro vivero ofrece plantas de <span style=\"font-size: 10pt;\"><strong><span style=\"color: #cde3cc;\"><em>alta calidad<\/em><\/span><\/strong><\/span>, y tambi\u00e9n nos encargamos de su plantaci\u00f3n para garantizar su perfecto desarrollo en tu espacio. Adem\u00e1s, nuestro equipo de paisajismo est\u00e1 a disposici\u00f3n para quienes <span style=\"font-size: 10pt;\"><em><strong><span style=\"color: #ccffcc;\">deseen dar<\/span><\/strong><\/em> <span style=\"color: #ccffcc;\"><em><strong>un paso m\u00e1s all\u00e1<\/strong><\/em><\/span><\/span> y convertir su entorno en un lugar <em><strong>\u00fanico y natura<\/strong><strong>l<\/strong><\/em>.<\/p>\t\t\t\t\t\t<\/div>\n\t\t\t\t<\/div>\n\t\t<\/div><div class=\"elementor-element elementor-element-67578b7 e-container--column e-container\" data-id=\"67578b7\" data-element_type=\"container\">\t\t<div class=\"elementor-element elementor-element-7a5884c e-container--column e-container\" data-id=\"7a5884c\" data-element_type=\"container\">\t\t\t\t<div class=\"elementor-element elementor-element-1286846 e-transform elementor-widget elementor-widget-image\" data-id=\"1286846\" data-element_type=\"widget\" data-settings=\"{&quot;_transform_scale_effect_hover&quot;:{&quot;unit&quot;:&quot;px&quot;,&quot;size&quot;:1.1,&quot;sizes&quot;:[]},&quot;_transform_scale_effect_hover_tablet&quot;:{&quot;unit&quot;:&quot;px&quot;,&quot;size&quot;:&quot;&quot;,&quot;sizes&quot;:[]},&quot;_transform_scale_effect_hover_mobile&quot;:{&quot;unit&quot;:&quot;px&quot;,&quot;size&quot;:&quot;&quot;,&quot;sizes&quot;:[]}}\" data-widget_type=\"image.default\">\n\t\t\t\t<div class=\"elementor-widget-container\">\n\t\t\t<style>\/*! elementor - v3.7.7 - 20-09-2022 *\/\n.elementor-widget-image{text-align:center}.elementor-widget-image a{display:inline-block}.elementor-widget-image a img[src$=\".svg\"]{width:48px}.elementor-widget-image img{vertical-align:middle;display:inline-block}<\/style>\t\t\t\t\t\t\t\t\t\t\t\t<img loading=\"lazy\" decoding=\"async\" width=\"768\" height=\"512\" src=\"https:\/\/naddeos.com\/wp-content\/uploads\/2025\/07\/333-scaled-3-768x512.webp\" class=\"attachment-medium_large size-medium_large\" alt=\"\" srcset=\"https:\/\/naddeos.com\/wp-content\/uploads\/2025\/07\/333-scaled-3-768x512.webp 768w, https:\/\/naddeos.com\/wp-content\/uploads\/2025\/07\/333-scaled-3-300x200.webp 300w, https:\/\/naddeos.com\/wp-content\/uploads\/2025\/07\/333-scaled-3-1024x683.webp 1024w, https:\/\/naddeos.com\/wp-content\/uploads\/2025\/07\/333-scaled-3-18x12.webp 18w, https:\/\/naddeos.com\/wp-content\/uploads\/2025\/07\/333-scaled-3-600x400.webp 600w, https:\/\/naddeos.com\/wp-content\/uploads\/2025\/07\/333-scaled-3-64x43.webp 64w, https:\/\/naddeos.com\/wp-content\/uploads\/2025\/07\/333-scaled-3.webp 1080w\" sizes=\"auto, (max-width: 768px) 100vw, 768px\" \/>\t\t\t\t\t\t\t\t\t\t\t\t\t\t\t<\/div>\n\t\t\t\t<\/div>\n\t\t<\/div><\/div><\/div><div class=\"elementor-element elementor-element-d4034cb e-container--column e-container\" data-id=\"d4034cb\" data-element_type=\"container\" data-settings=\"{&quot;background_background&quot;:&quot;classic&quot;}\">\t\t\t\t<div class=\"elementor-element elementor-element-177baa1 elementor-invisible elementor-widget elementor-widget-heading\" data-id=\"177baa1\" data-element_type=\"widget\" data-settings=\"{&quot;_animation&quot;:&quot;fadeIn&quot;}\" data-widget_type=\"heading.default\">\n\t\t\t\t<div class=\"elementor-widget-container\">\n\t\t\t<h2 class=\"elementor-heading-title elementor-size-default\">HISTORIA<\/h2>\t\t<\/div>\n\t\t\t\t<\/div>\n\t\t\t\t<div class=\"elementor-element elementor-element-b7bb85f elementor-invisible elementor-widget elementor-widget-text-editor\" data-id=\"b7bb85f\" data-element_type=\"widget\" data-settings=\"{&quot;_animation&quot;:&quot;fadeIn&quot;}\" data-widget_type=\"text-editor.default\">\n\t\t\t\t<div class=\"elementor-widget-container\">\n\t\t\t\t\t\t\t<p>Naddeo&#8217;s naci\u00f3 en 2017, fruto de la <span style=\"color: #ccffcc;\"><em><strong>pasi\u00f3n familiar por las plantas<\/strong><\/em><\/span>, transmitidas de una madre a sus hijos, que luego con visi\u00f3n y\u00a0 esfuerzo, dos hermanos combinaron su profunda pasi\u00f3n por la naturaleza y el dise\u00f1o, y lo que comenz\u00f3 como un peque\u00f1o vivero familiar, impulsado por el deseo de cultivar y ofrecer <span style=\"color: #ccffcc;\"><em><strong>plantas excepcionales<\/strong><\/em><\/span>, pronto se transform\u00f3 en algo mucho m\u00e1s grande. A lo largo de los a\u00f1os, este emprendimiento creci\u00f3, arraigado en el compromiso con la calidad y el resultado excepcional de cada proyecto.<\/p><p>Hoy, Naddeo&#8217;s es mucho m\u00e1s que un vivero, es un referente en el arte del <span style=\"color: #ccffcc;\"><em><strong>paisajismo, la parquizaci\u00f3n y el dise\u00f1o natural<\/strong><\/em><\/span> en Argentina, donde cada espacio verde que tocamos refleja nuestra pasi\u00f3n por la vida natural y la excelencia, tanto en los procesos como en los resultados. A trav\u00e9s del trabajo duro, la innovaci\u00f3n e incorporaci\u00f3n de nuevas tecnolog\u00edas, seguimos aprendiendo y evolucionando, pero siempre manteniendo nuestras ra\u00edces firmes en los valores que nos vieron crecer.<\/p>\t\t\t\t\t\t<\/div>\n\t\t\t\t<\/div>\n\t\t<\/div><div class=\"elementor-element elementor-element-96fd53d e-container--column e-container\" data-id=\"96fd53d\" data-element_type=\"container\" data-settings=\"{&quot;background_background&quot;:&quot;classic&quot;}\">\t\t<\/div><div class=\"elementor-element elementor-element-1bbfd3c e-container--column e-container\" data-id=\"1bbfd3c\" data-element_type=\"container\" data-settings=\"{&quot;background_background&quot;:&quot;classic&quot;}\">\t\t<div class=\"elementor-element elementor-element-bb1397c e-container--row e-container\" data-id=\"bb1397c\" data-element_type=\"container\" data-settings=\"{&quot;background_background&quot;:&quot;classic&quot;}\">\t\t<div class=\"elementor-element elementor-element-9b326aa animated-slow e-container--column elementor-invisible e-container\" data-id=\"9b326aa\" data-element_type=\"container\" data-settings=\"{&quot;background_background&quot;:&quot;classic&quot;,&quot;animation&quot;:&quot;fadeIn&quot;}\">\t\t\t\t<div class=\"elementor-element elementor-element-14d3020 elementor-widget elementor-widget-image\" data-id=\"14d3020\" data-element_type=\"widget\" data-widget_type=\"image.default\">\n\t\t\t\t<div class=\"elementor-widget-container\">\n\t\t\t\t\t\t\t\t\t\t\t\t\t\t\t<img loading=\"lazy\" decoding=\"async\" width=\"100\" height=\"100\" src=\"https:\/\/naddeos.com\/wp-content\/uploads\/2025\/10\/people-icon-100x100.png\" class=\"attachment-variation_swatches_tooltip_size size-variation_swatches_tooltip_size\" alt=\"\" srcset=\"https:\/\/naddeos.com\/wp-content\/uploads\/2025\/10\/people-icon-100x100.png 100w, https:\/\/naddeos.com\/wp-content\/uploads\/2025\/10\/people-icon-12x12.png 12w, https:\/\/naddeos.com\/wp-content\/uploads\/2025\/10\/people-icon-50x50.png 50w, https:\/\/naddeos.com\/wp-content\/uploads\/2025\/10\/people-icon-64x64.png 64w, https:\/\/naddeos.com\/wp-content\/uploads\/2025\/10\/people-icon.png 128w\" sizes=\"auto, (max-width: 100px) 100vw, 100px\" \/>\t\t\t\t\t\t\t\t\t\t\t\t\t\t\t<\/div>\n\t\t\t\t<\/div>\n\t\t\t\t<div class=\"elementor-element elementor-element-6293ce8 elementor-widget elementor-widget-heading\" data-id=\"6293ce8\" data-element_type=\"widget\" data-widget_type=\"heading.default\">\n\t\t\t\t<div class=\"elementor-widget-container\">\n\t\t\t<h2 class=\"elementor-heading-title elementor-size-default\">Equipo Comprometido<\/h2>\t\t<\/div>\n\t\t\t\t<\/div>\n\t\t\t\t<div class=\"elementor-element elementor-element-83cfbcb elementor-widget elementor-widget-text-editor\" data-id=\"83cfbcb\" data-element_type=\"widget\" data-widget_type=\"text-editor.default\">\n\t\t\t\t<div class=\"elementor-widget-container\">\n\t\t\t\t\t\t\t<p>Un equipo de profesionales apasionados por el paisajismo y el cuidado de plantas, siempre a tu disposici\u00f3n.<\/p>\t\t\t\t\t\t<\/div>\n\t\t\t\t<\/div>\n\t\t<\/div><div class=\"elementor-element elementor-element-050317c animated-slow e-container--column elementor-invisible e-container\" data-id=\"050317c\" data-element_type=\"container\" data-settings=\"{&quot;background_background&quot;:&quot;classic&quot;,&quot;animation&quot;:&quot;fadeIn&quot;}\">\t\t\t\t<div class=\"elementor-element elementor-element-1ca673e elementor-widget elementor-widget-image\" data-id=\"1ca673e\" data-element_type=\"widget\" data-widget_type=\"image.default\">\n\t\t\t\t<div class=\"elementor-widget-container\">\n\t\t\t\t\t\t\t\t\t\t\t\t\t\t\t<img loading=\"lazy\" decoding=\"async\" width=\"100\" height=\"100\" src=\"https:\/\/naddeos.com\/wp-content\/uploads\/2025\/10\/building-icon-100x100.png\" class=\"attachment-variation_swatches_tooltip_size size-variation_swatches_tooltip_size\" alt=\"\" srcset=\"https:\/\/naddeos.com\/wp-content\/uploads\/2025\/10\/building-icon-100x100.png 100w, https:\/\/naddeos.com\/wp-content\/uploads\/2025\/10\/building-icon-12x12.png 12w, https:\/\/naddeos.com\/wp-content\/uploads\/2025\/10\/building-icon-50x50.png 50w, https:\/\/naddeos.com\/wp-content\/uploads\/2025\/10\/building-icon-64x64.png 64w, https:\/\/naddeos.com\/wp-content\/uploads\/2025\/10\/building-icon.png 128w\" sizes=\"auto, (max-width: 100px) 100vw, 100px\" \/>\t\t\t\t\t\t\t\t\t\t\t\t\t\t\t<\/div>\n\t\t\t\t<\/div>\n\t\t\t\t<div class=\"elementor-element elementor-element-45e4c6b elementor-widget elementor-widget-heading\" data-id=\"45e4c6b\" data-element_type=\"widget\" data-widget_type=\"heading.default\">\n\t\t\t\t<div class=\"elementor-widget-container\">\n\t\t\t<h2 class=\"elementor-heading-title elementor-size-default\">Proyectos Empresariales<\/h2>\t\t<\/div>\n\t\t\t\t<\/div>\n\t\t\t\t<div class=\"elementor-element elementor-element-8944f1a elementor-widget elementor-widget-text-editor\" data-id=\"8944f1a\" data-element_type=\"widget\" data-widget_type=\"text-editor.default\">\n\t\t\t\t<div class=\"elementor-widget-container\">\n\t\t\t\t\t\t\t<p>Colaboramos con empresas y municipios para transformar sus espacios en \u00e1reas verdes que inspiran y conectan con la naturaleza.<\/p>\t\t\t\t\t\t<\/div>\n\t\t\t\t<\/div>\n\t\t<\/div><div class=\"elementor-element elementor-element-9274b24 animated-slow e-container--column elementor-invisible e-container\" data-id=\"9274b24\" data-element_type=\"container\" data-settings=\"{&quot;background_background&quot;:&quot;classic&quot;,&quot;animation&quot;:&quot;fadeIn&quot;}\">\t\t\t\t<div class=\"elementor-element elementor-element-6a52758 elementor-widget elementor-widget-image\" data-id=\"6a52758\" data-element_type=\"widget\" data-widget_type=\"image.default\">\n\t\t\t\t<div class=\"elementor-widget-container\">\n\t\t\t\t\t\t\t\t\t\t\t\t\t\t\t<img loading=\"lazy\" decoding=\"async\" width=\"100\" height=\"100\" src=\"https:\/\/naddeos.com\/wp-content\/uploads\/2025\/10\/plants-icon-100x100.png\" class=\"attachment-variation_swatches_tooltip_size size-variation_swatches_tooltip_size\" alt=\"\" srcset=\"https:\/\/naddeos.com\/wp-content\/uploads\/2025\/10\/plants-icon-100x100.png 100w, https:\/\/naddeos.com\/wp-content\/uploads\/2025\/10\/plants-icon-12x12.png 12w, https:\/\/naddeos.com\/wp-content\/uploads\/2025\/10\/plants-icon-50x50.png 50w, https:\/\/naddeos.com\/wp-content\/uploads\/2025\/10\/plants-icon-64x64.png 64w, https:\/\/naddeos.com\/wp-content\/uploads\/2025\/10\/plants-icon.png 128w\" sizes=\"auto, (max-width: 100px) 100vw, 100px\" \/>\t\t\t\t\t\t\t\t\t\t\t\t\t\t\t<\/div>\n\t\t\t\t<\/div>\n\t\t\t\t<div class=\"elementor-element elementor-element-75a9cf1 elementor-widget elementor-widget-heading\" data-id=\"75a9cf1\" data-element_type=\"widget\" data-widget_type=\"heading.default\">\n\t\t\t\t<div class=\"elementor-widget-container\">\n\t\t\t<h2 class=\"elementor-heading-title elementor-size-default\">Calidad de plantas<\/h2>\t\t<\/div>\n\t\t\t\t<\/div>\n\t\t\t\t<div class=\"elementor-element elementor-element-dd67a78 elementor-widget elementor-widget-text-editor\" data-id=\"dd67a78\" data-element_type=\"widget\" data-widget_type=\"text-editor.default\">\n\t\t\t\t<div class=\"elementor-widget-container\">\n\t\t\t\t\t\t\t<p>Garantizamos plantas saludables y de calidad, adaptadas a cada tipo de proyecto y entorno.<\/p>\t\t\t\t\t\t<\/div>\n\t\t\t\t<\/div>\n\t\t<\/div><div class=\"elementor-element elementor-element-8bba807 animated-slow e-container--column elementor-invisible e-container\" data-id=\"8bba807\" data-element_type=\"container\" data-settings=\"{&quot;background_background&quot;:&quot;classic&quot;,&quot;animation&quot;:&quot;fadeIn&quot;}\">\t\t\t\t<div class=\"elementor-element elementor-element-91fb1ee elementor-widget elementor-widget-image\" data-id=\"91fb1ee\" data-element_type=\"widget\" data-widget_type=\"image.default\">\n\t\t\t\t<div class=\"elementor-widget-container\">\n\t\t\t\t\t\t\t\t\t\t\t\t\t\t\t<img loading=\"lazy\" decoding=\"async\" width=\"100\" height=\"100\" src=\"https:\/\/naddeos.com\/wp-content\/uploads\/2025\/10\/buenos-aires-icon-100x100.png\" class=\"attachment-variation_swatches_tooltip_size size-variation_swatches_tooltip_size\" alt=\"\" srcset=\"https:\/\/naddeos.com\/wp-content\/uploads\/2025\/10\/buenos-aires-icon-100x100.png 100w, https:\/\/naddeos.com\/wp-content\/uploads\/2025\/10\/buenos-aires-icon-12x12.png 12w, https:\/\/naddeos.com\/wp-content\/uploads\/2025\/10\/buenos-aires-icon-50x50.png 50w, https:\/\/naddeos.com\/wp-content\/uploads\/2025\/10\/buenos-aires-icon-64x64.png 64w, https:\/\/naddeos.com\/wp-content\/uploads\/2025\/10\/buenos-aires-icon.png 128w\" sizes=\"auto, (max-width: 100px) 100vw, 100px\" \/>\t\t\t\t\t\t\t\t\t\t\t\t\t\t\t<\/div>\n\t\t\t\t<\/div>\n\t\t\t\t<div class=\"elementor-element elementor-element-91fe451 elementor-widget elementor-widget-heading\" data-id=\"91fe451\" data-element_type=\"widget\" data-widget_type=\"heading.default\">\n\t\t\t\t<div class=\"elementor-widget-container\">\n\t\t\t<h2 class=\"elementor-heading-title elementor-size-default\">Argentina<\/h2>\t\t<\/div>\n\t\t\t\t<\/div>\n\t\t\t\t<div class=\"elementor-element elementor-element-28c5c25 elementor-widget elementor-widget-text-editor\" data-id=\"28c5c25\" data-element_type=\"widget\" data-widget_type=\"text-editor.default\">\n\t\t\t\t<div class=\"elementor-widget-container\">\n\t\t\t\t\t\t\t<p>Con base en Buenos Aires, trabajamos en toda la regi\u00f3n para acercar la naturaleza a tu hogar o proyecto.<\/p>\t\t\t\t\t\t<\/div>\n\t\t\t\t<\/div>\n\t\t<\/div><div class=\"elementor-element elementor-element-d1d1225 animated-slow e-container--column elementor-invisible e-container\" data-id=\"d1d1225\" data-element_type=\"container\" data-settings=\"{&quot;background_background&quot;:&quot;classic&quot;,&quot;animation&quot;:&quot;fadeIn&quot;}\">\t\t\t\t<div class=\"elementor-element elementor-element-464f168 elementor-widget elementor-widget-image\" data-id=\"464f168\" data-element_type=\"widget\" data-widget_type=\"image.default\">\n\t\t\t\t<div class=\"elementor-widget-container\">\n\t\t\t\t\t\t\t\t\t\t\t\t\t\t\t<img loading=\"lazy\" decoding=\"async\" width=\"100\" height=\"100\" src=\"https:\/\/naddeos.com\/wp-content\/uploads\/2025\/10\/park-icon-100x100.png\" class=\"attachment-variation_swatches_tooltip_size size-variation_swatches_tooltip_size\" alt=\"\" srcset=\"https:\/\/naddeos.com\/wp-content\/uploads\/2025\/10\/park-icon-100x100.png 100w, https:\/\/naddeos.com\/wp-content\/uploads\/2025\/10\/park-icon-12x12.png 12w, https:\/\/naddeos.com\/wp-content\/uploads\/2025\/10\/park-icon-50x50.png 50w, https:\/\/naddeos.com\/wp-content\/uploads\/2025\/10\/park-icon-64x64.png 64w, https:\/\/naddeos.com\/wp-content\/uploads\/2025\/10\/park-icon.png 128w\" sizes=\"auto, (max-width: 100px) 100vw, 100px\" \/>\t\t\t\t\t\t\t\t\t\t\t\t\t\t\t<\/div>\n\t\t\t\t<\/div>\n\t\t\t\t<div class=\"elementor-element elementor-element-ea8c943 elementor-widget elementor-widget-heading\" data-id=\"ea8c943\" data-element_type=\"widget\" data-widget_type=\"heading.default\">\n\t\t\t\t<div class=\"elementor-widget-container\">\n\t\t\t<h2 class=\"elementor-heading-title elementor-size-default\">Espacios Verdes<\/h2>\t\t<\/div>\n\t\t\t\t<\/div>\n\t\t\t\t<div class=\"elementor-element elementor-element-445a32f elementor-widget elementor-widget-text-editor\" data-id=\"445a32f\" data-element_type=\"widget\" data-widget_type=\"text-editor.default\">\n\t\t\t\t<div class=\"elementor-widget-container\">\n\t\t\t\t\t\t\t<p>Creamos jardines y paisajes que combinan est\u00e9tica y funcionalidad, adaptados a las necesidades del entorno.<\/p>\t\t\t\t\t\t<\/div>\n\t\t\t\t<\/div>\n\t\t<\/div><div class=\"elementor-element elementor-element-6abaa1c animated-slow e-container--column elementor-invisible e-container\" data-id=\"6abaa1c\" data-element_type=\"container\" data-settings=\"{&quot;background_background&quot;:&quot;classic&quot;,&quot;animation&quot;:&quot;fadeIn&quot;}\">\t\t\t\t<div class=\"elementor-element elementor-element-2038f90 elementor-widget elementor-widget-image\" data-id=\"2038f90\" data-element_type=\"widget\" data-widget_type=\"image.default\">\n\t\t\t\t<div class=\"elementor-widget-container\">\n\t\t\t\t\t\t\t\t\t\t\t\t\t\t\t<img loading=\"lazy\" decoding=\"async\" width=\"100\" height=\"100\" src=\"https:\/\/naddeos.com\/wp-content\/uploads\/2025\/10\/chart-icon-100x100.png\" class=\"attachment-variation_swatches_tooltip_size size-variation_swatches_tooltip_size\" alt=\"\" srcset=\"https:\/\/naddeos.com\/wp-content\/uploads\/2025\/10\/chart-icon-100x100.png 100w, https:\/\/naddeos.com\/wp-content\/uploads\/2025\/10\/chart-icon-12x12.png 12w, https:\/\/naddeos.com\/wp-content\/uploads\/2025\/10\/chart-icon-50x50.png 50w, https:\/\/naddeos.com\/wp-content\/uploads\/2025\/10\/chart-icon-64x64.png 64w, https:\/\/naddeos.com\/wp-content\/uploads\/2025\/10\/chart-icon.png 128w\" sizes=\"auto, (max-width: 100px) 100vw, 100px\" \/>\t\t\t\t\t\t\t\t\t\t\t\t\t\t\t<\/div>\n\t\t\t\t<\/div>\n\t\t\t\t<div class=\"elementor-element elementor-element-73e39e7 elementor-widget elementor-widget-heading\" data-id=\"73e39e7\" data-element_type=\"widget\" data-widget_type=\"heading.default\">\n\t\t\t\t<div class=\"elementor-widget-container\">\n\t\t\t<h2 class=\"elementor-heading-title elementor-size-default\">A\u00f1os de Experiencia<\/h2>\t\t<\/div>\n\t\t\t\t<\/div>\n\t\t\t\t<div class=\"elementor-element elementor-element-7c71945 elementor-widget elementor-widget-text-editor\" data-id=\"7c71945\" data-element_type=\"widget\" data-widget_type=\"text-editor.default\">\n\t\t\t\t<div class=\"elementor-widget-container\">\n\t\t\t\t\t\t\t<p>Con m\u00e1s de 8 a\u00f1os esfuerzo y crecimiento, seguimos innovando para ofrecer lo mejor en paisajismo y parquizaci\u00f3n.<\/p>\t\t\t\t\t\t<\/div>\n\t\t\t\t<\/div>\n\t\t<\/div><\/div><\/div><div class=\"elementor-element elementor-element-58a5205 e-container--column e-container\" data-id=\"58a5205\" data-element_type=\"container\">\t\t<div class=\"elementor-element elementor-element-dd4d8e3 e-container--column e-container\" data-id=\"dd4d8e3\" data-element_type=\"container\">\t\t\t\t<div class=\"elementor-element elementor-element-a405647 e-transform elementor-widget elementor-widget-image\" data-id=\"a405647\" data-element_type=\"widget\" data-settings=\"{&quot;_transform_scale_effect_hover&quot;:{&quot;unit&quot;:&quot;px&quot;,&quot;size&quot;:1.1,&quot;sizes&quot;:[]},&quot;_transform_scale_effect_hover_tablet&quot;:{&quot;unit&quot;:&quot;px&quot;,&quot;size&quot;:&quot;&quot;,&quot;sizes&quot;:[]},&quot;_transform_scale_effect_hover_mobile&quot;:{&quot;unit&quot;:&quot;px&quot;,&quot;size&quot;:&quot;&quot;,&quot;sizes&quot;:[]}}\" data-widget_type=\"image.default\">\n\t\t\t\t<div class=\"elementor-widget-container\">\n\t\t\t\t\t\t\t\t\t\t\t\t\t\t\t<img loading=\"lazy\" decoding=\"async\" width=\"799\" height=\"529\" src=\"https:\/\/naddeos.com\/wp-content\/uploads\/2025\/07\/banner-222.webp\" class=\"attachment-full size-full\" alt=\"\" srcset=\"https:\/\/naddeos.com\/wp-content\/uploads\/2025\/07\/banner-222.webp 799w, https:\/\/naddeos.com\/wp-content\/uploads\/2025\/07\/banner-222-300x199.webp 300w, https:\/\/naddeos.com\/wp-content\/uploads\/2025\/07\/banner-222-768x508.webp 768w, https:\/\/naddeos.com\/wp-content\/uploads\/2025\/07\/banner-222-18x12.webp 18w, https:\/\/naddeos.com\/wp-content\/uploads\/2025\/07\/banner-222-600x397.webp 600w, https:\/\/naddeos.com\/wp-content\/uploads\/2025\/07\/banner-222-64x42.webp 64w\" sizes=\"auto, (max-width: 799px) 100vw, 799px\" \/>\t\t\t\t\t\t\t\t\t\t\t\t\t\t\t<\/div>\n\t\t\t\t<\/div>\n\t\t<\/div><\/div>\t\t\t\t\t<\/div>","protected":false},"excerpt":{"rendered":"<p>EXPERTOS EN PLANTAS Y DISE\u00d1O In Nature We Trust. QUI\u00c9NES SOMOS Especialistas en dise\u00f1o de espacios naturales En Naddeo&#8217;s, te conectamos con la naturaleza a trav\u00e9s de una gran variedad de plantas seleccionadas con cuidado y conocimiento. Nuestro vivero ofrece plantas de alta calidad, y tambi\u00e9n nos encargamos de su plantaci\u00f3n para garantizar su perfecto &hellip;<\/p>\n<p class=\"read-more\"> <a class=\"\" href=\"https:\/\/naddeos.com\/en\/nosotros\/\"> <span class=\"screen-reader-text\">Nosotros<\/span> Read More &raquo;<\/a><\/p>","protected":false},"author":5,"featured_media":0,"parent":0,"menu_order":10,"comment_status":"closed","ping_status":"closed","template":"","meta":{"site-sidebar-layout":"no-sidebar","site-content-layout":"page-builder","ast-main-header-display":"","ast-hfb-above-header-display":"","ast-hfb-below-header-display":"","ast-hfb-mobile-header-display":"","site-post-title":"disabled","ast-breadcrumbs-content":"","ast-featured-img":"disabled","footer-sml-layout":"","theme-transparent-header-meta":"","adv-header-id-meta":"","stick-header-meta":"","header-above-stick-meta":"","header-main-stick-meta":"","header-below-stick-meta":"","footnotes":""},"class_list":["post-19319","page","type-page","status-publish","hentry"],"_links":{"self":[{"href":"https:\/\/naddeos.com\/en\/wp-json\/wp\/v2\/pages\/19319","targetHints":{"allow":["GET"]}}],"collection":[{"href":"https:\/\/naddeos.com\/en\/wp-json\/wp\/v2\/pages"}],"about":[{"href":"https:\/\/naddeos.com\/en\/wp-json\/wp\/v2\/types\/page"}],"author":[{"embeddable":true,"href":"https:\/\/naddeos.com\/en\/wp-json\/wp\/v2\/users\/5"}],"replies":[{"embeddable":true,"href":"https:\/\/naddeos.com\/en\/wp-json\/wp\/v2\/comments?post=19319"}],"version-history":[{"count":391,"href":"https:\/\/naddeos.com\/en\/wp-json\/wp\/v2\/pages\/19319\/revisions"}],"predecessor-version":[{"id":21304,"href":"https:\/\/naddeos.com\/en\/wp-json\/wp\/v2\/pages\/19319\/revisions\/21304"}],"wp:attachment":[{"href":"https:\/\/naddeos.com\/en\/wp-json\/wp\/v2\/media?parent=19319"}],"curies":[{"name":"wp","href":"https:\/\/api.w.org\/{rel}","templated":true}]}}